{"id":142,"date":"2013-04-25T20:49:53","date_gmt":"2013-04-25T18:49:53","guid":{"rendered":"http:\/\/www.riviera-raptors.ch\/dev\/?page_id=142"},"modified":"2020-07-09T17:10:43","modified_gmt":"2020-07-09T15:10:43","slug":"la-philosophie","status":"publish","type":"page","link":"https:\/\/www.latelierindigo.ch\/de\/galerie\/la-philosophie\/","title":{"rendered":"Philosophie"},"content":{"rendered":"<h2><strong>Unterricht<\/strong><\/h2>\n<p style=\"text-align: justify;\">F\u00fcr die Aufnahme in diese Zeichenschule ist kein selektives Aufnahmedossier erforderlich. Das Ziel ist nicht, nach Begabungsstufen auszuw\u00e4hlen, sondern das Talent der Sch\u00fclerinnen und Sch\u00fcler zu entfalten und im Laufe der Zeit zu entdecken.<br \/>\nIch freue mich schon darauf, die Fortschritte jedes Einzelnen zu sehen und diese Talente zu entdecken, die nur darauf warten, sich auszudr\u00fccken und zu erbl\u00fchen.<\/p>\n<p style=\"text-align: justify;\">Ich werde auf Ihre W\u00fcnsche eingehen. Das k\u00fcnstlerische Zeichnen und Malen ist ein m\u00fchsamer, langwieriger Lernprozess, der jedoch ein st\u00e4ndiges Gleichgewicht mit sich bringt. Zeit, Arbeit, Ruhe und Geduld sind notwendig.<\/p>\n<p style=\"text-align: justify;\">Sie ist eine wunderbare Lebensschule f\u00fcr die Kleinsten und ein friedlicher Ort f\u00fcr die Gr\u00f6\u00dferen. In der Zeichenschule lernt man Stabilit\u00e4t, Disziplin, Durchhalteverm\u00f6gen, Selbstanspruch, Kreativit\u00e4t, Lernbegierde und Toleranz gegen\u00fcber anderen.<\/p>\n<p style=\"text-align: justify;\">Damit junge Menschen diese wesentlichen Qualit\u00e4ten verinnerlichen, halte ich es f\u00fcr \u00e4u\u00dferst wichtig, ihnen diese Kunstdisziplin anzubieten. Sicherlich muss man ihnen eine Leidenschaft vermitteln, eine T\u00e4tigkeit, die sie ein Leben lang begleiten kann, da es in diesem Bereich keine Alters- oder Sportbeschr\u00e4nkungen gibt.<\/p>\n<p style=\"text-align: justify;\">Aber vor allem wird diese Leidenschaft ihnen gro\u00dfes Gl\u00fcck und rohe Freiheit bringen. Ein gro\u00dfes Dankesch\u00f6n f\u00fcr das Foto an Liliane, Anita, Aurore, Elsa und Lenny, sowie f\u00fcr eure Treue, f\u00fcr unseren w\u00f6chentlichen k\u00fcnstlerischen Austausch, der mir sehr viel bringt. Ich danke allen meinen Sch\u00fclerinnen und Sch\u00fclern von ganzem Herzen.<\/p>\n<p><a href=\"http:\/\/www.latelierindigo.ch\/wp-content\/uploads\/2020\/03\/IMG_2657.jpg\"><img loading=\"lazy\" decoding=\"async\" width=\"640\" height=\"640\" class=\"aligncenter wp-image-1409\" alt=\"\" src=\"http:\/\/www.latelierindigo.ch\/wp-content\/uploads\/2020\/03\/IMG_2657-1024x1024.jpg\" srcset=\"https:\/\/www.latelierindigo.ch\/wp-content\/uploads\/2020\/03\/IMG_2657-1024x1024.jpg 1024w, https:\/\/www.latelierindigo.ch\/wp-content\/uploads\/2020\/03\/IMG_2657-150x150.jpg 150w, https:\/\/www.latelierindigo.ch\/wp-content\/uploads\/2020\/03\/IMG_2657-300x300.jpg 300w, https:\/\/www.latelierindigo.ch\/wp-content\/uploads\/2020\/03\/IMG_2657-768x768.jpg 768w\" sizes=\"auto, (max-width: 640px) 100vw, 640px\" \/><\/a><\/p>\n<p>&nbsp;<\/p>\n<p><a href=\"http:\/\/www.latelierindigo.ch\/wp-content\/uploads\/2020\/03\/IMG_2559.jpg\"><img loading=\"lazy\" decoding=\"async\" width=\"640\" height=\"480\" class=\"aligncenter wp-image-1410 size-large\" alt=\"\" src=\"http:\/\/www.latelierindigo.ch\/wp-content\/uploads\/2020\/03\/IMG_2559-1024x768.jpg\" srcset=\"https:\/\/www.latelierindigo.ch\/wp-content\/uploads\/2020\/03\/IMG_2559-1024x768.jpg 1024w, https:\/\/www.latelierindigo.ch\/wp-content\/uploads\/2020\/03\/IMG_2559-300x225.jpg 300w, https:\/\/www.latelierindigo.ch\/wp-content\/uploads\/2020\/03\/IMG_2559-768x576.jpg 768w\" sizes=\"auto, (max-width: 640px) 100vw, 640px\" \/><\/a><\/p>\n<p><a href=\"http:\/\/www.latelierindigo.ch\/wp-content\/uploads\/2020\/03\/IMG_2602.jpg\"><img loading=\"lazy\" decoding=\"async\" width=\"640\" height=\"640\" class=\"aligncenter wp-image-1411 size-large\" alt=\"\" src=\"http:\/\/www.latelierindigo.ch\/wp-content\/uploads\/2020\/03\/IMG_2602-e1584974042155-1024x1024.jpg\" srcset=\"https:\/\/www.latelierindigo.ch\/wp-content\/uploads\/2020\/03\/IMG_2602-e1584974042155-1024x1024.jpg 1024w, https:\/\/www.latelierindigo.ch\/wp-content\/uploads\/2020\/03\/IMG_2602-e1584974042155-150x150.jpg 150w, https:\/\/www.latelierindigo.ch\/wp-content\/uploads\/2020\/03\/IMG_2602-e1584974042155-300x300.jpg 300w, https:\/\/www.latelierindigo.ch\/wp-content\/uploads\/2020\/03\/IMG_2602-e1584974042155-768x768.jpg 768w\" sizes=\"auto, (max-width: 640px) 100vw, 640px\" \/><\/a><\/p>\n<p><a href=\"http:\/\/www.latelierindigo.ch\/wp-content\/uploads\/2020\/03\/IMG_2569.jpg\"><img loading=\"lazy\" decoding=\"async\" width=\"640\" height=\"640\" class=\"aligncenter wp-image-1423 size-large\" alt=\"\" src=\"http:\/\/www.latelierindigo.ch\/wp-content\/uploads\/2020\/03\/IMG_2569-1024x1024.jpg\" srcset=\"https:\/\/www.latelierindigo.ch\/wp-content\/uploads\/2020\/03\/IMG_2569-1024x1024.jpg 1024w, https:\/\/www.latelierindigo.ch\/wp-content\/uploads\/2020\/03\/IMG_2569-150x150.jpg 150w, https:\/\/www.latelierindigo.ch\/wp-content\/uploads\/2020\/03\/IMG_2569-300x300.jpg 300w, https:\/\/www.latelierindigo.ch\/wp-content\/uploads\/2020\/03\/IMG_2569-768x768.jpg 768w\" sizes=\"auto, (max-width: 640px) 100vw, 640px\" \/><\/a><\/p>\n<p>&nbsp;<\/p>\n<p><a href=\"http:\/\/www.latelierindigo.ch\/wp-content\/uploads\/2020\/03\/Format-WEB-38.jpg\"><img loading=\"lazy\" decoding=\"async\" width=\"640\" height=\"961\" class=\"aligncenter wp-image-1416\" alt=\"\" src=\"http:\/\/www.latelierindigo.ch\/wp-content\/uploads\/2020\/03\/Format-WEB-38.jpg\" srcset=\"https:\/\/www.latelierindigo.ch\/wp-content\/uploads\/2020\/03\/Format-WEB-38.jpg 413w, https:\/\/www.latelierindigo.ch\/wp-content\/uploads\/2020\/03\/Format-WEB-38-200x300.jpg 200w\" sizes=\"auto, (max-width: 640px) 100vw, 640px\" \/><\/a><\/p>\n<p style=\"text-align: center;\">&nbsp;<\/p>\n<p>&nbsp;<\/p>","protected":false},"excerpt":{"rendered":"<p>L&rsquo;enseignement Aucun dossier s\u00e9lectif d\u2019entr\u00e9e n\u2019est n\u00e9cessaire pour rentrer dans cette \u00e9cole de dessin. Le but n\u2019est pas de s\u00e9lectionner <span class=\"ellipsis\">...<\/span> <span class=\"more-link-wrap\"><a href=\"https:\/\/www.latelierindigo.ch\/de\/galerie\/la-philosophie\/\" class=\"more-link\"><span>Read More \u2192.<\/span><\/a><\/span><\/p>","protected":false},"author":1,"featured_media":0,"parent":9,"menu_order":220,"comment_status":"closed","ping_status":"closed","template":"","meta":{"ngg_post_thumbnail":0,"footnotes":""},"class_list":["post-142","page","type-page","status-publish","hentry"],"_links":{"self":[{"href":"https:\/\/www.latelierindigo.ch\/de\/wp-json\/wp\/v2\/pages\/142","targetHints":{"allow":["GET"]}}],"collection":[{"href":"https:\/\/www.latelierindigo.ch\/de\/wp-json\/wp\/v2\/pages"}],"about":[{"href":"https:\/\/www.latelierindigo.ch\/de\/wp-json\/wp\/v2\/types\/page"}],"author":[{"embeddable":true,"href":"https:\/\/www.latelierindigo.ch\/de\/wp-json\/wp\/v2\/users\/1"}],"replies":[{"embeddable":true,"href":"https:\/\/www.latelierindigo.ch\/de\/wp-json\/wp\/v2\/comments?post=142"}],"version-history":[{"count":17,"href":"https:\/\/www.latelierindigo.ch\/de\/wp-json\/wp\/v2\/pages\/142\/revisions"}],"predecessor-version":[{"id":1436,"href":"https:\/\/www.latelierindigo.ch\/de\/wp-json\/wp\/v2\/pages\/142\/revisions\/1436"}],"up":[{"embeddable":true,"href":"https:\/\/www.latelierindigo.ch\/de\/wp-json\/wp\/v2\/pages\/9"}],"wp:attachment":[{"href":"https:\/\/www.latelierindigo.ch\/de\/wp-json\/wp\/v2\/media?parent=142"}],"curies":[{"name":"wp","href":"https:\/\/api.w.org\/{rel}","templated":true}]}}