{"id":146,"date":"2013-04-25T20:51:39","date_gmt":"2013-04-25T18:51:39","guid":{"rendered":"http:\/\/www.riviera-raptors.ch\/dev\/?page_id=146"},"modified":"2020-03-23T15:46:25","modified_gmt":"2020-03-23T14:46:25","slug":"la-decouverte-du-lieu","status":"publish","type":"page","link":"https:\/\/www.latelierindigo.ch\/de\/galerie\/la-decouverte-du-lieu\/","title":{"rendered":"Der Malsaal"},"content":{"rendered":"<h2><strong>Die Entdeckung des Ortes<\/strong><\/h2>\n<p style=\"text-align: justify;\">Der Unterricht findet im Zentrum von Ch\u00e2tel-St-Denis statt, in der N\u00e4he der Schulen, im Institut St-Fran\u00e7ois de Sales, im ehemaligen Malsaal, der ein Fresko aus dem Jahr 1911 und einen kleinen malerischen Garten aufweist. Der Zugang ist unabh\u00e4ngig. Dieser Ort ist wundersch\u00f6n und f\u00f6rdert das kreative Schaffen. Der Unterrichtsraum ist gro\u00dfz\u00fcgig und wurde erst vor kurzem renoviert. Sie finden dort einen ansprechenden Eingangsbereich, eine Garderobe und bedarfsgerechte Sanit\u00e4ranlagen.<\/p>\n<p style=\"text-align: justify;\">&nbsp;<\/p>\n<p style=\"text-align: justify;\"><a href=\"http:\/\/www.latelierindigo.ch\/wp-content\/uploads\/2020\/03\/SELECTION-WEB-16.jpg\"><img loading=\"lazy\" decoding=\"async\" width=\"620\" height=\"413\" class=\"aligncenter size-full wp-image-1400\" alt=\"\" src=\"http:\/\/www.latelierindigo.ch\/wp-content\/uploads\/2020\/03\/SELECTION-WEB-16.jpg\" srcset=\"https:\/\/www.latelierindigo.ch\/wp-content\/uploads\/2020\/03\/SELECTION-WEB-16.jpg 620w, https:\/\/www.latelierindigo.ch\/wp-content\/uploads\/2020\/03\/SELECTION-WEB-16-300x200.jpg 300w\" sizes=\"auto, (max-width: 620px) 100vw, 620px\" \/><\/a><\/p>\n<p><a href=\"http:\/\/www.latelierindigo.ch\/wp-content\/uploads\/2020\/03\/SELECTION-WEB-15.jpg\"><img loading=\"lazy\" decoding=\"async\" width=\"620\" height=\"413\" class=\"aligncenter size-full wp-image-1399\" alt=\"\" src=\"http:\/\/www.latelierindigo.ch\/wp-content\/uploads\/2020\/03\/SELECTION-WEB-15.jpg\" srcset=\"https:\/\/www.latelierindigo.ch\/wp-content\/uploads\/2020\/03\/SELECTION-WEB-15.jpg 620w, https:\/\/www.latelierindigo.ch\/wp-content\/uploads\/2020\/03\/SELECTION-WEB-15-300x200.jpg 300w\" sizes=\"auto, (max-width: 620px) 100vw, 620px\" \/><\/a><\/p>\n<p><a href=\"http:\/\/www.latelierindigo.ch\/wp-content\/uploads\/2020\/03\/SELECTION-WEB-4.jpg\"><img loading=\"lazy\" decoding=\"async\" width=\"620\" height=\"413\" class=\"aligncenter size-full wp-image-1394\" alt=\"\" src=\"http:\/\/www.latelierindigo.ch\/wp-content\/uploads\/2020\/03\/SELECTION-WEB-4.jpg\" srcset=\"https:\/\/www.latelierindigo.ch\/wp-content\/uploads\/2020\/03\/SELECTION-WEB-4.jpg 620w, https:\/\/www.latelierindigo.ch\/wp-content\/uploads\/2020\/03\/SELECTION-WEB-4-300x200.jpg 300w\" sizes=\"auto, (max-width: 620px) 100vw, 620px\" \/><\/a><\/p>\n<p><a href=\"http:\/\/www.latelierindigo.ch\/wp-content\/uploads\/2020\/03\/SELECTION-WEB-14.jpg\"><img loading=\"lazy\" decoding=\"async\" width=\"620\" height=\"413\" class=\"aligncenter size-full wp-image-1398\" alt=\"\" src=\"http:\/\/www.latelierindigo.ch\/wp-content\/uploads\/2020\/03\/SELECTION-WEB-14.jpg\" srcset=\"https:\/\/www.latelierindigo.ch\/wp-content\/uploads\/2020\/03\/SELECTION-WEB-14.jpg 620w, https:\/\/www.latelierindigo.ch\/wp-content\/uploads\/2020\/03\/SELECTION-WEB-14-300x200.jpg 300w\" sizes=\"auto, (max-width: 620px) 100vw, 620px\" \/><\/a><\/p>\n<p><a href=\"http:\/\/www.latelierindigo.ch\/wp-content\/uploads\/2020\/03\/SELECTION-WEB-11.jpg\"><img loading=\"lazy\" decoding=\"async\" width=\"620\" height=\"413\" class=\"aligncenter size-full wp-image-1396\" alt=\"\" src=\"http:\/\/www.latelierindigo.ch\/wp-content\/uploads\/2020\/03\/SELECTION-WEB-11.jpg\" srcset=\"https:\/\/www.latelierindigo.ch\/wp-content\/uploads\/2020\/03\/SELECTION-WEB-11.jpg 620w, https:\/\/www.latelierindigo.ch\/wp-content\/uploads\/2020\/03\/SELECTION-WEB-11-300x200.jpg 300w\" sizes=\"auto, (max-width: 620px) 100vw, 620px\" \/><\/a><\/p>\n<p><a href=\"http:\/\/www.latelierindigo.ch\/wp-content\/uploads\/2020\/03\/SELECTION-WEB-7.jpg\"><img loading=\"lazy\" decoding=\"async\" width=\"620\" height=\"413\" class=\"aligncenter size-full wp-image-1395\" alt=\"\" src=\"http:\/\/www.latelierindigo.ch\/wp-content\/uploads\/2020\/03\/SELECTION-WEB-7.jpg\" srcset=\"https:\/\/www.latelierindigo.ch\/wp-content\/uploads\/2020\/03\/SELECTION-WEB-7.jpg 620w, https:\/\/www.latelierindigo.ch\/wp-content\/uploads\/2020\/03\/SELECTION-WEB-7-300x200.jpg 300w\" sizes=\"auto, (max-width: 620px) 100vw, 620px\" \/><\/a><\/p>\n<p><a href=\"http:\/\/www.latelierindigo.ch\/wp-content\/uploads\/2020\/03\/SELECTION-WEB-12.jpg\"><img loading=\"lazy\" decoding=\"async\" width=\"413\" height=\"620\" class=\"aligncenter size-full wp-image-1397\" alt=\"\" src=\"http:\/\/www.latelierindigo.ch\/wp-content\/uploads\/2020\/03\/SELECTION-WEB-12.jpg\" srcset=\"https:\/\/www.latelierindigo.ch\/wp-content\/uploads\/2020\/03\/SELECTION-WEB-12.jpg 413w, https:\/\/www.latelierindigo.ch\/wp-content\/uploads\/2020\/03\/SELECTION-WEB-12-200x300.jpg 200w\" sizes=\"auto, (max-width: 413px) 100vw, 413px\" \/><\/a><\/p>\n<p><a href=\"http:\/\/www.latelierindigo.ch\/wp-content\/uploads\/2020\/03\/SELECTION-WEB-3.jpg\"><img loading=\"lazy\" decoding=\"async\" width=\"413\" height=\"620\" class=\"aligncenter size-full wp-image-1393\" alt=\"\" src=\"http:\/\/www.latelierindigo.ch\/wp-content\/uploads\/2020\/03\/SELECTION-WEB-3.jpg\" srcset=\"https:\/\/www.latelierindigo.ch\/wp-content\/uploads\/2020\/03\/SELECTION-WEB-3.jpg 413w, https:\/\/www.latelierindigo.ch\/wp-content\/uploads\/2020\/03\/SELECTION-WEB-3-200x300.jpg 200w\" sizes=\"auto, (max-width: 413px) 100vw, 413px\" \/><\/a><\/p>\n<p style=\"text-align: center;\">Fotografien aus dem Zeichensaal und Portraitfotos von Sandra : Aur\u00e9lie Felli<\/p>","protected":false},"excerpt":{"rendered":"<p>La d\u00e9couverte du lieu Les cours auront lieu au centre de Ch\u00e2tel-St-Denis, \u00e0 proximit\u00e9 des \u00e9coles,&nbsp; \u00e0 l\u2019institut St-Fran\u00e7ois de <span class=\"ellipsis\">...<\/span> <span class=\"more-link-wrap\"><a href=\"https:\/\/www.latelierindigo.ch\/de\/galerie\/la-decouverte-du-lieu\/\" class=\"more-link\"><span>Read More \u2192.<\/span><\/a><\/span><\/p>","protected":false},"author":1,"featured_media":0,"parent":9,"menu_order":210,"comment_status":"closed","ping_status":"closed","template":"","meta":{"ngg_post_thumbnail":0,"footnotes":""},"class_list":["post-146","page","type-page","status-publish","hentry"],"_links":{"self":[{"href":"https:\/\/www.latelierindigo.ch\/de\/wp-json\/wp\/v2\/pages\/146","targetHints":{"allow":["GET"]}}],"collection":[{"href":"https:\/\/www.latelierindigo.ch\/de\/wp-json\/wp\/v2\/pages"}],"about":[{"href":"https:\/\/www.latelierindigo.ch\/de\/wp-json\/wp\/v2\/types\/page"}],"author":[{"embeddable":true,"href":"https:\/\/www.latelierindigo.ch\/de\/wp-json\/wp\/v2\/users\/1"}],"replies":[{"embeddable":true,"href":"https:\/\/www.latelierindigo.ch\/de\/wp-json\/wp\/v2\/comments?post=146"}],"version-history":[{"count":16,"href":"https:\/\/www.latelierindigo.ch\/de\/wp-json\/wp\/v2\/pages\/146\/revisions"}],"predecessor-version":[{"id":1420,"href":"https:\/\/www.latelierindigo.ch\/de\/wp-json\/wp\/v2\/pages\/146\/revisions\/1420"}],"up":[{"embeddable":true,"href":"https:\/\/www.latelierindigo.ch\/de\/wp-json\/wp\/v2\/pages\/9"}],"wp:attachment":[{"href":"https:\/\/www.latelierindigo.ch\/de\/wp-json\/wp\/v2\/media?parent=146"}],"curies":[{"name":"wp","href":"https:\/\/api.w.org\/{rel}","templated":true}]}}