{"id":149,"date":"2013-04-25T20:52:37","date_gmt":"2013-04-25T18:52:37","guid":{"rendered":"http:\/\/www.riviera-raptors.ch\/dev\/?page_id=149"},"modified":"2023-02-09T17:08:23","modified_gmt":"2023-02-09T16:08:23","slug":"mon-parcours","status":"publish","type":"page","link":"https:\/\/www.latelierindigo.ch\/de\/galerie\/mon-parcours\/","title":{"rendered":"Der Cursus"},"content":{"rendered":"<h2><strong>Mein Werdegang<\/strong><\/h2>\n<p style=\"text-align: justify;\">Nach meinem Abschluss in Architektur an der Ingenieurschule Freiburg im Jahr 1998 habe ich mehrere Leben in einem begonnen, die mich sehr bereichert haben. Ich habe 15 Jahre lang haupts\u00e4chlich als Architektin gearbeitet, vor allem einige Jahre im B\u00fcro Atelier78 in Ch\u00e2tel-St-Denis, f\u00fcr diejenigen, die mich kennen, aber auch in anderen B\u00fcros in Cugy, Lausanne und Vevey. Ich hatte auch die Gelegenheit, vier Jahre lang als freiberufliche Redakteurin f\u00fcr Architektur- und Dekorationszeitschriften zu arbeiten. Was meine k\u00fcnstlerischen Leidenschaften angeht, so habe ich zwei Jahre lang Theater gespielt, 30 Jahre lang getanzt und zahlreiche Auftritte und B\u00fchnenerfahrung gesammelt, f\u00fcnf Jahre lang Cello am Konservatorium gespielt, zwei Jahre lang autodidaktisch geschrieben usw. Unn\u00f6tig zu erw\u00e4hnen, dass die Kunst in mir lebt und dass ich sie brauche.<\/p>\n<p style=\"text-align: justify;\">Im Hinblick auf meine heutige Arbeit dr\u00fccke ich mich haupts\u00e4chlich dadurch aus, dass ich die Kunst an meine Sch\u00fcler weitergebe, und das bereits seit 2013. Die Leidenschaft ist unersch\u00fctterlich. Parallel dazu stelle ich meine eigene Arbeit als Malerin in den Vordergrund, die ich in der Galerie d'Art in Ch\u00e2tel-St-Denis, meiner kleinen Galerie, ausstelle. Der Fortbestand der Kunst ist f\u00fcr mich wesentlich und im Rahmen dieser Schule gebe ich keine Kurse, sondern vermittle, wie mir eine enge Freundin gesagt hat.<\/p>\n<p style=\"text-align: justify;\">Es ist ein wohlwollender, positiver Unterricht, der immer wieder ermutigt und Vertrauen schafft. Ich gehe wirklich auf jeden Einzelnen ein.&nbsp;<br \/>\nIn j\u00fcngeren Jahren hatte ich auch die Gelegenheit, Kindern bei Vertretungen Tanzunterricht zu erteilen und sie zu einer Auff\u00fchrung zu bringen. Diese Erfahrung hat mich sehr ber\u00fchrt und ich m\u00f6chte wieder bei ihnen sein und sie in einem Bereich hervorheben, den ich schon immer, seit meinem 13. Seit 33 Jahren zeichne und male ich zu meiner gro\u00dfen Freude. Ich bin froh, dass ich es an diejenigen weitergeben kann, die es ebenfalls dringend brauchen.&nbsp;<\/p>\n<p>&nbsp;<\/p>\n<p><a href=\"http:\/\/www.latelierindigo.ch\/wp-content\/uploads\/2020\/03\/Format-WEB-20.jpg\"><img loading=\"lazy\" decoding=\"async\" class=\"aligncenter size-full wp-image-1402\" src=\"http:\/\/www.latelierindigo.ch\/wp-content\/uploads\/2020\/03\/Format-WEB-20.jpg\" alt=\"\" width=\"413\" height=\"620\" srcset=\"https:\/\/www.latelierindigo.ch\/wp-content\/uploads\/2020\/03\/Format-WEB-20.jpg 413w, https:\/\/www.latelierindigo.ch\/wp-content\/uploads\/2020\/03\/Format-WEB-20-200x300.jpg 200w\" sizes=\"auto, (max-width: 413px) 100vw, 413px\" \/><\/a><\/p>\n<p>Teilansicht eines Cursus<\/p>\n<p><strong>2010 \u00e0 2013<\/strong><\/p>\n<p>Arbeit als Architektin mit meinem Mann im B\u00fcro Atelier78 s\u00e0rl, Architekturb\u00fcro in Ch\u00e2tel-St-Denis. \u00ab&nbsp;<em>Unsere Zusammenarbeit wird im Rahmen von Architekturprojekten, Innenarchitektur und punktuellen Interventionen bei Wettbewerben fortgesetzt\u00bb.<\/em><\/p>\n<p><strong>Ende 2012<\/strong><\/p>\n<p>Erstellen von mein 1<sup>er<\/sup> Atelier, Zimmer Nr. 14 bei den Schwestern. \u00ab&nbsp;<em>ein kleiner, friedlicher, bescheidener Raum, aber die Freude, dort zu malen, war sehr pr\u00e4sent\u00bb.\u00bb<\/em><\/p>\n<p><strong>2013<\/strong><\/p>\n<p>Gr\u00fcndung der Kunstschule f\u00fcr Zeichnen und Malen, Atelier Indigo, in Ch\u00e2tel-St-Denis. \u00ab&nbsp;<em>Seit August 2013 unterrichte ich dort mit Freude. Im ersten Jahr z\u00e4hle ich 65 Sch\u00fclerinnen und Sch\u00fcler, die mir vertrauen und die mir sehr viel geben. Und wie viele Farben...\u00bb. Nach sechs Jahren sind wir \u00fcber 100.<\/em><\/p>\n<p><strong>2014<\/strong><\/p>\n<p>Umzug von Zimmer Nr. 14 in das ger\u00e4umigere Atelier14, in dem sich u. a. das Schulsekretariat befindet.<\/p>\n<p><strong>2018<\/strong><\/p>\n<p>Vernissage der Kunstgalerie, offizielle Er\u00f6ffnung am Freitag, den 4. Mai 2018. Dauerausstellung meiner 50 Werke, die sich je nach neuen Kreationen und Verk\u00e4ufen ver\u00e4ndern. Ein Anfang<\/p>\n<p><strong>2020<\/strong><\/p>\n<p>Heute z\u00e4hlt die Schule etwa 100 Sch\u00fcler pro Jahr, ungef\u00e4hr 150, wenn man die unregelm\u00e4\u00dfigen Sch\u00fcler der samst\u00e4glichen Schnupperkurse f\u00fcr Jugendliche und Erwachsene, der mittwochs stattfindenden Schnupperkurse und der Praktika mitz\u00e4hlt. 7 Jahre Unterricht, Freude, meine Sch\u00fcler aller Altersgruppen wiederzusehen. Ver\u00f6ffentlichung eines Buches \u00abcatalogue raisonn\u00e9\u00bb \u00fcber meine Arbeit als K\u00fcnstlerin im September 2020.<\/p>\n<p><strong>Kurz gesagt: In 20 Jahren habe ich als Architektin, Redakteurin, Zeichenlehrerin, Galeristin und K\u00fcnstlerin gearbeitet. Ich habe mich nie verzettelt, sondern bin froh, dass ich in einem einzigen Leben so viele Erfahrungen gemacht habe. Das einzige gemeinsame Vehikel ist die Kunst und die Freiheit, etwas zu erschaffen.<\/strong><\/p>","protected":false},"excerpt":{"rendered":"<p>Mon Parcours Dipl\u00f4m\u00e9e de l\u2019\u00e9cole d\u2019ing\u00e9nieurs de Fribourg en 1998 en architecture, j\u2019ai entrepris plusieurs vies en une qui m\u2019ont <span class=\"ellipsis\">...<\/span> <span class=\"more-link-wrap\"><a href=\"https:\/\/www.latelierindigo.ch\/de\/galerie\/mon-parcours\/\" class=\"more-link\"><span>Read More \u2192.<\/span><\/a><\/span><\/p>","protected":false},"author":1,"featured_media":0,"parent":9,"menu_order":230,"comment_status":"closed","ping_status":"closed","template":"","meta":{"ngg_post_thumbnail":0,"footnotes":""},"class_list":["post-149","page","type-page","status-publish","hentry"],"_links":{"self":[{"href":"https:\/\/www.latelierindigo.ch\/de\/wp-json\/wp\/v2\/pages\/149","targetHints":{"allow":["GET"]}}],"collection":[{"href":"https:\/\/www.latelierindigo.ch\/de\/wp-json\/wp\/v2\/pages"}],"about":[{"href":"https:\/\/www.latelierindigo.ch\/de\/wp-json\/wp\/v2\/types\/page"}],"author":[{"embeddable":true,"href":"https:\/\/www.latelierindigo.ch\/de\/wp-json\/wp\/v2\/users\/1"}],"replies":[{"embeddable":true,"href":"https:\/\/www.latelierindigo.ch\/de\/wp-json\/wp\/v2\/comments?post=149"}],"version-history":[{"count":13,"href":"https:\/\/www.latelierindigo.ch\/de\/wp-json\/wp\/v2\/pages\/149\/revisions"}],"predecessor-version":[{"id":1708,"href":"https:\/\/www.latelierindigo.ch\/de\/wp-json\/wp\/v2\/pages\/149\/revisions\/1708"}],"up":[{"embeddable":true,"href":"https:\/\/www.latelierindigo.ch\/de\/wp-json\/wp\/v2\/pages\/9"}],"wp:attachment":[{"href":"https:\/\/www.latelierindigo.ch\/de\/wp-json\/wp\/v2\/media?parent=149"}],"curies":[{"name":"wp","href":"https:\/\/api.w.org\/{rel}","templated":true}]}}