{"id":2,"date":"2013-04-17T09:16:14","date_gmt":"2013-04-17T07:16:14","guid":{"rendered":"http:\/\/www.riviera-raptors.ch\/dev\/?page_id=2"},"modified":"2026-02-10T21:46:20","modified_gmt":"2026-02-10T20:46:20","slug":"page-d-exemple","status":"publish","type":"page","link":"https:\/\/www.latelierindigo.ch\/de\/","title":{"rendered":"L\u2019 Accueil"},"content":{"rendered":"<h2><strong>An die Stifte und Pinsel!<\/strong><\/h2>\n<p style=\"text-align: justify;\">Am 26. August 2013 wurde in Ch\u00e2tel-St-Denis eine Kunst-, Zeichen- und Malschule gegr\u00fcndet, um den Kindern von hier und den umliegenden D\u00f6rfern eine Aktivit\u00e4t anzubieten, die es ihnen erm\u00f6glicht, sich durch das k\u00fcnstlerische Schaffen zu entfalten. Viele sch\u00f6ne k\u00fcnstlerische Momente, Austausch und Interaktivit\u00e4t zwischen den Sch\u00fclern im Kindes-, Jugend- und Erwachsenenalter.<\/p>\n<p style=\"text-align: justify;\">Es ist ein echtes Erwachen zum Zeichnen und Malen, das ihnen durch die Ann\u00e4herung an zahlreiche Zeichentechniken angeboten wird: Gouache, Acryl, Pastell, Kohle, Bleistifte, Buntstifte, Bleiminen, Blut, Tusche, Erdpigmente... (\u00d6lmalerei, auf Anfrage).<\/p>\n<p style=\"text-align: justify;\">In kleinen Gruppen von 6 - 7 - 8 Jahren, 9 - 10 - 11 Jahren, 12 - 13 - 14 Jahren, 15 - 16 - 17 Jahren und Erwachsenen, je nach Bedarf, werden wir uns mit der Kunst in Bezug auf die Freiheit des Schaffens, das Zuh\u00f6ren und die Beobachtung des Kindes auseinandersetzen.<\/p>\n<p style=\"text-align: justify;\">In jeder Stunde h\u00f6rt Sandra den Sch\u00fclern und ihren W\u00fcnschen zu, es ist eine echte pers\u00f6nliche Betreuung f\u00fcr jeden Sch\u00fcler. Eine Beziehung von gro\u00dfem Vertrauen baut sich im Laufe der Kreationen eines jeden Einzelnen auf.<\/p>\n<p style=\"text-align: justify;\">Man muss wissen, dass man, wenn man Farben auf seiner Palette mischt, das Gef\u00fchl hat, mit sich selbst im Einklang zu sein, es gibt keine Zeit mehr, die vergeht. Nur Zeit f\u00fcr sich selbst, egal ob man klein oder gro\u00df ist.<\/p>\n<h2 style=\"text-align: center;\"><strong>Schulbeginn: Montag, 31. August 2026<\/strong><\/h2>\n<p>&nbsp;<\/p>\n<h2 style=\"text-align: center;\">&nbsp;Party im Sirius-Kino - Samstag, 24. Mai 2025<\/h2>\n<h3 style=\"text-align: center;\" data-start=\"116\" data-end=\"169\">R\u00fcckblick auf einen unvergesslichen Moment im Sirius-Kino<\/h3>\n<p data-start=\"171\" data-end=\"333\">Vielen Dank an alle, die dabei waren!<br data-start=\"221\" data-end=\"224\">Die immersive Filmvorf\u00fchrung im Sirius-Kino war ein voller Erfolg und ein Moment geteilter Emotionen.<\/p>\n<p data-start=\"335\" data-end=\"538\">Dieses Dorfkino, das seit 1930 aktiv ist, liegt uns besonders am Herzen. Heute wird es von einem Team junger Enthusiasten unterst\u00fctzt und lebt trotz der Herausforderungen, die in den letzten Jahren auferlegt wurden, weiter.<\/p>\n<p data-start=\"540\" data-end=\"739\">Sandra Kupferschmids Idee einer immersiven Ausstellung von Gem\u00e4lden, die auf eine gro\u00dfe Leinwand projiziert werden, entstand in diesem Geist der Unterst\u00fctzung und kulturellen Innovation. Dank Ihrer Hilfe traf die dritte Kunst auf die siebte Kunst mit Glanz und Gloria!<\/p>\n<p data-start=\"741\" data-end=\"1055\">Vielen Dank an Victoria Fankhaenel, eine vielversprechende junge Filmemacherin, f\u00fcr die gezeigte 35-min\u00fctige Reportage und an alle, die dazu beigetragen haben, diesen Tag zu einem einzigartigen Moment zu machen.<br data-start=\"916\" data-end=\"919\">Sie waren fast 500, um 100 Werke in einem neuen Format zu entdecken, und Ihre herzlichen R\u00fcckmeldungen sind unsere sch\u00f6nste Belohnung.<\/p>\n<p data-start=\"741\" data-end=\"1055\">Victoria Fankhaenels Reportage l\u00e4dt Sie in die Intimit\u00e4t der Sch\u00fcler im Atelier ein und gibt Ihnen ein bestm\u00f6gliches Spiegelbild der Unterrichtsarbeit, die Sandra seit \u00fcber 12 Jahren leistet.&nbsp;<\/p>\n<p data-start=\"1123\" data-end=\"1146\">&nbsp;<\/p>\n<p><span style=\"font-size: 14pt;\"><strong>Das Fest in Bildern<\/strong><\/span><\/p>\n<p><iframe loading=\"lazy\" src=\"\/\/www.youtube.com\/embed\/iHxKWrUeOWk\" width=\"560\" height=\"314\" allowfullscreen=\"allowfullscreen\" data-mce-fragment=\"1\"><\/iframe><\/p>\n<h3>&nbsp;<\/h3>\n<h3 style=\"text-align: center;\">Die offenen T\u00fcren von 2024<\/h3>\n<p style=\"text-align: justify;\">Im Mai 2024 geht das Atelier Indigo neue Wege!  Die Scheinwerfer richteten sich einen ganzen Tag lang auf die Sch\u00fcler und ihre Werke im Unterricht, wodurch das Atelier als wahres K\u00fcnstlernest enth\u00fcllt wurde. Anstelle eines fertigen Werkes, das an der Wand hing, wurde der Mensch in den Vordergrund gestellt, um die Komplexit\u00e4t und Strenge einer Kreation zu demonstrieren. Ein neuer und au\u00dfergew\u00f6hnlicher Tag des Teilens, der die Herzen erw\u00e4rmt hat, wie das folgende Video zeigt. Wir hoffen, dass es Ihnen Freude bereitet hat. Vielen Dank an alle Sch\u00fclerinnen und Sch\u00fcler und ihre Eltern f\u00fcr dieses sch\u00f6ne Fest in der Schule!<\/p>\n<p><iframe loading=\"lazy\" title=\"Offene T\u00fcren L&#039;Atelier Indigo\" width=\"640\" height=\"360\" src=\"https:\/\/www.youtube.com\/embed\/WmXuyk4_1Bw?feature=oembed\" frameborder=\"0\" allow=\"accelerometer; autoplay; clipboard-write; encrypted-media; gyroscope; picture-in-picture; web-share\" referrerpolicy=\"strict-origin-when-cross-origin\" allowfullscreen><\/iframe><\/p>\n<h2 style=\"text-align: center;\"><a href=\"https:\/\/www.latelierindigo.ch\/wp-content\/uploads\/2020\/07\/Bandeau-avec-photos-pour-affiche-Copie.tif\"><img decoding=\"async\" class=\"aligncenter size-full wp-image-1434\" src=\"https:\/\/www.latelierindigo.ch\/wp-content\/uploads\/2020\/07\/Bandeau-avec-photos-pour-affiche-Copie.tif\" alt=\"\"><\/a><\/h2>\n<p>\u00a9 Video : Victoria Fankhaenel Video vom Schulfest am 4. Mai 2024 im Atelier Indigo<\/p>\n<p style=\"text-align: center;\"><span style=\"font-size: 18pt;\"><strong>10 Jahre Atelier Indigo<\/strong><\/span><\/p>\n<p style=\"text-align: justify;\">Im Juni 2023 feierte die Zeichenschule ihr 10-j\u00e4hriges Bestehen in der Galerie Image-In. Vier Tage lang konnte die Bev\u00f6lkerung von einer kostenlosen Ausstellung profitieren, die auf dem Thema Vergangenheit, Gegenwart und Zukunft basierte. Unten sehen Sie eine Videoreflexion dieses wunderbaren Festes, an dem \u00fcber 101 Sch\u00fclerinnen und Sch\u00fcler mit ihren Familien sowie weitere Besucher teilnahmen. Einige Sch\u00fclerinnen und Sch\u00fcler begleiten mich bereits seit zehn Jahren im Unterricht. Ich freue mich sehr \u00fcber das Vertrauen, das sie mir entgegenbringen, und dar\u00fcber, dass sie alle stolz auf ihre k\u00fcnstlerische Ausbildung sind. Es ist eine solide Ausbildung, die ich ihnen in kleinen Gruppen biete, sowohl technisch als auch koloristisch. Das hilft, Beziehungen aufzubauen. Das Coaching, die Aufmerksamkeit und das Zuh\u00f6ren f\u00fcr jeden Einzelnen ist etwas, das mir sehr am Herzen liegt. Je besser ich meine Sch\u00fcler kenne, desto besser kann ich vorausschauen und sie im Laufe der Jahre zu hohen H\u00f6hen f\u00fchren. Das Atelier Indigo ist f\u00fcr Sie da, f\u00fcr viele weitere sch\u00f6ne Jahre und ein neues Jahrzehnt. Seien Sie alle herzlich willkommen in Ihrem Atelier, in dem jeder sein Gl\u00fcck findet. Sandra Kupferschmid<\/p>\n<p><iframe loading=\"lazy\" title=\"10 Jahre Schule\" width=\"640\" height=\"360\" src=\"https:\/\/www.youtube.com\/embed\/5q5wlWeaYIk?feature=oembed\" frameborder=\"0\" allow=\"accelerometer; autoplay; clipboard-write; encrypted-media; gyroscope; picture-in-picture; web-share\" referrerpolicy=\"strict-origin-when-cross-origin\" allowfullscreen><\/iframe><\/p>\n<p>\u00a9 Video : Victoria Fankhaenel Video zum 10-j\u00e4hrigen Jubil\u00e4um in der Galerie Image-In, Juni 2023<\/p>\n<p style=\"text-align: center;\"><span style=\"font-size: 18pt;\"><strong>Radiosendung - Portr\u00e4t von Sandra<\/strong><\/span><\/p>\n<p>Wer sich daf\u00fcr interessiert, mehr \u00fcber ihre Zeichenlehrerin Sandra Kupferschmid zu erfahren, kann sich die Passage vom Montagabend, dem 25. Februar 2024, anh\u00f6ren in&nbsp;<strong><u>Unimix-Radio<\/u><\/strong>, ein Universit\u00e4tsradio in Freiburg, das Sandra befragte.<\/p>\n<p>Sie hatte n\u00e4mlich die Freude, von ihrer ehemaligen Sch\u00fclerin Sarah Alili aus Ch\u00e2tel-St-Denis, Universit\u00e4tsstudentin in Freiburg und zuk\u00fcnftige Journalistin, f\u00fcr ein tolles 30-min\u00fctiges Portr\u00e4t interviewt zu werden. Ein sch\u00f6ner Moment des Austauschs zwischen Lachen und Ernsthaftigkeit mit gro\u00dfen Radiomikrofonen. Danke an Sarah f\u00fcr ihre gro\u00dfe Professionalit\u00e4t und ihre Top-Fragen. F\u00fcr alle, die Lust haben, etwas mehr \u00fcber ihren Werdegang zu erfahren, k\u00f6nnen Sie sich die Sendung unten anh\u00f6ren.<\/p>\n<p><iframe loading=\"lazy\" title=\"Unimix - Interview der Woche - Malen und Malen lernen - 25.02.2024 - Sarah by Unimix DE\" width=\"640\" height=\"400\" scrolling=\"no\" frameborder=\"no\" src=\"https:\/\/w.soundcloud.com\/player\/?visual=true&#038;url=https%3A%2F%2Fapi.soundcloud.com%2Ftracks%2F1755012627&#038;show_artwork=true&#038;maxheight=960&#038;maxwidth=640\"><\/iframe><\/p>\n<p>Interview und Schnitt: Sarah Alili (Radio Unimix) - Portr\u00e4t von Sandra<\/p>\n<p style=\"text-align: justify;\">&nbsp;<\/p>\n<h2>&nbsp;<\/h2>\n<p style=\"text-align: center;\">&nbsp;<\/p>","protected":false},"excerpt":{"rendered":"<p>Ran an die Stifte und Pinsel! Eine Schule f\u00fcr Kunst, Zeichnen und Malen wurde am 26. <span class=\"ellipsis\">...<\/span> <span class=\"more-link-wrap\"><a href=\"https:\/\/www.latelierindigo.ch\/de\/\" class=\"more-link\"><span>Read More \u2192.<\/span><\/a><\/span><\/p>","protected":false},"author":1,"featured_media":0,"parent":0,"menu_order":100,"comment_status":"closed","ping_status":"closed","template":"","meta":{"ngg_post_thumbnail":0,"footnotes":""},"class_list":["post-2","page","type-page","status-publish","hentry"],"_links":{"self":[{"href":"https:\/\/www.latelierindigo.ch\/de\/wp-json\/wp\/v2\/pages\/2","targetHints":{"allow":["GET"]}}],"collection":[{"href":"https:\/\/www.latelierindigo.ch\/de\/wp-json\/wp\/v2\/pages"}],"about":[{"href":"https:\/\/www.latelierindigo.ch\/de\/wp-json\/wp\/v2\/types\/page"}],"author":[{"embeddable":true,"href":"https:\/\/www.latelierindigo.ch\/de\/wp-json\/wp\/v2\/users\/1"}],"replies":[{"embeddable":true,"href":"https:\/\/www.latelierindigo.ch\/de\/wp-json\/wp\/v2\/comments?post=2"}],"version-history":[{"count":72,"href":"https:\/\/www.latelierindigo.ch\/de\/wp-json\/wp\/v2\/pages\/2\/revisions"}],"predecessor-version":[{"id":2337,"href":"https:\/\/www.latelierindigo.ch\/de\/wp-json\/wp\/v2\/pages\/2\/revisions\/2337"}],"wp:attachment":[{"href":"https:\/\/www.latelierindigo.ch\/de\/wp-json\/wp\/v2\/media?parent=2"}],"curies":[{"name":"wp","href":"https:\/\/api.w.org\/{rel}","templated":true}]}}