{"id":28,"date":"2013-04-19T14:47:30","date_gmt":"2013-04-19T12:47:30","guid":{"rendered":"http:\/\/www.riviera-raptors.ch\/dev\/?page_id=28"},"modified":"2022-04-14T15:59:11","modified_gmt":"2022-04-14T13:59:11","slug":"les-artistes","status":"publish","type":"page","link":"https:\/\/www.latelierindigo.ch\/de\/les-artistes\/","title":{"rendered":"Die K\u00fcnstler"},"content":{"rendered":"<h2 style=\"text-align: justify;\"><strong>Die Gruppen<\/strong><\/h2>\n<p>In dieser Kunstschule finden Sie kleine Gruppen von K\u00fcnstlern in drei Alterskategorien. Die Kurse k\u00f6nnen maximal 10 Sch\u00fcler aufnehmen, um eine optimale Betreuung der Kinder zu erm\u00f6glichen.<\/p>\n<p>Es wird eine Parallele zum Zeichenlehrplan der Grundschule und der OS gezogen, um nicht auf bereits assimilierten Stoff zur\u00fcckzugreifen.<\/p>\n<p style=\"text-align: justify;\"><strong>Die 6 - 7 - 8-J\u00e4hrigen :<\/strong><\/p>\n<ul style=\"text-align: justify;\">\n<li>Seine Farben erstellen.<\/li>\n<li>Verfolgung der Themen der Lehrkraft und eine freie Unterrichtsstunde, regelm\u00e4\u00dfig zu dem vom Kind gew\u00e4hlten Thema.<\/li>\n<li>Ann\u00e4herung an die verschiedenen Techniken, Farbstifte, Pastell- oder Neocolorfarben, Gouache- oder Acrylfarben, Bleistifte,...<\/li>\n<li>Ann\u00e4herung an die verschiedenen Ebenen, Perspektive.<\/li>\n<li>Papierauswahl und Rahmungseffekt<\/li>\n<li>Beobachten und verschiedene Studien.<\/li>\n<li>Sein Dossier zusammenstellen.<\/li>\n<\/ul>\n<p style=\"text-align: justify;\"><strong>9 - 10 - 11 Jahre :<\/strong><\/p>\n<ul style=\"text-align: justify;\">\n<li>Komposition, seine Zeichnung platzieren, Proportionen.<\/li>\n<li>1. Begriff der Perspektive und der Tiefe, durch Vordergrund und Hintergrund.<\/li>\n<li>Verfolgung der Themen der Lehrkraft und eine freie Unterrichtsstunde, regelm\u00e4\u00dfig zu dem vom Kind gew\u00e4hlten Thema.<\/li>\n<li>Ann\u00e4herung an die verschiedenen Techniken, Farbstifte, Pastell oder Neocolor, Gouache oder Acryl, Bleistifte mit den H\u00e4rtegraden der Minen, Bleiminen, Blutprobe und wei\u00dfe Kreide, Kohlestifte, Wahl des Papiers...<\/li>\n<li>Beobachten, erfinden, sich befreien.<\/li>\n<li>Abstrakt oder figurativ.<\/li>\n<li>Sein Dossier zusammenstellen.<\/li>\n<\/ul>\n<p style=\"text-align: justify;\"><strong>12 - 13 - 14 Jahre, dito 15 - 16 - 17 Jahre :<\/strong><\/p>\n<ul style=\"text-align: justify;\">\n<li>Freiheit des Themas, Entwicklung der eigenen Forschung.<\/li>\n<li>Zusammensetzung, Proportionen.<\/li>\n<li>Perspektive und Tiefe detaillierter.<\/li>\n<li>Reproduzieren, um zu lernen.<\/li>\n<li>Verfolgung bestimmter Themen der Lehrkraft.<\/li>\n<li>Ann\u00e4herung an die verschiedenen Techniken, Farbstifte, Pastellkreide, Acryl, Bleistifte mit den H\u00e4rtegraden der Minen, Bleiminen, R\u00f6tel, Kohle, Aquarell...\u00d6l auf Anfrage.<\/li>\n<li>Beobachten, erfinden, sich befreien.<\/li>\n<li>Studie des Portr\u00e4ts, der H\u00e4nde mit Bleistift oder Kohle.<\/li>\n<li>Sein Dossier zusammenstellen.<\/li>\n<\/ul>\n<p style=\"text-align: justify;\"><strong>Erwachsene :<\/strong><\/p>\n<ul style=\"text-align: justify;\">\n<li>Vergessen, ein Erwachsener zu sein, auf die eigene Intuition h\u00f6ren.<\/li>\n<li>Sich befreien und sich ausdr\u00fccken.<\/li>\n<li>Anf\u00e4nger oder Fortgeschrittene, je nach Bedarf.<\/li>\n<li>Studium der Skizze, der Farbe, der Medien...<\/li>\n<li>Untersuchung der Einrahmung und Hervorhebung.<\/li>\n<li>Komposition, seine Zeichnung platzieren, Proportionen.<\/li>\n<li>Perspektive und Tiefe im Detail.<\/li>\n<li>Reproduzieren Sie bei Bedarf Stile.<\/li>\n<li>Nachbereitung bestimmter Themen der Lehrkraft bei Bedarf.<\/li>\n<li>Ann\u00e4herung an die verschiedenen Techniken, Farbstifte, Pastellkreiden, Acryl, Stifte mit den H\u00e4rtegraden der Minen, Bleiminen, R\u00f6tel, Kohlestifte, Aquarell, \u00d6l auf Anfrage.<\/li>\n<li>Portr\u00e4tstudie, H\u00e4nde mit Bleistift oder Kohle.<\/li>\n<li>Sein Dossier zusammenstellen.<\/li>\n<\/ul>","protected":false},"excerpt":{"rendered":"<p>Les groupes Au sein de cette Ecole d\u2019Arts, vous trouverez de petits groupes d\u2019artistes selon trois cat\u00e9gories d\u2019\u00e2ges. La capacit\u00e9 <span class=\"ellipsis\">...<\/span> <span class=\"more-link-wrap\"><a href=\"https:\/\/www.latelierindigo.ch\/de\/les-artistes\/\" class=\"more-link\"><span>Read More \u2192.<\/span><\/a><\/span><\/p>","protected":false},"author":1,"featured_media":0,"parent":0,"menu_order":300,"comment_status":"closed","ping_status":"closed","template":"","meta":{"ngg_post_thumbnail":0,"footnotes":""},"class_list":["post-28","page","type-page","status-publish","hentry"],"_links":{"self":[{"href":"https:\/\/www.latelierindigo.ch\/de\/wp-json\/wp\/v2\/pages\/28","targetHints":{"allow":["GET"]}}],"collection":[{"href":"https:\/\/www.latelierindigo.ch\/de\/wp-json\/wp\/v2\/pages"}],"about":[{"href":"https:\/\/www.latelierindigo.ch\/de\/wp-json\/wp\/v2\/types\/page"}],"author":[{"embeddable":true,"href":"https:\/\/www.latelierindigo.ch\/de\/wp-json\/wp\/v2\/users\/1"}],"replies":[{"embeddable":true,"href":"https:\/\/www.latelierindigo.ch\/de\/wp-json\/wp\/v2\/comments?post=28"}],"version-history":[{"count":15,"href":"https:\/\/www.latelierindigo.ch\/de\/wp-json\/wp\/v2\/pages\/28\/revisions"}],"predecessor-version":[{"id":1613,"href":"https:\/\/www.latelierindigo.ch\/de\/wp-json\/wp\/v2\/pages\/28\/revisions\/1613"}],"wp:attachment":[{"href":"https:\/\/www.latelierindigo.ch\/de\/wp-json\/wp\/v2\/media?parent=28"}],"curies":[{"name":"wp","href":"https:\/\/api.w.org\/{rel}","templated":true}]}}