{"id":31,"date":"2013-04-19T14:47:57","date_gmt":"2013-04-19T12:47:57","guid":{"rendered":"http:\/\/www.riviera-raptors.ch\/dev\/?page_id=31"},"modified":"2024-06-06T11:05:39","modified_gmt":"2024-06-06T09:05:39","slug":"conditions","status":"publish","type":"page","link":"https:\/\/www.latelierindigo.ch\/de\/conditions\/","title":{"rendered":"Die Regeln der Schule"},"content":{"rendered":"<h2 style=\"text-align: justify;\"><strong>Der Jahresanfang<\/strong><\/h2>\n<p>Jeder Sch\u00fcler erh\u00e4lt zu Beginn des Schuljahres einen A3-Ordner f\u00fcr die Aufbewahrung seiner Zeichnungen. Sie ist im Schulgeld enthalten und beinhaltet auch den Rahmen der Ausstellung, die Verwaltungskosten der Schule und die Kosten der Ausstellung. Die Mappe wird 3 Jahre lang verwendet. Wenn der Sch\u00fcler nach 1 oder 2 Jahren aufh\u00f6rt, wird ein Zuschlag von CHF 10 erhoben.<\/p>\n<p>Jeder Teilnehmer wird auf die Anweisungen zur Ordnung des Materials aufmerksam gemacht und geht mit dem von der Zeichenschule zur Verf\u00fcgung gestellten Material besonders sorgsam um. Jedes Kind r\u00e4umt seinen Arbeitsplatz und sein Material am Ende des Kurses auf. Diese Zeit wird vom Unterricht abgezogen, je nach Aktivit\u00e4t etwa 5 bis 10 Minuten.<\/p>\n<p>Jede Sch\u00fclerin und jeder Sch\u00fcler muss ein Paar Hausschuhe sowie eine Sch\u00fcrze zu jeder Unterrichtsstunde mitnehmen. Sch\u00fcrzen k\u00f6nnen direkt in der Schule f\u00fcr die Kleinen oder f\u00fcr die Gr\u00f6\u00dferen gekauft werden. Ein altes Hemd tut es auch, bedeckt aber nicht den unteren Teil der Hose. Die Sch\u00fcrzen sind aus beiger Baumwolle und kosten CHF 15 f\u00fcr Kinder bis 11 Jahre oder gro\u00dfe schwarze Sch\u00fcrzen f\u00fcr CHF 20 ab 12 Jahren. Nach Anprobe und nicht verpflichtend.<\/p>\n<h2 style=\"text-align: justify;\"><strong>Die Dauer der Kurse<\/strong><\/h2>\n<p>Ein Kurs dauert 1 Stunde 15 Minuten f\u00fcr Kinder, 1 Stunde 30 Minuten f\u00fcr Jugendliche und 2 Stunden f\u00fcr Erwachsene; diese Zeit wird pro Woche gerechnet. Die Kurse folgen den j\u00e4hrlichen Freiburger Schulferien und den Freiburger Schulfeiertagen. Seit 2015 ist in der Woche nach der j\u00e4hrlichen Veranstaltung eine Woche Urlaub f\u00fcr den Aufwand vorgesehen, der beim Auf- und Abbau, beim Verschieben der Bilder usw. betrieben wird. Sie wird immer zu Beginn des Jahres auf der Website in der Planung der Ferien und Feiertage angek\u00fcndigt.<\/p>\n<p>Das Jahr im Atelier Indigo erstreckt sich \u00fcber 10 Monate bis Ende Juni, \u00fcber <strong><u>35 Arbeitswochen<\/u><\/strong>.<\/p>\n<h2 style=\"text-align: justify;\"><strong>Das Ende des Unterrichts<\/strong><\/h2>\n<p>Die Sch\u00fclerinnen und Sch\u00fcler m\u00fcssen ihre Jahresproduktion sowie alle ihre Sachen am Ende des Schuljahres abholen. Das Atelier \u00fcbernimmt keine Verantwortung f\u00fcr den Verlust oder die Besch\u00e4digung von Sachen oder vergessenem pers\u00f6nlichen Material.<\/p>\n<p>Wie bereits im Abschnitt zum Jahresbeginn erw\u00e4hnt, muss ein Sch\u00fcler, der am Ende des Jahres aufh\u00f6rt und seine Mappe nur ein Jahr lang benutzt hat, dem Sekretariat CHF 10.00 zahlen, um sie zur\u00fcckzubekommen. Da die Mappe benutzt und beschmutzt wurde, ist es nicht m\u00f6glich, sie der Schule zur\u00fcckzugeben.<\/p>\n<p>Die Zeichenschule ist ab Ende Juni in den Ferien. <u>Das Sekretariat ist im Sommer geschlossen <\/u>und \u00f6ffnet w\u00e4hrend des Sommerpraktikums Ende August wieder.<\/p>\n<h2 style=\"text-align: justify;\"><strong>Die Anmeldung<\/strong><\/h2>\n<p>Die Anmeldung erfolgt f\u00fcr ein Jahr und richtet sich nach den verf\u00fcgbaren Pl\u00e4tzen.&nbsp;<strong>Sie ist offiziell und validiert<\/strong>, Die Anmeldegeb\u00fchr wird ab dem Zeitpunkt der Anmeldung f\u00e4llig. Bei Stornierungen oder Absagen zwischen Ende M\u00e4rz und Ende Juni oder w\u00e4hrend des Sommers&nbsp;<strong>aus einem der unter genannten wichtigen Gr\u00fcnde<\/strong>, Der Monat September und der 1.<sup>er<\/sup> Quartal sind f\u00e4llig. Danach verpflichtet sich der Sch\u00fcler gegen\u00fcber der Schule f\u00fcr das gesamte Schuljahr. Ein wichtiger Grund f\u00fcr die Beendigung des Unterrichts ist ein Umzug in eine andere Stadt, eine Krankheit mit \u00e4rztlichem Attest, eine Trennung, eine Scheidung oder eine Entlassung. <u>mit einer Mindestk\u00fcndigungsfrist von einem Vierteljahr<\/u>, <u>mindestens 1 Monat vor Ablauf des Quartals eingegangen sein<\/u>. Mangelnde Lust ist kein Hauptgrund.<\/p>\n<p>Anmeldungen f\u00fcr neue Sch\u00fclerinnen und Sch\u00fcler m\u00fcssen bis zum 30. Juni erfolgen. Wenn es noch Platz gibt, k\u00f6nnen im Laufe des Jahres weitere Anmeldungen vorgenommen werden. Bereits angemeldete Sch\u00fclerinnen und Sch\u00fcler k\u00f6nnen ihre Anmeldung von Jahr zu Jahr erneuern. <strong><u>30. M\u00e4rz bis sp\u00e4testens<\/u><\/strong>, Die Sch\u00fclerinnen und Sch\u00fcler m\u00fcssen sich \u00fcber die \u00c4nderungen der gesetzlichen Bestimmungen informieren. F\u00fcr jeden Sch\u00fcler muss jedes Jahr ein neues Anmeldeformular ausgef\u00fcllt werden.&nbsp;<strong>Nach dem 30. M\u00e4rz wird der Platz dem Sch\u00fcler in keiner Weise zugewiesen, wenn die Anmeldung nicht in den M\u00e4rzmonaten \u00fcbermittelt wird.&nbsp;<\/strong>Die Frist von einem Monat zwischen der Anfang M\u00e4rz \u00fcbermittelten vorl\u00e4ufigen Sch\u00fclerliste und Ende M\u00e4rz erm\u00f6glicht es, die Anmeldung abzuschlie\u00dfen und eine gute Bedenkzeit zu haben, wenn man seine k\u00fcnstlerische Ausbildung im n\u00e4chsten Jahr fortsetzen und gleichzeitig seinen Platz sichern m\u00f6chte.<\/p>\n<p>Die Anmeldung f\u00fcr&nbsp;<strong>die Schnupperkurse<\/strong>, Die einmal auf dem Anmeldeformular best\u00e4tigte Teilnahme am Mittwochs- und Samstagsunterricht f\u00fcr Erwachsene und Jugendliche kann unter keinen Umst\u00e4nden storniert werden, es sei denn, der Schulleitung wird ein wichtiger Grund vorgelegt. Der Sch\u00fcler verpflichtet sich auch f\u00fcr die genannten Termine im Laufe des Jahres.<\/p>\n<p>Die Anmeldung f\u00fcr alle Praktika kann daher nur<strong><u>&nbsp;in keinem Fall<\/u><\/strong>&nbsp;Sie kann jedoch - nur im Falle von Krankheit - auf einen anderen Kurs im Jahr \u00fcbertragen werden.<\/p>\n<p>Nun wurden die Familien ab Dezember 2022 dar\u00fcber informiert, dass ab der ersten Zahlungserinnerung eine Mahngeb\u00fchr von CHF 30 erhoben wird, die dann die Arbeit des Sekretariats ausgleicht.&nbsp;<\/p>\n<h2><strong>Die Probezeit<\/strong><\/h2>\n<p>Die Aufnahme eines neuen Sch\u00fclers ist nach einer vierw\u00f6chigen Probezeit im September endg\u00fcltig, um festzustellen, ob der Sch\u00fcler sich in die Gruppe einf\u00fcgt, ohne sie zu st\u00f6ren, und Interesse am Fach zeigt. Der neue Sch\u00fcler kann sich w\u00e4hrend dieser Probezeit auch wieder abmelden.&nbsp;<strong>Die Probezeit gilt also <u>nur f\u00fcr neue Sch\u00fclerinnen und Sch\u00fcler sowie f\u00fcr Jugendliche, die mit der OS beginnen<\/u><\/strong>&nbsp;und die folglich viele Ver\u00e4nderungen erleben.<\/p>\n<h2><strong>Unterrichtsausf\u00e4lle und -vertretungen<\/strong><\/h2>\n<p>Jede vers\u00e4umte Unterrichtsstunde, die vor der Stunde telefonisch entschuldigt wurde, kann ersetzt werden. <u>Die Vertretung muss von der Sch\u00fclerin\/dem Sch\u00fcler oder den Eltern beantragt werden, <\/u>und mit der Lehrkraft organisieren, je nach Verf\u00fcgbarkeit in den anderen Gruppen desselben Alters und gem\u00e4\u00df der Planung. Die Kurse werden jedoch bei Abwesenheit nicht zur\u00fcckerstattet, und das gilt f\u00fcr alle Sch\u00fclerkategorien.<\/p>\n<p>Bei Vertretungsstunden k\u00f6nnen Erwachsene bis zu <strong><u>4 entschuldigte Kurse<\/u><\/strong>, Dies gilt nicht f\u00fcr Personen, die sich einer medizinischen Behandlung unterziehen, die h\u00e4ufig nicht stattfindet. Dar\u00fcber hinaus verliert der erwachsene Sch\u00fcler seinen Kurs. Sie k\u00f6nnen diese in den regul\u00e4ren Wochenkursen oder an den Schnuppersamstagen nachholen, je nach Verf\u00fcgbarkeit der Jahrespl\u00e4tze.<\/p>\n<p>Bei Vertretungsstunden k\u00f6nnen Sch\u00fclerinnen und Sch\u00fcler im Kindes- und Jugendalter, bis zu&nbsp;<strong><u>4 entschuldigte Kurse<\/u><\/strong> vorher im selben Quartal des vers\u00e4umten Kurses.<\/p>\n<p>Diese Ma\u00dfnahmen mussten ergriffen werden, da es viele Fehlzeiten gab, die manchmal nicht gerechtfertigt waren.<\/p>\n<p>Vertretungen sind immer m\u00f6glich w\u00e4hrend <strong><u>nur im laufenden Schuljahr. Die Vertretung ist nicht verpflichtend, sondern h\u00e4ngt von der Lust und den M\u00f6glichkeiten des Einzelnen ab.<\/u><\/strong><\/p>\n<p>Was den angek\u00fcndigten und als Ersatz vorgesehenen Unterricht betrifft, der von der Lehrerin organisiert wurde und vom Sch\u00fcler vers\u00e4umt wird, so kann dieser nicht mehr neu angesetzt werden.<\/p>\n<p>Kurse, die wegen Krankheit der Lehrkraft ausfallen, werden nicht ersetzt.<\/p>\n<h2><strong>Die Epidemie und die Pandemie<\/strong><\/h2>\n<p>Im April 2020 wurde ein Online-Kurs auf Teams microsoft eingef\u00fchrt. Er hat sich bei allen Sch\u00fclern als effektiv erwiesen und sogar neue M\u00f6glichkeiten f\u00fcr Korrekturen am Bildschirm er\u00f6ffnet, ein neuer Ansatz. Im Falle einer neuen Pandemie oder Epidemie w\u00fcrde der Online-Kurs als \u00c4quivalent zu einem Pr\u00e4senzunterricht im Klassenzimmer betrachtet werden. Er k\u00f6nnte sehr schnell beginnen, ohne Schaden anzurichten, ohne Unterricht zu verpassen, da die Einrichtung vorhanden w\u00e4re. Er w\u00fcrde nicht zu besonderen Bedingungen f\u00fchren, weder zu Rabatten, noch zu R\u00fcckerstattungen, noch zur Annullierung von Kursen w\u00e4hrend des Jahres. Der Sch\u00fcler verpflichtet sich f\u00fcr das Jahr gem\u00e4\u00df den Regeln und kann seinen k\u00fcnstlerischen Jahreskurs nicht unterbrechen. Der Online-Kurs erf\u00fcllt die urspr\u00fcnglichen Bedingungen f\u00fcr einen qualitativ hochwertigen und effizienten, w\u00f6chentlichen Unterricht und entspricht der gleichen Leistung, die im Klassenzimmer erbracht wird, auf der Ebene der Korrektur der Zeichnungen der Sch\u00fcler mit einem guten Programm, das den Fortschritt jedes Einzelnen erm\u00f6glicht. F\u00fcr Personen, die Teams nicht installieren k\u00f6nnen, w\u00e4re wieder eine Installationshilfe vorgesehen, die Indigo-Helpline. Der Online-Kurs bot die M\u00f6glichkeit, sich zu treffen.<\/p>\n<h2 style=\"text-align: justify;\"><strong>Rechte an Bildern<\/strong><\/h2>\n<p>Das Atelier Indigo verwendet Fotografien oder Bilder von Kunstwerken, B\u00fcchern usw. f\u00fcr den Unterricht der Sch\u00fclerinnen und Sch\u00fcler. Die Schule \u00fcbernimmt keine Verantwortung f\u00fcr Kopien von Werken, die in sozialen Netzwerken oder auf Websites ver\u00f6ffentlicht werden, um pers\u00f6nliche Werke zu verkaufen oder Werbung zu machen. Diese Urheberverweise sind f\u00fcr den Sch\u00fcler eine Lernmethode f\u00fcr das Zeichnen oder Malen, die er f\u00fcr sich privat behalten sollte, um keine Schwierigkeiten mit dem Urheber des Werks oder des Bildes eines Fotografen zu bekommen.<\/p>\n<h2 style=\"text-align: justify;\"><strong>Der Zugang zur Schule<\/strong><\/h2>\n<p>Das Atelier Indigo weist darauf hin, dass es nicht gestattet ist, das Gel\u00e4nde der Zeichenschule au\u00dferhalb der Unterrichtszeiten zu betreten. Der Privatbesitz der Nonnen beginnt am Eingangstor, das sich am oberen Ende der Treppe befindet. Der Zugang ist erlaubt&nbsp;<strong>nur f\u00fcr Sch\u00fcler<\/strong>&nbsp;der Zeichenschule,&nbsp;<strong>w\u00e4hrend ihrer Unterrichtszeit<\/strong>. Es ist also nicht vorschriftsm\u00e4\u00dfig, sich dort au\u00dferhalb der Unterrichtszeiten aufzuhalten. Diese neue Regel gilt ab April 2019, nachdem der Hof besch\u00e4digt wurde: Steine \u00fcberall auf dem Weg, zerkratztes Glas aus dem Fenster, der Topf der Beachflag mit Steinen, Chips, herumliegende Flaschen, Urin, Spray Tags etc. Dies f\u00fchrt zu zus\u00e4tzlichen Kosten f\u00fcr die Instandhaltung, die den ertappten Verantwortlichen angelastet werden k\u00f6nnten. Das Atelier Indigo \u00fcbernimmt keine Verantwortung f\u00fcr Eltern, die ihre Kinder nicht beaufsichtigen und sich trotz der Empfehlungen in den Hof begeben.<\/p>\n<p>Das Atelier Indigo musste eine Kamera zur \u00dcberwachung des kleinen Hofes installieren, damit dieser nicht mehr besch\u00e4digt wird oder es zu Diebst\u00e4hlen kommt. Die Schule k\u00f6nnte in diesem Fall Anzeige erstatten.<\/p>\n<h2 style=\"text-align: justify;\"><strong>Der Diebstahl<\/strong><\/h2>\n<p>Das Atelier Indigo informiert, dass das in der Zeichenschule zur Verf\u00fcgung gestellte Material Eigentum der Schule ist, ebenso wie alle Dekorationen oder Accessoires, die sich darin befinden. Das Atelier hat 2018-2019 einen Anstieg des Verschwindens von Architektenradierern, Linealen und anderen G\u00fctern usw. verzeichnet. Der ertappte Sch\u00fcler wird sofort von der Schule ausgeschlossen.<\/p>\n<h2 style=\"text-align: justify;\"><strong>Geistiges Eigentum der Zeichenschule<\/strong><\/h2>\n<p>Das Atelier Indigo informiert, dass jede Person, die das Programm der Schule im Internet, ihre Philosophie, ihre Regeln usw. kopiert, strafrechtlich verfolgt werden kann, ebenso wie jede Person, die durch die Teilnahme an einem gelegentlichen oder mehreren Kursen Firmenspionage betreibt, mit dem Ziel, Strukturinformationen der Zeichenschule zu stehlen oder an andere weiterzugeben.<\/p>","protected":false},"excerpt":{"rendered":"<p>Le d\u00e9but d\u2019ann\u00e9e Chaque \u00e9l\u00e8ve re\u00e7oit un dossier A3 pour le rangement de ses dessins, en d\u00e9but d\u2019ann\u00e9e. Il est <span class=\"ellipsis\">...<\/span> <span class=\"more-link-wrap\"><a href=\"https:\/\/www.latelierindigo.ch\/de\/conditions\/\" class=\"more-link\"><span>Read More \u2192.<\/span><\/a><\/span><\/p>","protected":false},"author":1,"featured_media":0,"parent":0,"menu_order":450,"comment_status":"closed","ping_status":"closed","template":"","meta":{"ngg_post_thumbnail":0,"footnotes":""},"class_list":["post-31","page","type-page","status-publish","hentry"],"_links":{"self":[{"href":"https:\/\/www.latelierindigo.ch\/de\/wp-json\/wp\/v2\/pages\/31","targetHints":{"allow":["GET"]}}],"collection":[{"href":"https:\/\/www.latelierindigo.ch\/de\/wp-json\/wp\/v2\/pages"}],"about":[{"href":"https:\/\/www.latelierindigo.ch\/de\/wp-json\/wp\/v2\/types\/page"}],"author":[{"embeddable":true,"href":"https:\/\/www.latelierindigo.ch\/de\/wp-json\/wp\/v2\/users\/1"}],"replies":[{"embeddable":true,"href":"https:\/\/www.latelierindigo.ch\/de\/wp-json\/wp\/v2\/comments?post=31"}],"version-history":[{"count":60,"href":"https:\/\/www.latelierindigo.ch\/de\/wp-json\/wp\/v2\/pages\/31\/revisions"}],"predecessor-version":[{"id":1882,"href":"https:\/\/www.latelierindigo.ch\/de\/wp-json\/wp\/v2\/pages\/31\/revisions\/1882"}],"wp:attachment":[{"href":"https:\/\/www.latelierindigo.ch\/de\/wp-json\/wp\/v2\/media?parent=31"}],"curies":[{"name":"wp","href":"https:\/\/api.w.org\/{rel}","templated":true}]}}