{"id":34,"date":"2013-04-19T14:48:58","date_gmt":"2013-04-19T12:48:58","guid":{"rendered":"http:\/\/www.riviera-raptors.ch\/dev\/?page_id=34"},"modified":"2026-03-05T20:52:28","modified_gmt":"2026-03-05T19:52:28","slug":"programme","status":"publish","type":"page","link":"https:\/\/www.latelierindigo.ch\/de\/cours\/programme\/","title":{"rendered":"Das Programm"},"content":{"rendered":"<h2 style=\"text-align: justify;\"><strong>Der Stundenplan f\u00fcr den regul\u00e4ren Unterricht<\/strong><\/h2>\n<p style=\"text-align: justify;\"><strong>Montag<\/strong><\/p>\n<p>15.45 - 17.00 Uhr Workshop f\u00fcr Kinder 6- 7 - 8 Jahre<span style=\"margin-right: 0px; float: right;\">9 Pl\u00e4tze<\/span><\/p>\n<p dir=\"ltr\">17.15 - 18.45 Uhr Workshop f\u00fcr Jugendliche ab 12 Jahren und \u00e4lter<span style=\"margin-right: 0px; float: right;\">&nbsp;11 Pl\u00e4tze<\/span><\/p>\n<p style=\"text-align: justify;\"><strong>Dienstag<\/strong><\/p>\n<p><span style=\"margin-right: 0px; float: right;\">9 Pl\u00e4tze<\/span><\/p>\n<p>15.45 - 17.00 Uhr Workshop f\u00fcr Kinder 9 - 10 - 11 Jahre<\/p>\n<p><span style=\"margin-right: 0px; float: right;\">11 Pl\u00e4tze<\/span><\/p>\n<p>17.15 - 18.45 Uhr Workshop f\u00fcr Jugendliche ab 12 Jahren und \u00e4lter<\/p>\n<p style=\"text-align: justify;\"><strong>Mittwoch<\/strong><\/p>\n<p>13.15 - 14.30 Uhr Kinderworkshop 9 - 10 - 11 Jahre<span style=\"margin-right: 0px; float: right;\">9 Pl\u00e4tze<\/span><\/p>\n<p style=\"text-align: justify;\"><strong>Donnerstag<\/strong><\/p>\n<p>15.45 - 17.00 Uhr Workshop f\u00fcr Kinder 9 - 10 -11 Jahre<span style=\"margin-right: 0px; float: right;\">9 Pl\u00e4tze<\/span><\/p>\n<p>17.15 - 18.45 Uhr Workshop f\u00fcr Jugendliche ab 9H<span style=\"margin-right: 0px; float: right;\">&nbsp;11 Pl\u00e4tze<\/span><\/p>\n<p>19.00 - 21.00 Uhr Workshop f\u00fcr Erwachsene <span style=\"margin-right: 0px; float: right;\">9 Pl\u00e4tze<\/span><\/p>\n<p><strong>Freitag<\/strong><\/p>\n<p>16.30 - 18.00 Uhr Workshop f\u00fcr Jugendliche ab 12 Jahren und \u00e4lter<span style=\"margin-right: 0px; float: right;\">11 Pl\u00e4tze<\/span><\/p>\n<p><span style=\"margin-right: 0px; float: right;\">11 Pl\u00e4tze<\/span><\/p>\n<p>18.30 - 19.45 Uhr Workshop f\u00fcr Jugendliche ab 15 Jahren und \u00e4lter<\/p>\n<p style=\"text-align: justify;\">Es ist wichtig, dass Sie Ihren Platz schnell und an dem Tag, der Ihnen am besten passt, reservieren.&nbsp;<\/p>\n<h2 style=\"text-align: justify;\"><strong>Die Praktika<\/strong><\/h2>\n<p style=\"text-align: justify;\">Es ist nicht ausgeschlossen, dass w\u00e4hrend der Schulferien jedes Jahr an bestimmten Tagen Praktika mit folgenden Zeiten organisiert werden: 10.00 - 12.00 Uhr und 14.00 - 16.00 Uhr. In der Mittagszeit wird ein beaufsichtigtes Picknick f\u00fcr die Gruppe angeboten. Das Kind bringt sein eigenes Essen mit.<\/p>\n<p style=\"text-align: justify;\">Gesamtpreis f\u00fcr die 4 Tage CHF 280.- (inkl. Material, ohne Mahlzeiten) oder CHF 70.- pro Tag f\u00fcr 6 Stunden Betreuung.  Es sind 8-10 Pl\u00e4tze zu vergeben, alle Altersgruppen ab 6 Jahren, je nach Nachfrage.<\/p>\n<p style=\"text-align: justify;\">Die Praktika werden ab mindestens 4 Anmeldungen von 8 -10 Sch\u00fclerinnen und Sch\u00fclern durch die vorherige Zusendung eines Einzahlungsscheins best\u00e4tigt.<\/p>\n<p>&nbsp;<\/p>\n<h1><strong>Die geplanten Praktikumsdaten 2025-2026<\/strong><\/h1>\n<p><strong>Montag, 13. April bis Donnerstag, 16. April 2026<\/strong> - Architekturpraktikum Stufe I, II, III, IV, V etc...mel. Projekt I: Projektentwurf einer Villa auf einer Ebene\/ II: Modell Projekt I \/III: Projekt eines Hotels\/IV Modell Hotel-\/V Projekt einer Villa auf 2 Etagen - Zuschlag f\u00fcr Architekturmodell CHF 20.- (4 Tage CHF 370.- Osterferien \/ crois\u00e9 VD\/FR) Total mit Modell CHF 390.- (4 Tage CHF 370.-)<\/p>\n<p><strong>Montag, 24. August bis Mittwoch, 26. August 2026<\/strong>&nbsp;- freier Zeichen- und Malkurs - (3 Tage CHF 260.-)(3 Tage vor Schulbeginn)<\/p>\n<h2><strong>Die geplanten Praktikumsdaten 2026-27<\/strong><\/h2>\n<p><strong>Montag, 12. Oktober bis Donnerstag, 15. Oktober 2026<\/strong>&nbsp;- Architekturpraktikum Niv. I, II, III, IV, V etc. mel. Projekt I: Projektentwurf einer Villa auf einer Ebene\/ II: Modell Projekt I \/III: Projekt eines Hotels\/IV Modell Hotel-\/V Projekt eines Sportzentrums- Zuschlag f\u00fcr Architektenmodell CHF 20.- (4 Tage CHF 370.- Herbstferien \/ crois\u00e9 VD\/FR) Total mit Modell CHF 390.<\/p>\n<p><strong>Montag, 5. April bis Donnerstag, 8. April 2027<\/strong>&nbsp;- Architekturpraktikum Stufe I, II, III, IV, V etc...mel. Projekt I: Entwurf einer Villa auf einer Ebene\/ II: Modell Projekt I \/III: Entwurf eines Hotels\/IV Modell Hotel-\/V Entwurf einer Villa auf 2 Etagen - Zuschlag f\u00fcr Architektenmodell CHF 20.- (4 Tage CHF 370.- Osterferien \/ crois\u00e9 VD\/FR) Total mit Modell CHF 390.<\/p>\n<p><strong>Montag, 23. August bis Mittwoch, 25. August 2027<\/strong>&nbsp;- freier Zeichen- und Malkurs - (3 Tage CHF 275.-) (3 Tage vor Schulbeginn)<\/p>\n<h2><strong>Die Entdeckungssamstage f\u00fcr Erwachsene<\/strong><\/h2>\n<p style=\"text-align: justify;\">F\u00fcr alle, die einen ganzen Nachmittag lang, von 13.30 bis 17.30 Uhr, einen kreativen Workshop durchf\u00fchren m\u00f6chten, der zwei zweist\u00fcndige Erwachsenenkurse repr\u00e4sentiert, ist dies eine L\u00f6sung, die f\u00fcr viele kreative Menschen geeignet sein kann, die keine Zeit f\u00fcr sich selbst finden. Sie m\u00fcssen nicht das ganze Jahr \u00fcber im Atelier Indigo eingeschrieben sein, um von diesem Angebot profitieren zu k\u00f6nnen.<\/p>\n<p style=\"text-align: justify;\">Die Schnupperateliers werden ab mindestens 4 Anmeldungen von 8 -10 Sch\u00fclerinnen und Sch\u00fclern best\u00e4tigt, durch die vorherige Zusendung eines Einzahlungsscheins und nach Vorauszahlung. Eine Anmeldung f\u00fcr alle 6 Termine im Jahr erm\u00f6glicht eine Reduktion des Gesamtpreises auf CHF 650.- statt CHF 672.-. Alle Materialien sind inbegriffen, au\u00dfer eventuellen Leinw\u00e4nden. Damit kann man sich auch seinen Platz sichern.<\/p>\n<p style=\"text-align: justify;\">Bis zu 2 vers\u00e4umte Unterrichtsstunden k\u00f6nnen in den regul\u00e4ren Wochenkursen nachgeholt werden. Bei mehr als 2 Unterrichtsstunden verfallen die vers\u00e4umten Stunden f\u00fcr den Sch\u00fcler.<\/p>\n<h2><strong>Die Daten f\u00fcr den Schuljahresbeginn 2025-2026<\/strong><\/h2>\n<p>Samstag, 14. M\u00e4rz 2026<\/p>\n<h2><strong>Geplante Termine f\u00fcr den Schuljahresbeginn 2026-2027<\/strong><\/h2>\n<p>Samstag, 05. September 2026<\/p>\n<p>Samstag, 03. Oktober 2026<\/p>\n<p>Samstag, 14. November 2026<\/p>\n<p>Samstag, 16. Januar 2027<\/p>\n<p>Samstag, 20. Februar 2027<\/p>\n<p>Samstag, 20. M\u00e4rz 2027<\/p>\n<p>&nbsp;<\/p>\n<h2><strong>Die Entdeckungsmittwochs f\u00fcr Kinder ab 6 Jahren<\/strong><\/h2>\n<p style=\"text-align: justify;\">F\u00fcr alle, die an einigen Nachmittagen im Jahr, von 14.45 bis 16.45 Uhr, einen kreativen Workshop machen m\u00f6chten, der 2 Stunden Zeichnen oder Malen darstellt, bietet das Atelier Indigo diese Option an. Sie m\u00fcssen nicht das ganze Jahr \u00fcber im Atelier Indigo eingeschrieben sein, um diese M\u00f6glichkeit zu nutzen. Das Paket mit 5 Kursen ist als Ganzes \u00fcber das Jahr verteilt zu buchen.<\/p>\n<p style=\"text-align: justify;\">Die Schnupper-Workshops werden ab mindestens 4 Anmeldungen von 8 -10 Sch\u00fclerinnen und Sch\u00fclern, durch die vorherige Zusendung eines Einzahlungsscheins und nach Vorauszahlung best\u00e4tigt. Die Pauschale f\u00fcr die 5 Termine pro Jahr erm\u00f6glicht eine Reduktion des Gesamtpreises auf CHF 270.- statt CHF 290.-. Alle Materialien sind inbegriffen, ausser eventuellen Leinw\u00e4nden. Damit kann man sich auch seinen Platz sichern.<\/p>\n<p style=\"text-align: justify;\">Bis zu zwei vers\u00e4umte Unterrichtsstunden k\u00f6nnen in den regul\u00e4ren w\u00f6chentlichen Kursen der gleichen Altersgruppe nachgeholt werden. Bei mehr als 2 Unterrichtsstunden verfallen die vers\u00e4umten Stunden f\u00fcr den Sch\u00fcler.<\/p>\n<h2><strong>Die Daten f\u00fcr 2025-2026<\/strong><\/h2>\n<p>Mittwoch, 11. M\u00e4rz 2026<\/p>\n<h2><strong>Geplante Termine f\u00fcr den Schuljahresbeginn 2026-2027<\/strong><\/h2>\n<p>Mittwoch, 09. September 2026<\/p>\n<p>Mittwoch, 04. November 2026<\/p>\n<p>Mittwoch, 20. Januar 2027<\/p>\n<p>Mittwoch, 17. Februar 2027<\/p>\n<p>Mittwoch, 17. M\u00e4rz 2027<\/p>\n<p>&nbsp;<\/p>\n<h2><strong> Die Entdeckungssamstage f\u00fcr Jugendliche ab 12 Jahren<\/strong><\/h2>\n<p style=\"text-align: justify;\">F\u00fcr alle, die an einigen Nachmittagen im Jahr, von 13.30 bis 17.00 Uhr, einen kreativen Workshop machen m\u00f6chten, der 3 Stunden Zeichnen oder Malen und 30 Minuten Pause mit kostenlosem Cake &amp; Juice darstellt, bietet das Atelier Indigo diese Option an. Sie m\u00fcssen nicht das ganze Jahr \u00fcber im Atelier Indigo eingeschrieben sein, um davon profitieren zu k\u00f6nnen. Das Paket mit 3 Kursen ist als Ganzes \u00fcber das Jahr verteilt zu buchen.<\/p>\n<p style=\"text-align: justify;\">Die Schnupper-Workshops werden ab mindestens 4 Anmeldungen von 8 -10 Sch\u00fclerinnen und Sch\u00fclern, durch die vorherige Zusendung eines Einzahlungsscheins und nach Vorauszahlung best\u00e4tigt. Eine Anmeldung f\u00fcr die 3 j\u00e4hrlichen Termine kostet CHF 280 statt CHF 300. Alle Materialien sind inbegriffen, ausser eventuellen Leinw\u00e4nden. Damit kann man sich auch seinen Platz sichern.<\/p>\n<p style=\"text-align: justify;\">Bis zu 1 verpasste Unterrichtsstunde kann in regul\u00e4ren w\u00f6chentlichen Kursen derselben Altersgruppe nachgeholt werden. Bei mehr als dieser Stunde verfallen die verpassten Stunden f\u00fcr den Sch\u00fcler.<\/p>\n<h2><strong>Die Daten f\u00fcr 2025-2026<\/strong><\/h2>\n<p>Samstag, 28. M\u00e4rz 2026<\/p>\n<h2><strong>Geplante Termine f\u00fcr den Schuljahresbeginn 2026-2027<\/strong><\/h2>\n<p>Samstag, 28. November 2026<\/p>\n<p>Samstag, 30. Januar 2027<\/p>\n<p>Samstag, 17. April 2027<\/p>\n<p>&nbsp;<\/p>\n<h2><strong>Die Freiburger Schulferien und Freiburger Feiertage 2025-2026<\/strong><\/h2>\n<p><strong>Daten f\u00fcr den Schuljahresbeginn 2025-2026:&nbsp;<\/strong><\/p>\n<p>Karnevalsferien von Montag, 16. Februar bis Freitag, 20. Februar 2026- Schulbeginn 23. Februar 2026<\/p>\n<p>Osterferien von Freitag, 3. April (Karfreitag) bis Freitag, 17. April 2026- Schulbeginn 20. April 2026<\/p>\n<p>Feiertag Christi Himmelfahrt am Donnerstag, den 14. Mai und Freitag, den 15. Mai 2026<\/p>\n<p>Pfingstfeiertag am Montag, den 25. Mai 2026<\/p>\n<p>Feiertag Fronleichnam am Donnerstag, den 4. Juni und Freitag, den 5. Juni 2026<\/p>\n<p><strong>Ende des Jahres im Atelier Indigo am Freitag, den 19. Juni 2026<\/strong><\/p>\n<p><strong>Der Indigo Schulanfang 2026\/2027 ist f\u00fcr Montag, den 31. August 2026 geplant. Die Wiederaufnahme der \u00f6ffentlichen Schule am Donnerstag, den 27. August 2026.<\/strong><\/p>\n<p>&nbsp;<\/p>\n<h2><strong>Die Freiburger Schulferien und Freiburger Feiertage 2026-2027<\/strong><\/h2>\n<p>Herbstferien von Montag, 12. Oktober bis Freitag, 23. Oktober 2026 - Schulbeginn 26. Oktober<\/p>\n<p>Feiertag der Unbefleckten Empf\u00e4ngnis am Dienstag, den 8. Dezember 2026<\/p>\n<p>Weihnachtsferien von Montag, 21. Dezember 2026 bis Freitag, 01. Januar 2027 - Schulbeginn 04. Januar<\/p>\n<p>Karnevalsferien von Montag, den 08. Februar bis Freitag, den 12. Februar 2027 - Schulbeginn 15. Februar<\/p>\n<p>Osterferien von Freitag, 26. M\u00e4rz (Karfreitag) bis Freitag, 09. April 2027 - Schulbeginn 12. April<\/p>\n<p>Feiertag und Himmelfahrtsurlaub am Donnerstag, den 6. Mai und Freitag, den 7. Mai 2027<\/p>\n<p>Pfingstfeiertag am Montag, den 17. Mai 2027<\/p>\n<p>Feiertag und Fronleichnamsurlaub am Donnerstag, den 27. Mai und Freitag, den 28. Mai 2027<\/p>\n<p>Ende des Jahres im Atelier Indigo am Freitag, den 18. Juni 2027<\/p>\n<p>&nbsp;<\/p>\n<p><span style=\"text-decoration: underline;\"><strong>Hinweis<\/strong><\/span> : Die 1<sup>er<\/sup> Mai gilt nicht als Feiertag f\u00fcr das Atelier indigo, ein willk\u00fcrlicher Tag, der den Kindern der Grundschulklassen angeboten wird, aber nicht in der OS oder im Coll\u00e8ge. Seit 2013 werden die Kurse vom 1.<sup>er<\/sup> Mai, Kinder oder Jugendliche oder Erwachsene, <u>wurden daher immer beibehalten<\/u>, auf Beschluss von Sandra Kupferschmid.&nbsp;<\/p>\n<p><em><strong>Die j\u00e4hrliche Veranstaltung wird 2026 in Form eines privaten Tags der offenen T\u00fcr stattfinden. Sie wird verschoben und im darauffolgenden Schuljahr f\u00fcr die \u00d6ffentlichkeit zug\u00e4nglich gemacht und findet 2027 statt.<\/strong><\/em><\/p>\n<p>&nbsp;<\/p>\n<p>&nbsp;<\/p>","protected":false},"excerpt":{"rendered":"<p>L&rsquo;horaire des cours r\u00e9guliers Lundi 15 h 45 \u2013 17 h 00 atelier enfant 6\u2013&nbsp;7 &#8211;&nbsp;8 ans9&nbsp;places 17 h&nbsp;15 \u2013 <span class=\"ellipsis\">...<\/span> <span class=\"more-link-wrap\"><a href=\"https:\/\/www.latelierindigo.ch\/de\/cours\/programme\/\" class=\"more-link\"><span>Read More \u2192.<\/span><\/a><\/span><\/p>","protected":false},"author":1,"featured_media":0,"parent":32,"menu_order":510,"comment_status":"closed","ping_status":"closed","template":"","meta":{"ngg_post_thumbnail":0,"footnotes":""},"class_list":["post-34","page","type-page","status-publish","hentry"],"_links":{"self":[{"href":"https:\/\/www.latelierindigo.ch\/de\/wp-json\/wp\/v2\/pages\/34","targetHints":{"allow":["GET"]}}],"collection":[{"href":"https:\/\/www.latelierindigo.ch\/de\/wp-json\/wp\/v2\/pages"}],"about":[{"href":"https:\/\/www.latelierindigo.ch\/de\/wp-json\/wp\/v2\/types\/page"}],"author":[{"embeddable":true,"href":"https:\/\/www.latelierindigo.ch\/de\/wp-json\/wp\/v2\/users\/1"}],"replies":[{"embeddable":true,"href":"https:\/\/www.latelierindigo.ch\/de\/wp-json\/wp\/v2\/comments?post=34"}],"version-history":[{"count":223,"href":"https:\/\/www.latelierindigo.ch\/de\/wp-json\/wp\/v2\/pages\/34\/revisions"}],"predecessor-version":[{"id":2342,"href":"https:\/\/www.latelierindigo.ch\/de\/wp-json\/wp\/v2\/pages\/34\/revisions\/2342"}],"up":[{"embeddable":true,"href":"https:\/\/www.latelierindigo.ch\/de\/wp-json\/wp\/v2\/pages\/32"}],"wp:attachment":[{"href":"https:\/\/www.latelierindigo.ch\/de\/wp-json\/wp\/v2\/media?parent=34"}],"curies":[{"name":"wp","href":"https:\/\/api.w.org\/{rel}","templated":true}]}}