{"id":35,"date":"2013-04-19T14:49:13","date_gmt":"2013-04-19T12:49:13","guid":{"rendered":"http:\/\/www.riviera-raptors.ch\/dev\/?page_id=35"},"modified":"2023-02-09T17:10:10","modified_gmt":"2023-02-09T16:10:10","slug":"tarifs","status":"publish","type":"page","link":"https:\/\/www.latelierindigo.ch\/de\/cours\/tarifs\/","title":{"rendered":"Die Tarife"},"content":{"rendered":"<h2><strong>Die Kursgeb\u00fchren<\/strong><\/h2>\n<p><strong>Kinder<\/strong><\/p>\n<p>6 - 7 - 8 Jahre \/ 9 - 10 - 11 Jahre<\/p>\n<p>durchschnittlicher Preis inklusive Ferien und Feiertage<br \/>\nKurs von 1H15<\/p>\n<p>Monatliche Geb\u00fchr CHF 120.-<br \/>\nViertelj\u00e4hrliche Geb\u00fchr CHF 360.-<\/p>\n<p><strong>Jugendliche<\/strong><\/p>\n<p>12 - 13 - 14 Jahre \/ 15 - 16 - 17 Jahre<\/p>\n<p>durchschnittlicher Preis inklusive Ferien und Feiertage<br \/>\nder Kurs von 1H30<\/p>\n<p>Monatliche Geb\u00fchr CHF 142.-<br \/>\nViertelj\u00e4hrliche Geb\u00fchr CHF 426.-<\/p>\n<p><strong>&nbsp;Erwachsene<\/strong><br \/>\ndurchschnittlicher Preis inklusive Ferien und Feiertage<br \/>\nder Kurs von 2H00<\/p>\n<p style=\"text-align: justify;\">Monatliche Geb\u00fchr CHF 218.-<br \/>\nViertelj\u00e4hrliche Geb\u00fchr CHF 654.-<\/p>\n<p>In diesen Tarifen,&nbsp;<u>alle notwendigen Materialien werden vor Ort zur Verf\u00fcgung gestellt<\/u>, Mit Ausnahme von Leinw\u00e4nden und \u00d6lgem\u00e4lden. Die \u00fcbrigen Materialien, wie Zeichenpapier, Staffeleien, Pastellkreiden, Bleistifte, Sanguinik, Kohle und allgemeines Zeichenmaterial stehen zur Verf\u00fcgung.<\/p>\n<p>Ein j\u00e4hrliches Schulgeld von CHF 70 wird zu Beginn des Jahres bis Ende September f\u00fcr die Pr\u00e4sentationsmappen jedes Sch\u00fclers, die die Schule zur Verf\u00fcgung stellt, sowie f\u00fcr die Verwaltung der Schule und die Vorbereitung der Ausstellung am Ende des Jahres (Rahmen, Verwaltung der Ausstellung...) erhoben.<\/p>\n<p>Die Schule ist nicht mehrwertsteuerpflichtig, die \u00fcbermittelten Preise sind Nettopreise.<\/p>","protected":false},"excerpt":{"rendered":"<p>Die Kursgeb\u00fchren Kinder 6 - 7 - 8 Jahre \/ 9 - 10 - 11 Jahre Durchschnittspreis <span class=\"ellipsis\">...<\/span> <span class=\"more-link-wrap\"><a href=\"https:\/\/www.latelierindigo.ch\/de\/cours\/tarifs\/\" class=\"more-link\"><span>Read More \u2192.<\/span><\/a><\/span><\/p>","protected":false},"author":1,"featured_media":0,"parent":32,"menu_order":520,"comment_status":"closed","ping_status":"closed","template":"","meta":{"ngg_post_thumbnail":0,"footnotes":""},"class_list":["post-35","page","type-page","status-publish","hentry"],"_links":{"self":[{"href":"https:\/\/www.latelierindigo.ch\/de\/wp-json\/wp\/v2\/pages\/35","targetHints":{"allow":["GET"]}}],"collection":[{"href":"https:\/\/www.latelierindigo.ch\/de\/wp-json\/wp\/v2\/pages"}],"about":[{"href":"https:\/\/www.latelierindigo.ch\/de\/wp-json\/wp\/v2\/types\/page"}],"author":[{"embeddable":true,"href":"https:\/\/www.latelierindigo.ch\/de\/wp-json\/wp\/v2\/users\/1"}],"replies":[{"embeddable":true,"href":"https:\/\/www.latelierindigo.ch\/de\/wp-json\/wp\/v2\/comments?post=35"}],"version-history":[{"count":20,"href":"https:\/\/www.latelierindigo.ch\/de\/wp-json\/wp\/v2\/pages\/35\/revisions"}],"predecessor-version":[{"id":1709,"href":"https:\/\/www.latelierindigo.ch\/de\/wp-json\/wp\/v2\/pages\/35\/revisions\/1709"}],"up":[{"embeddable":true,"href":"https:\/\/www.latelierindigo.ch\/de\/wp-json\/wp\/v2\/pages\/32"}],"wp:attachment":[{"href":"https:\/\/www.latelierindigo.ch\/de\/wp-json\/wp\/v2\/media?parent=35"}],"curies":[{"name":"wp","href":"https:\/\/api.w.org\/{rel}","templated":true}]}}