{"id":36,"date":"2013-04-19T14:49:29","date_gmt":"2013-04-19T12:49:29","guid":{"rendered":"http:\/\/www.riviera-raptors.ch\/dev\/?page_id=36"},"modified":"2023-02-14T16:12:45","modified_gmt":"2023-02-14T15:12:45","slug":"reglement","status":"publish","type":"page","link":"https:\/\/www.latelierindigo.ch\/de\/cours\/reglement\/","title":{"rendered":"Die Zahlungen"},"content":{"rendered":"<h2 style=\"text-align: justify;\"><strong>Die Vorgehensweise<\/strong><\/h2>\n<p style=\"text-align: justify;\">Die Zahlung f\u00fcr den Monat September muss bis Ende Juli erfolgen.<br \/>\nDie Zahlung f\u00fcr das Quartal Oktober\/November\/Dezember muss bis Ende September erfolgen.<br \/>\nDie Zahlung f\u00fcr das Quartal Januar\/Februar\/M\u00e4rz muss Ende Dezember erfolgen.<br \/>\nDie Zahlung f\u00fcr das Quartal April\/Mai\/Juni muss bis Ende M\u00e4rz erfolgen.<em id=\"__mceDel\"><em id=\"__mceDel\"><em id=\"__mceDel\"><em id=\"__mceDel\"><em id=\"__mceDel\"><em id=\"__mceDel\"><em id=\"__mceDel\"><em id=\"__mceDel\"><em id=\"__mceDel\"><em id=\"__mceDel\"><br \/>\n<\/em><\/em><\/em><\/em><\/em><\/em><\/em><\/em><\/em><\/em>Folglich erfolgt die Zahlung f\u00fcr zehn Monate.<\/p>\n<p>Bei einer Zahlungserinnerung wird eine zus\u00e4tzliche Geb\u00fchr in H\u00f6he von CHF 30 auf die urspr\u00fcngliche Rechnung aufgeschlagen.<\/p>\n<p style=\"text-align: justify;\">Die Zahlung f\u00fcr den Monat September erfolgt monatlich. Das Schulgeld von CHF 70 wird Ende September mit dem 1.<\/p>\n<p><u>Ich danke den Sch\u00fclern und Eltern schon jetzt f\u00fcr die Einhaltung der Zahlungsfristen.<\/u>, Die Mitarbeiterinnen und Mitarbeiter des Projekts haben die Aufgabe, die Arbeit des Projekts zu koordinieren, damit auch die Lieferung der Materialien an die Werkstatt und die Verwaltung reibungslos ablaufen.<\/p>\n<p>Erm\u00e4\u00dfigungen sind f\u00fcr Geschwister vorgesehen CHF 10.- monatlich weniger f\u00fcr jedes Kind derselben Familie, au\u00dfer f\u00fcr die Samstags- und Mittwochserlebnisse, die auf einem Pauschalpreis basieren.<\/p>\n<p>Zur Erinnerung: Die Kurse werden bei Abwesenheit nicht zur\u00fcckerstattet.<\/p>\n<p>Es ist zu beachten, dass der Tarif die Freiburger Schulferien und die Freiburger Feiertage einschlie\u00dft (auf der Website der Gemeinde angek\u00fcndigt) und dass daher einige Monate k\u00fcrzer sein werden als andere, was die Teilnahme an den Kursen betrifft, aber der Tarif bleibt gleich, er stellt einen Durchschnitt dar. Die Woche nach der Ausstellung ist f\u00fcr alle frei, da die Lehrerin die Ausstellung betreut, aufbaut, abbaut, anwesend ist, organisiert und aufr\u00e4umt.<\/p>\n<p>Bei Meinungsverschiedenheiten beh\u00e4lt sich die Schulleitung das Recht vor, einen Sch\u00fcler im Laufe des Jahres von der Schule ausschlie\u00dfen zu k\u00f6nnen, wenn die Situation dies erfordert, wobei eine Frist von einem Monat einzuhalten ist.<\/p>","protected":false},"excerpt":{"rendered":"<p>La marche \u00e0 suivre Le paiement du mois de septembre devra \u00eatre effectu\u00e9 \u00e0 fin juillet. Le paiement du trimestre <span class=\"ellipsis\">...<\/span> <span class=\"more-link-wrap\"><a href=\"https:\/\/www.latelierindigo.ch\/de\/cours\/reglement\/\" class=\"more-link\"><span>Read More \u2192.<\/span><\/a><\/span><\/p>","protected":false},"author":1,"featured_media":0,"parent":32,"menu_order":530,"comment_status":"closed","ping_status":"closed","template":"","meta":{"ngg_post_thumbnail":0,"footnotes":""},"class_list":["post-36","page","type-page","status-publish","hentry"],"_links":{"self":[{"href":"https:\/\/www.latelierindigo.ch\/de\/wp-json\/wp\/v2\/pages\/36","targetHints":{"allow":["GET"]}}],"collection":[{"href":"https:\/\/www.latelierindigo.ch\/de\/wp-json\/wp\/v2\/pages"}],"about":[{"href":"https:\/\/www.latelierindigo.ch\/de\/wp-json\/wp\/v2\/types\/page"}],"author":[{"embeddable":true,"href":"https:\/\/www.latelierindigo.ch\/de\/wp-json\/wp\/v2\/users\/1"}],"replies":[{"embeddable":true,"href":"https:\/\/www.latelierindigo.ch\/de\/wp-json\/wp\/v2\/comments?post=36"}],"version-history":[{"count":19,"href":"https:\/\/www.latelierindigo.ch\/de\/wp-json\/wp\/v2\/pages\/36\/revisions"}],"predecessor-version":[{"id":1712,"href":"https:\/\/www.latelierindigo.ch\/de\/wp-json\/wp\/v2\/pages\/36\/revisions\/1712"}],"up":[{"embeddable":true,"href":"https:\/\/www.latelierindigo.ch\/de\/wp-json\/wp\/v2\/pages\/32"}],"wp:attachment":[{"href":"https:\/\/www.latelierindigo.ch\/de\/wp-json\/wp\/v2\/media?parent=36"}],"curies":[{"name":"wp","href":"https:\/\/api.w.org\/{rel}","templated":true}]}}