{"id":142,"date":"2013-04-25T20:49:53","date_gmt":"2013-04-25T18:49:53","guid":{"rendered":"http:\/\/www.riviera-raptors.ch\/dev\/?page_id=142"},"modified":"2020-07-09T17:10:43","modified_gmt":"2020-07-09T15:10:43","slug":"la-philosophie","status":"publish","type":"page","link":"https:\/\/www.latelierindigo.ch\/es\/galerie\/la-philosophie\/","title":{"rendered":"Filosof\u00eda"},"content":{"rendered":"<h2><strong>Ense\u00f1anza<\/strong><\/h2>\n<p style=\"text-align: justify;\">En esta escuela de arte no hay requisitos de acceso selectivos. El objetivo no es seleccionar niveles de habilidad, sino revelar el talento de los alumnos y descubrirlo con el tiempo.<br \/>\nYa estoy deseando ver los progresos de cada uno y descubrir los talentos que est\u00e1n esperando a ser expresados y florecer.<\/p>\n<p style=\"text-align: justify;\">Escuchar\u00e9 sus deseos. El dibujo y la pintura son aprendizajes fastidiosos y que requieren mucho tiempo, pero aportan equilibrio en todo momento. Se necesita tiempo, trabajo duro, calma y paciencia.<\/p>\n<p style=\"text-align: justify;\">Es una maravillosa escuela de la vida para los m\u00e1s peque\u00f1os y un lugar tranquilo para los mayores. La escuela de dibujo ense\u00f1a estabilidad, disciplina, perseverancia, autoexigencia, creatividad, sed de aprendizaje y tolerancia hacia los dem\u00e1s.<\/p>\n<p style=\"text-align: justify;\">Para que los j\u00f3venes desarrollen estas cualidades esenciales, creo que es vital ofrecerles esta disciplina art\u00edstica. Por supuesto, hay que darles una pasi\u00f3n, una actividad que pueda acompa\u00f1arles toda la vida, ya que en este campo no hay limitaciones de edad ni deportivas.<\/p>\n<p style=\"text-align: justify;\">Pero, sobre todo, esta pasi\u00f3n les aportar\u00e1 una gran felicidad y una cruda libertad. Un gran agradecimiento por la foto a Liliane, Anita, Aurore, Elsa y Lenny, as\u00ed como por su fidelidad, por nuestro compartir art\u00edstico cada semana que tanto me aporta. Mi m\u00e1s sincero agradecimiento a todos mis alumnos.<\/p>\n<p><a href=\"http:\/\/www.latelierindigo.ch\/wp-content\/uploads\/2020\/03\/IMG_2657.jpg\"><img loading=\"lazy\" decoding=\"async\" width=\"640\" height=\"640\" class=\"aligncenter wp-image-1409\" alt=\"\" src=\"http:\/\/www.latelierindigo.ch\/wp-content\/uploads\/2020\/03\/IMG_2657-1024x1024.jpg\" srcset=\"https:\/\/www.latelierindigo.ch\/wp-content\/uploads\/2020\/03\/IMG_2657-1024x1024.jpg 1024w, https:\/\/www.latelierindigo.ch\/wp-content\/uploads\/2020\/03\/IMG_2657-150x150.jpg 150w, https:\/\/www.latelierindigo.ch\/wp-content\/uploads\/2020\/03\/IMG_2657-300x300.jpg 300w, https:\/\/www.latelierindigo.ch\/wp-content\/uploads\/2020\/03\/IMG_2657-768x768.jpg 768w\" sizes=\"auto, (max-width: 640px) 100vw, 640px\" \/><\/a><\/p>\n<p>&nbsp;<\/p>\n<p><a href=\"http:\/\/www.latelierindigo.ch\/wp-content\/uploads\/2020\/03\/IMG_2559.jpg\"><img loading=\"lazy\" decoding=\"async\" width=\"640\" height=\"480\" class=\"aligncenter wp-image-1410 size-large\" alt=\"\" src=\"http:\/\/www.latelierindigo.ch\/wp-content\/uploads\/2020\/03\/IMG_2559-1024x768.jpg\" srcset=\"https:\/\/www.latelierindigo.ch\/wp-content\/uploads\/2020\/03\/IMG_2559-1024x768.jpg 1024w, https:\/\/www.latelierindigo.ch\/wp-content\/uploads\/2020\/03\/IMG_2559-300x225.jpg 300w, https:\/\/www.latelierindigo.ch\/wp-content\/uploads\/2020\/03\/IMG_2559-768x576.jpg 768w\" sizes=\"auto, (max-width: 640px) 100vw, 640px\" \/><\/a><\/p>\n<p><a href=\"http:\/\/www.latelierindigo.ch\/wp-content\/uploads\/2020\/03\/IMG_2602.jpg\"><img loading=\"lazy\" decoding=\"async\" width=\"640\" height=\"640\" class=\"aligncenter wp-image-1411 size-large\" alt=\"\" src=\"http:\/\/www.latelierindigo.ch\/wp-content\/uploads\/2020\/03\/IMG_2602-e1584974042155-1024x1024.jpg\" srcset=\"https:\/\/www.latelierindigo.ch\/wp-content\/uploads\/2020\/03\/IMG_2602-e1584974042155-1024x1024.jpg 1024w, https:\/\/www.latelierindigo.ch\/wp-content\/uploads\/2020\/03\/IMG_2602-e1584974042155-150x150.jpg 150w, https:\/\/www.latelierindigo.ch\/wp-content\/uploads\/2020\/03\/IMG_2602-e1584974042155-300x300.jpg 300w, https:\/\/www.latelierindigo.ch\/wp-content\/uploads\/2020\/03\/IMG_2602-e1584974042155-768x768.jpg 768w\" sizes=\"auto, (max-width: 640px) 100vw, 640px\" \/><\/a><\/p>\n<p><a href=\"http:\/\/www.latelierindigo.ch\/wp-content\/uploads\/2020\/03\/IMG_2569.jpg\"><img loading=\"lazy\" decoding=\"async\" width=\"640\" height=\"640\" class=\"aligncenter wp-image-1423 size-large\" alt=\"\" src=\"http:\/\/www.latelierindigo.ch\/wp-content\/uploads\/2020\/03\/IMG_2569-1024x1024.jpg\" srcset=\"https:\/\/www.latelierindigo.ch\/wp-content\/uploads\/2020\/03\/IMG_2569-1024x1024.jpg 1024w, https:\/\/www.latelierindigo.ch\/wp-content\/uploads\/2020\/03\/IMG_2569-150x150.jpg 150w, https:\/\/www.latelierindigo.ch\/wp-content\/uploads\/2020\/03\/IMG_2569-300x300.jpg 300w, https:\/\/www.latelierindigo.ch\/wp-content\/uploads\/2020\/03\/IMG_2569-768x768.jpg 768w\" sizes=\"auto, (max-width: 640px) 100vw, 640px\" \/><\/a><\/p>\n<p>&nbsp;<\/p>\n<p><a href=\"http:\/\/www.latelierindigo.ch\/wp-content\/uploads\/2020\/03\/Format-WEB-38.jpg\"><img loading=\"lazy\" decoding=\"async\" width=\"640\" height=\"961\" class=\"aligncenter wp-image-1416\" alt=\"\" src=\"http:\/\/www.latelierindigo.ch\/wp-content\/uploads\/2020\/03\/Format-WEB-38.jpg\" srcset=\"https:\/\/www.latelierindigo.ch\/wp-content\/uploads\/2020\/03\/Format-WEB-38.jpg 413w, https:\/\/www.latelierindigo.ch\/wp-content\/uploads\/2020\/03\/Format-WEB-38-200x300.jpg 200w\" sizes=\"auto, (max-width: 640px) 100vw, 640px\" \/><\/a><\/p>\n<p style=\"text-align: center;\">&nbsp;<\/p>\n<p>&nbsp;<\/p>","protected":false},"excerpt":{"rendered":"<p>L&rsquo;enseignement Aucun dossier s\u00e9lectif d\u2019entr\u00e9e n\u2019est n\u00e9cessaire pour rentrer dans cette \u00e9cole de dessin. Le but n\u2019est pas de s\u00e9lectionner <span class=\"ellipsis\">...<\/span> <span class=\"more-link-wrap\"><a href=\"https:\/\/www.latelierindigo.ch\/es\/galerie\/la-philosophie\/\" class=\"more-link\"><span>Leer m\u00e1s \u2192<\/span><\/a><\/span><\/p>","protected":false},"author":1,"featured_media":0,"parent":9,"menu_order":220,"comment_status":"closed","ping_status":"closed","template":"","meta":{"ngg_post_thumbnail":0,"footnotes":""},"class_list":["post-142","page","type-page","status-publish","hentry"],"_links":{"self":[{"href":"https:\/\/www.latelierindigo.ch\/es\/wp-json\/wp\/v2\/pages\/142","targetHints":{"allow":["GET"]}}],"collection":[{"href":"https:\/\/www.latelierindigo.ch\/es\/wp-json\/wp\/v2\/pages"}],"about":[{"href":"https:\/\/www.latelierindigo.ch\/es\/wp-json\/wp\/v2\/types\/page"}],"author":[{"embeddable":true,"href":"https:\/\/www.latelierindigo.ch\/es\/wp-json\/wp\/v2\/users\/1"}],"replies":[{"embeddable":true,"href":"https:\/\/www.latelierindigo.ch\/es\/wp-json\/wp\/v2\/comments?post=142"}],"version-history":[{"count":17,"href":"https:\/\/www.latelierindigo.ch\/es\/wp-json\/wp\/v2\/pages\/142\/revisions"}],"predecessor-version":[{"id":1436,"href":"https:\/\/www.latelierindigo.ch\/es\/wp-json\/wp\/v2\/pages\/142\/revisions\/1436"}],"up":[{"embeddable":true,"href":"https:\/\/www.latelierindigo.ch\/es\/wp-json\/wp\/v2\/pages\/9"}],"wp:attachment":[{"href":"https:\/\/www.latelierindigo.ch\/es\/wp-json\/wp\/v2\/media?parent=142"}],"curies":[{"name":"wp","href":"https:\/\/api.w.org\/{rel}","templated":true}]}}