{"id":28,"date":"2013-04-19T14:47:30","date_gmt":"2013-04-19T12:47:30","guid":{"rendered":"http:\/\/www.riviera-raptors.ch\/dev\/?page_id=28"},"modified":"2022-04-14T15:59:11","modified_gmt":"2022-04-14T13:59:11","slug":"les-artistes","status":"publish","type":"page","link":"https:\/\/www.latelierindigo.ch\/es\/les-artistes\/","title":{"rendered":"Los artistas"},"content":{"rendered":"<h2 style=\"text-align: justify;\"><strong>Los grupos<\/strong><\/h2>\n<p>En la Ecole d'Arts, encontrar\u00e1s peque\u00f1os grupos de artistas en tres categor\u00edas de edad. Las clases pueden acoger a un m\u00e1ximo de 10 alumnos, para garantizar la mejor atenci\u00f3n y apoyo posibles a cada ni\u00f1o.<\/p>\n<p>Se establecer\u00e1 un paralelismo con el programa de dibujo en la ense\u00f1anza primaria y secundaria, para no volver sobre temas ya asimilados.<\/p>\n<p style=\"text-align: justify;\"><strong>6 - 7 - 8 a\u00f1os :<\/strong><\/p>\n<ul style=\"text-align: justify;\">\n<li>Crea tus propios colores.<\/li>\n<li>Siguiendo los temas del profesor y una lecci\u00f3n libre, regularmente sobre el tema elegido por el ni\u00f1o.<\/li>\n<li>Iniciaci\u00f3n a diferentes t\u00e9cnicas, l\u00e1pices de colores, pasteles o neocolores, t\u00e9mperas o acr\u00edlicos, l\u00e1pices de colores, etc.<\/li>\n<li>Aproximaci\u00f3n a diferentes planos, perspectiva.<\/li>\n<li>Elecci\u00f3n del papel y efecto de enmarcado<\/li>\n<li>Observaci\u00f3n y estudios diversos.<\/li>\n<li>Prepare su expediente.<\/li>\n<\/ul>\n<p style=\"text-align: justify;\"><strong>9 - 10 - 11 a\u00f1os :<\/strong><\/p>\n<ul style=\"text-align: justify;\">\n<li>Composici\u00f3n, colocaci\u00f3n del dibujo, proporciones.<\/li>\n<li>1\u00aa noci\u00f3n de perspectiva y profundidad, a trav\u00e9s del primer plano y el fondo.<\/li>\n<li>Siguiendo los temas del profesor y una lecci\u00f3n libre, regularmente sobre el tema elegido por el ni\u00f1o.<\/li>\n<li>Iniciaci\u00f3n a diferentes t\u00e9cnicas, l\u00e1pices de colores, pasteles o neocolores, t\u00e9mperas o acr\u00edlicos, l\u00e1pices con diferentes durezas de mina, grafito, tiza roja y tiza blanca, carboncillo, elecci\u00f3n del papel...<\/li>\n<li>Observa, inventa, lib\u00e9rate.<\/li>\n<li>Abstracto o figurativo.<\/li>\n<li>Prepare su expediente.<\/li>\n<\/ul>\n<p style=\"text-align: justify;\"><strong>12 - 13 - 14 a\u00f1os, \u00eddem 15 - 16 - 17 a\u00f1os :<\/strong><\/p>\n<ul style=\"text-align: justify;\">\n<li>Libertad de tema, desarrollo de su propia investigaci\u00f3n.<\/li>\n<li>Composici\u00f3n y proporciones.<\/li>\n<li>Perspectiva y profundidad m\u00e1s detalladas.<\/li>\n<li>Reproducir para aprender.<\/li>\n<li>Seguimiento de algunos de los temas del profesor.<\/li>\n<li>Iniciaci\u00f3n a diferentes t\u00e9cnicas, l\u00e1pices de colores, pasteles, acr\u00edlicos, l\u00e1pices con diferentes durezas de mina, grafito, sanguina, carboncillo, acuarela...\u00f3leo a petici\u00f3n.<\/li>\n<li>Observa, inventa, lib\u00e9rate.<\/li>\n<li>Estudio del retrato y las manos a l\u00e1piz o carboncillo.<\/li>\n<li>Prepare su expediente.<\/li>\n<\/ul>\n<p style=\"text-align: justify;\"><strong>Adultos :<\/strong><\/p>\n<ul style=\"text-align: justify;\">\n<li>Olv\u00eddate de ser adulto y haz caso a tu intuici\u00f3n.<\/li>\n<li>Liberarse y expresarse.<\/li>\n<li>Principiantes o avanzados, en funci\u00f3n de la demanda.<\/li>\n<li>Estudio del boceto, el color, los medios, etc.<\/li>\n<li>Estudio de enmarcaci\u00f3n y exposici\u00f3n.<\/li>\n<li>Composici\u00f3n, colocaci\u00f3n del dibujo, proporciones.<\/li>\n<li>Perspectiva y profundidad en detalle.<\/li>\n<li>Reproduzca estilos seg\u00fan sea necesario.<\/li>\n<li>Seguimiento de determinados temas por parte del profesor si es necesario.<\/li>\n<li>Iniciaci\u00f3n a diferentes t\u00e9cnicas, l\u00e1pices de colores, pasteles, acr\u00edlicos, l\u00e1pices con diferentes durezas de mina, tiza roja, carboncillo, acuarela, \u00f3leo por encargo.<\/li>\n<li>Estudio de retrato, manos a l\u00e1piz o carboncillo.<\/li>\n<li>Prepare su expediente.<\/li>\n<\/ul>","protected":false},"excerpt":{"rendered":"<p>Les groupes Au sein de cette Ecole d\u2019Arts, vous trouverez de petits groupes d\u2019artistes selon trois cat\u00e9gories d\u2019\u00e2ges. La capacit\u00e9 <span class=\"ellipsis\">...<\/span> <span class=\"more-link-wrap\"><a href=\"https:\/\/www.latelierindigo.ch\/es\/les-artistes\/\" class=\"more-link\"><span>Leer m\u00e1s \u2192<\/span><\/a><\/span><\/p>","protected":false},"author":1,"featured_media":0,"parent":0,"menu_order":300,"comment_status":"closed","ping_status":"closed","template":"","meta":{"ngg_post_thumbnail":0,"footnotes":""},"class_list":["post-28","page","type-page","status-publish","hentry"],"_links":{"self":[{"href":"https:\/\/www.latelierindigo.ch\/es\/wp-json\/wp\/v2\/pages\/28","targetHints":{"allow":["GET"]}}],"collection":[{"href":"https:\/\/www.latelierindigo.ch\/es\/wp-json\/wp\/v2\/pages"}],"about":[{"href":"https:\/\/www.latelierindigo.ch\/es\/wp-json\/wp\/v2\/types\/page"}],"author":[{"embeddable":true,"href":"https:\/\/www.latelierindigo.ch\/es\/wp-json\/wp\/v2\/users\/1"}],"replies":[{"embeddable":true,"href":"https:\/\/www.latelierindigo.ch\/es\/wp-json\/wp\/v2\/comments?post=28"}],"version-history":[{"count":15,"href":"https:\/\/www.latelierindigo.ch\/es\/wp-json\/wp\/v2\/pages\/28\/revisions"}],"predecessor-version":[{"id":1613,"href":"https:\/\/www.latelierindigo.ch\/es\/wp-json\/wp\/v2\/pages\/28\/revisions\/1613"}],"wp:attachment":[{"href":"https:\/\/www.latelierindigo.ch\/es\/wp-json\/wp\/v2\/media?parent=28"}],"curies":[{"name":"wp","href":"https:\/\/api.w.org\/{rel}","templated":true}]}}