{"id":34,"date":"2013-04-19T14:48:58","date_gmt":"2013-04-19T12:48:58","guid":{"rendered":"http:\/\/www.riviera-raptors.ch\/dev\/?page_id=34"},"modified":"2026-03-05T20:52:28","modified_gmt":"2026-03-05T19:52:28","slug":"programme","status":"publish","type":"page","link":"https:\/\/www.latelierindigo.ch\/es\/cours\/programme\/","title":{"rendered":"El Programa"},"content":{"rendered":"<h2 style=\"text-align: justify;\"><strong>Horario regular de los cursos<\/strong><\/h2>\n<p style=\"text-align: justify;\"><strong>Lunes<\/strong><\/p>\n<p>15.45 - 17.00 taller infantil 6 - 7 - 8 a\u00f1os<span style=\"margin-right: 0px; float: right;\">9 plazas<\/span><\/p>\n<p dir=\"ltr\">17.15 - 18.45 h Taller para adolescentes a partir de 12 a\u00f1os<span style=\"margin-right: 0px; float: right;\">&nbsp;11 plazas<\/span><\/p>\n<p style=\"text-align: justify;\"><strong>Martes<\/strong><\/p>\n<p><span style=\"margin-right: 0px; float: right;\">9 plazas<\/span><\/p>\n<p>15.45 - 17.00 taller infantil 9 - 10 - 11 a\u00f1os<\/p>\n<p><span style=\"margin-right: 0px; float: right;\">11 plazas<\/span><\/p>\n<p>17.15 - 18.45 h Taller para adolescentes a partir de 12 a\u00f1os<\/p>\n<p style=\"text-align: justify;\"><strong>Mi\u00e9rcoles<\/strong><\/p>\n<p>13.15 - 14.30 taller infantil 9 - 10 - 11 a\u00f1os<span style=\"margin-right: 0px; float: right;\">9 plazas<\/span><\/p>\n<p style=\"text-align: justify;\"><strong>Jueves<\/strong><\/p>\n<p>15.45 - 17.00 taller infantil 9 - 10 -11 a\u00f1os<span style=\"margin-right: 0px; float: right;\">9 plazas<\/span><\/p>\n<p>17.15 h - 18.45 h Taller para adolescentes a partir de las 9.00 h<span style=\"margin-right: 0px; float: right;\">&nbsp;11 plazas<\/span><\/p>\n<p>19.00 - 21.00 taller para adultos <span style=\"margin-right: 0px; float: right;\">9 plazas<\/span><\/p>\n<p><strong>Viernes<\/strong><\/p>\n<p>16.30 - 18.00 h Taller para adolescentes a partir de 12 a\u00f1os<span style=\"margin-right: 0px; float: right;\">11 plazas<\/span><\/p>\n<p><span style=\"margin-right: 0px; float: right;\">11 plazas<\/span><\/p>\n<p>18.30 - 19.45 h Taller para adolescentes a partir de 15 a\u00f1os<\/p>\n<p style=\"text-align: justify;\">Es importante que reserve su plaza r\u00e1pidamente y el d\u00eda que m\u00e1s le convenga.&nbsp;<\/p>\n<h2 style=\"text-align: justify;\"><strong>Pr\u00e1cticas<\/strong><\/h2>\n<p style=\"text-align: justify;\">Se pueden organizar cursos durante las vacaciones escolares de cada a\u00f1o, en determinadas fechas, en los siguientes horarios: de 10.00 a 12.00 horas y de 14.00 a 16.00 horas. A la hora del almuerzo, se ofrece un picnic supervisado para el grupo. Los ni\u00f1os deben traer su propio almuerzo.<\/p>\n<p style=\"text-align: justify;\">Precio total por 4 d\u00edas CHF 280.00 (incluyendo equipo, pero excluyendo comidas) o CHF 70.00 por d\u00eda por 6 horas de clases.  8-10 plazas disponibles, todas las edades a partir de 6 a\u00f1os, en funci\u00f3n de la demanda.<\/p>\n<p style=\"text-align: justify;\">Los cursos se confirman en cuanto se recibe un m\u00ednimo de 4 inscripciones de entre 8 y 10 alumnos, mediante el env\u00edo por adelantado de un resguardo de pago.<\/p>\n<p>&nbsp;<\/p>\n<h1><strong>Fechas de formaci\u00f3n previstas 2025-2026<\/strong><\/h1>\n<p><strong>Del lunes 13 de abril al jueves 16 de abril de 2026<\/strong> - curso de arquitectura niveles I, II, III, IV, V etc...mix. proyecto I: dise\u00f1o de proyecto para una villa de una sola planta\/ II: proyecto modelo I \/III: proyecto para un hotel\/IV modelo hotel-\/V proyecto para una villa de 2 plantas - suplemento para modelo de arquitecto CHF 20.-(4 d\u00edas CHF 370.- Vacaciones de Semana Santa \/ cruz VD\/FR) Total con modelo CHF 390.-.<\/p>\n<p><strong>Del lunes 24 de agosto al mi\u00e9rcoles 26 de agosto de 2026<\/strong>&nbsp;- curso gratuito de dibujo y pintura - (3 d\u00edas CHF 260.-)(3 d\u00edas antes del inicio del curso escolar)<\/p>\n<h2><strong>Fechas de formaci\u00f3n previstas 2026-27<\/strong><\/h2>\n<p><strong>Del lunes 12 de octubre al jueves 15 de octubre de 2026<\/strong>&nbsp;- curso de arquitectura niveles I, II, III, IV, V etc. mixto. proyecto I: dise\u00f1o de proyecto para una villa en un nivel\/ II: proyecto de maqueta I \/III: proyecto para un hotel\/IV maqueta de hotel-\/V proyecto para un centro deportivo- suplemento para maqueta de arquitecto CHF 20.- (4 d\u00edas CHF 370.- vacaciones de oto\u00f1o \/ cruz VD\/FR) Total con maqueta CHF 390.-.<\/p>\n<p><strong>Del lunes 5 de abril al jueves 8 de abril de 2027<\/strong>&nbsp;- curso de arquitectura niveles I, II, III, IV, V etc...mix. proyecto I: dise\u00f1o de proyecto para una villa de una sola planta\/ II: proyecto modelo I \/III: proyecto para un hotel\/IV modelo hotel-\/V proyecto para una villa de 2 plantas - suplemento para modelo de arquitecto CHF 20.- (4 d\u00edas CHF 370.- Vacaciones de Semana Santa \/ cruz VD\/FR) Total con modelo CHF 390.-.<\/p>\n<p><strong>Del lunes 23 de agosto al mi\u00e9rcoles 25 de agosto de 2027<\/strong>&nbsp;- curso gratuito de dibujo y pintura - (3 d\u00edas CHF 275.-) (3 d\u00edas antes del inicio del curso escolar)<\/p>\n<h2><strong>S\u00e1bados de descubrimiento para adultos<\/strong><\/h2>\n<p style=\"text-align: justify;\">Para cualquier persona que desee tomar un taller creativo durante toda una tarde, de 13h30 a 17h30, lo que representa 2 clases para adultos de 2 horas, esta es una soluci\u00f3n que puede convenir a muchas personas creativas que no encuentran tiempo para s\u00ed mismas. No es necesario ser miembro del Atelier Indigo durante todo el a\u00f1o para beneficiarse de este servicio.<\/p>\n<p style=\"text-align: justify;\">Los talleres Discovery se confirman tras un m\u00ednimo de 4 inscripciones de entre 8 y 10 alumnos, mediante el env\u00edo por adelantado de un resguardo de pago. Una inscripci\u00f3n para las 6 fechas anuales permite reducir el precio total a 650,00 CHF en lugar de 672,00 CHF. Todos los materiales est\u00e1n incluidos, excepto los lienzos. Esto tambi\u00e9n le permite garantizar su plaza.<\/p>\n<p style=\"text-align: justify;\">Se pueden recuperar hasta 2 lecciones perdidas en lecciones semanales regulares. Si se pierden m\u00e1s de 2 lecciones, el estudiante pierde las lecciones perdidas.<\/p>\n<h2><strong>Fechas de inicio del curso 2025-2026<\/strong><\/h2>\n<p>S\u00e1bado 14 de marzo de 2026<\/p>\n<h2><strong>Fechas de inicio del curso 2026-2027<\/strong><\/h2>\n<p>s\u00e1bado 05 septiembre 2026<\/p>\n<p>s\u00e1bado 03 octubre 2026<\/p>\n<p>S\u00e1bado 14 de noviembre de 2026<\/p>\n<p>S\u00e1bado 16 de enero de 2027<\/p>\n<p>S\u00e1bado 20 de febrero de 2027<\/p>\n<p>S\u00e1bado 20 de marzo de 2027<\/p>\n<p>&nbsp;<\/p>\n<h2><strong>Mi\u00e9rcoles de descubrimiento para ni\u00f1os a partir de 6 a\u00f1os<\/strong><\/h2>\n<p style=\"text-align: justify;\">Atelier Indigo ofrece esta opci\u00f3n a todos aquellos que deseen realizar un taller creativo algunas tardes al a\u00f1o, de 14.45 a 16.45 horas, lo que representa 2 horas de dibujo o pintura. No es necesario ser miembro del Atelier Indigo durante todo el a\u00f1o para beneficiarse de esta opci\u00f3n. El paquete de 5 cursos debe tomarse en su totalidad a lo largo del a\u00f1o.<\/p>\n<p style=\"text-align: justify;\">Los talleres Discovery se confirman tras un m\u00ednimo de 4 inscripciones de entre 8 y 10 alumnos, mediante el env\u00edo por adelantado de un resguardo de pago. El precio del paquete para las 5 fechas anuales es de 270 CHF en lugar de 290 CHF. Todos los materiales est\u00e1n incluidos, excepto los lienzos. Esto tambi\u00e9n le permite garantizar su plaza.<\/p>\n<p style=\"text-align: justify;\">Se pueden recuperar hasta 2 clases perdidas en clases regulares semanales de la misma edad. Si se pierden m\u00e1s de 2 clases, se perder\u00e1n las clases perdidas.<\/p>\n<h2><strong>Fechas para 2025-2026<\/strong><\/h2>\n<p>Mi\u00e9rcoles 11 de marzo de 2026<\/p>\n<h2><strong>Fechas de inicio del curso 2026-2027<\/strong><\/h2>\n<p>Mi\u00e9rcoles 09 septiembre 2026<\/p>\n<p>mi\u00e9rcoles 04 noviembre 2026<\/p>\n<p>Mi\u00e9rcoles 20 de enero de 2027<\/p>\n<p>Mi\u00e9rcoles 17 de febrero de 2027<\/p>\n<p>Mi\u00e9rcoles 17 de marzo de 2027<\/p>\n<p>&nbsp;<\/p>\n<h2><strong> S\u00e1bados de descubrimiento para adolescentes a partir de 12 a\u00f1os<\/strong><\/h2>\n<p style=\"text-align: justify;\">Si desea participar en un taller creativo algunas tardes al a\u00f1o, de 13.30 a 17.00 horas, lo que representa 3 horas de dibujo o pintura y un descanso de 30 minutos, con pastel y zumo, esta es una opci\u00f3n que ofrece Atelier Indigo. No es necesario estar inscrito en Atelier Indigo durante todo el a\u00f1o para beneficiarse de esta opci\u00f3n. El paquete de 3 platos debe tomarse en su totalidad a lo largo del a\u00f1o.<\/p>\n<p style=\"text-align: justify;\">Los talleres Discovery se confirman tras un m\u00ednimo de 4 inscripciones de entre 8 y 10 alumnos, mediante el env\u00edo por adelantado de un resguardo de pago. La inscripci\u00f3n para las 3 fechas anuales cuesta 280 CHF en lugar de 300 CHF. Todos los materiales est\u00e1n incluidos, excepto los lienzos. Esto tambi\u00e9n le permite garantizar su plaza.<\/p>\n<p style=\"text-align: justify;\">Se puede recuperar hasta 1 clase perdida en clases regulares semanales de la misma edad. Despu\u00e9s de eso, las clases perdidas se pierden para el estudiante.<\/p>\n<h2><strong>Fechas para 2025-2026<\/strong><\/h2>\n<p>S\u00e1bado 28 de marzo de 2026<\/p>\n<h2><strong>Fechas de inicio del curso 2026-2027<\/strong><\/h2>\n<p>S\u00e1bado 28 de noviembre de 2026<\/p>\n<p>S\u00e1bado 30 de enero de 2027<\/p>\n<p>S\u00e1bado 17 de abril de 2027<\/p>\n<p>&nbsp;<\/p>\n<h2><strong>Vacaciones escolares y d\u00edas festivos en Friburgo 2025-2026<\/strong><\/h2>\n<p><strong>Fechas de inicio del curso 2025-2026:&nbsp;<\/strong><\/p>\n<p>Vacaciones de carnaval del lunes 16 de febrero al viernes 20 de febrero de 2026 - vuelta al cole el 23 de febrero de 2026<\/p>\n<p>Vacaciones de Semana Santa del viernes 3 de abril (Viernes Santo) al viernes 17 de abril de 2026 - vuelta al colegio el 20 de abril de 2026<\/p>\n<p>Fiesta de la Ascensi\u00f3n el jueves 14 de mayo y el viernes 15 de mayo de 2026<\/p>\n<p>Fiesta de Pentecost\u00e9s el lunes 25 de mayo de 2026<\/p>\n<p>Corpus Christi el jueves 4 de junio y el viernes 5 de junio de 2026<\/p>\n<p><strong>Fin de a\u00f1o en Atelier Indigo el viernes 19 de junio de 2026<\/strong><\/p>\n<p><strong>Inicio del curso escolar Indigo 2026\/2027 el lunes 31 de agosto de 2026. El inicio del curso escolar p\u00fablico el jueves 27 de agosto de 2026.<\/strong><\/p>\n<p>&nbsp;<\/p>\n<h2><strong>Vacaciones escolares y d\u00edas festivos en Friburgo 2026-2027<\/strong><\/h2>\n<p>Vacaciones de oto\u00f1o del lunes 12 de octubre al viernes 23 de octubre de 2026 - inicio de las clases el 26 de octubre<\/p>\n<p>Fiesta de la Inmaculada Concepci\u00f3n el martes 8 de diciembre de 2026<\/p>\n<p>Vacaciones de Navidad del lunes 21 de diciembre de 2026 al viernes 01 de enero de 2027 - inicio de las clases el 04 de enero<\/p>\n<p>Vacaciones de carnaval del lunes 08 de febrero al viernes 12 de febrero de 2027 - vuelta al cole el 15 de febrero<\/p>\n<p>Vacaciones de Semana Santa del viernes 26 de marzo (Viernes Santo) al viernes 09 de abril de 2027 - vuelta al colegio el 12 de abril<\/p>\n<p>D\u00eda festivo y D\u00eda de la Ascensi\u00f3n el jueves 6 de mayo y el viernes 7 de mayo de 2027<\/p>\n<p>Fiesta de Pentecost\u00e9s el lunes 17 de mayo de 2027<\/p>\n<p>D\u00eda festivo y festividad del Corpus Christi el jueves 27 de mayo y el viernes 28 de mayo de 2027<\/p>\n<p>Fin de a\u00f1o en Atelier Indigo el viernes 18 de junio de 2027<\/p>\n<p>&nbsp;<\/p>\n<p><span style=\"text-decoration: underline;\"><strong>Nota<\/strong><\/span> : El 1<sup>er<\/sup> Mayo no se considera un d\u00eda festivo para el Atelier Indigo, un d\u00eda arbitrario ofrecido a los ni\u00f1os en las clases de primaria, pero no en el CO o coll\u00e8ge. Desde 2013, el 1<sup>er<\/sup> mayo, ni\u00f1os o adolescentes o adultos, <u>siempre se han mantenido<\/u>, por decisi\u00f3n de Sandra Kupferschmid.&nbsp;<\/p>\n<p><em><strong>El acto anual adoptar\u00e1 la forma de una jornada de puertas abiertas privada en 2026. Se pospondr\u00e1 y se abrir\u00e1 al p\u00fablico el siguiente curso escolar, y tendr\u00e1 lugar en 2027.<\/strong><\/em><\/p>\n<p>&nbsp;<\/p>\n<p>&nbsp;<\/p>","protected":false},"excerpt":{"rendered":"<p>L&rsquo;horaire des cours r\u00e9guliers Lundi 15 h 45 \u2013 17 h 00 atelier enfant 6\u2013&nbsp;7 &#8211;&nbsp;8 ans9&nbsp;places 17 h&nbsp;15 \u2013 <span class=\"ellipsis\">...<\/span> <span class=\"more-link-wrap\"><a href=\"https:\/\/www.latelierindigo.ch\/es\/cours\/programme\/\" class=\"more-link\"><span>Leer m\u00e1s \u2192<\/span><\/a><\/span><\/p>","protected":false},"author":1,"featured_media":0,"parent":32,"menu_order":510,"comment_status":"closed","ping_status":"closed","template":"","meta":{"ngg_post_thumbnail":0,"footnotes":""},"class_list":["post-34","page","type-page","status-publish","hentry"],"_links":{"self":[{"href":"https:\/\/www.latelierindigo.ch\/es\/wp-json\/wp\/v2\/pages\/34","targetHints":{"allow":["GET"]}}],"collection":[{"href":"https:\/\/www.latelierindigo.ch\/es\/wp-json\/wp\/v2\/pages"}],"about":[{"href":"https:\/\/www.latelierindigo.ch\/es\/wp-json\/wp\/v2\/types\/page"}],"author":[{"embeddable":true,"href":"https:\/\/www.latelierindigo.ch\/es\/wp-json\/wp\/v2\/users\/1"}],"replies":[{"embeddable":true,"href":"https:\/\/www.latelierindigo.ch\/es\/wp-json\/wp\/v2\/comments?post=34"}],"version-history":[{"count":223,"href":"https:\/\/www.latelierindigo.ch\/es\/wp-json\/wp\/v2\/pages\/34\/revisions"}],"predecessor-version":[{"id":2342,"href":"https:\/\/www.latelierindigo.ch\/es\/wp-json\/wp\/v2\/pages\/34\/revisions\/2342"}],"up":[{"embeddable":true,"href":"https:\/\/www.latelierindigo.ch\/es\/wp-json\/wp\/v2\/pages\/32"}],"wp:attachment":[{"href":"https:\/\/www.latelierindigo.ch\/es\/wp-json\/wp\/v2\/media?parent=34"}],"curies":[{"name":"wp","href":"https:\/\/api.w.org\/{rel}","templated":true}]}}