{"id":35,"date":"2013-04-19T14:49:13","date_gmt":"2013-04-19T12:49:13","guid":{"rendered":"http:\/\/www.riviera-raptors.ch\/dev\/?page_id=35"},"modified":"2023-02-09T17:10:10","modified_gmt":"2023-02-09T16:10:10","slug":"tarifs","status":"publish","type":"page","link":"https:\/\/www.latelierindigo.ch\/es\/cours\/tarifs\/","title":{"rendered":"Tarifas"},"content":{"rendered":"<h2><strong>Precio del curso<\/strong><\/h2>\n<p><strong>Ni\u00f1os<\/strong><\/p>\n<p>6 - 7 - 8 a\u00f1os \/ 9 - 10 - 11 a\u00f1os<\/p>\n<p>precio medio incluidas vacaciones y d\u00edas festivos<br \/>\nLecci\u00f3n 1S15<\/p>\n<p>Tarifa mensual CHF 120,00<br \/>\nTarifa trimestral CHF 360,00<\/p>\n<p><strong>Adolescentes<\/strong><\/p>\n<p>12 - 13 - 14 a\u00f1os \/ 15 - 16 - 17 a\u00f1os<\/p>\n<p>precio medio incluidas vacaciones y d\u00edas festivos<br \/>\nLecci\u00f3n 1H30<\/p>\n<p>Tarifa mensual CHF 142,00<br \/>\nTarifa trimestral CHF 426,00<\/p>\n<p><strong>&nbsp;Adultos<\/strong><br \/>\nprecio medio incluidas vacaciones y d\u00edas festivos<br \/>\nCurso 2H00<\/p>\n<p style=\"text-align: justify;\">Tarifa mensual CHF 218,00<br \/>\nTarifa trimestral CHF 654,00<\/p>\n<p>En estas tarifas,&nbsp;<u>todo el equipo necesario est\u00e1 disponible in situ<\/u>, Todos los materiales, a excepci\u00f3n de los lienzos y las pinturas al \u00f3leo, est\u00e1n disponibles. El resto del equipo peque\u00f1o, papel de dibujo, caballetes, pasteles, l\u00e1pices, tiza roja, carboncillo y materiales de dibujo en general est\u00e1n disponibles, pero hay que tener especial cuidado y siguen siendo propiedad de la escuela.<\/p>\n<p>A principios de a\u00f1o, a finales de septiembre, se cobra una cuota anual de 70 CHF por los dossiers de presentaci\u00f3n de cada alumno, que la escuela proporcionar\u00e1, as\u00ed como por la gesti\u00f3n de la escuela y la preparaci\u00f3n de la exposici\u00f3n de fin de curso (marcos, gesti\u00f3n de la exposici\u00f3n, etc.).<\/p>\n<p>La escuela no est\u00e1 sujeta al IVA y los precios son netos.<\/p>","protected":false},"excerpt":{"rendered":"<p>Les tarifs des cours Enfants 6 \u2013 7 &#8211; 8 ans&nbsp; \/ 9 \u2013 10 &#8211; 11&nbsp;&nbsp; ans prix moyen <span class=\"ellipsis\">...<\/span> <span class=\"more-link-wrap\"><a href=\"https:\/\/www.latelierindigo.ch\/es\/cours\/tarifs\/\" class=\"more-link\"><span>Leer m\u00e1s \u2192<\/span><\/a><\/span><\/p>","protected":false},"author":1,"featured_media":0,"parent":32,"menu_order":520,"comment_status":"closed","ping_status":"closed","template":"","meta":{"ngg_post_thumbnail":0,"footnotes":""},"class_list":["post-35","page","type-page","status-publish","hentry"],"_links":{"self":[{"href":"https:\/\/www.latelierindigo.ch\/es\/wp-json\/wp\/v2\/pages\/35","targetHints":{"allow":["GET"]}}],"collection":[{"href":"https:\/\/www.latelierindigo.ch\/es\/wp-json\/wp\/v2\/pages"}],"about":[{"href":"https:\/\/www.latelierindigo.ch\/es\/wp-json\/wp\/v2\/types\/page"}],"author":[{"embeddable":true,"href":"https:\/\/www.latelierindigo.ch\/es\/wp-json\/wp\/v2\/users\/1"}],"replies":[{"embeddable":true,"href":"https:\/\/www.latelierindigo.ch\/es\/wp-json\/wp\/v2\/comments?post=35"}],"version-history":[{"count":20,"href":"https:\/\/www.latelierindigo.ch\/es\/wp-json\/wp\/v2\/pages\/35\/revisions"}],"predecessor-version":[{"id":1709,"href":"https:\/\/www.latelierindigo.ch\/es\/wp-json\/wp\/v2\/pages\/35\/revisions\/1709"}],"up":[{"embeddable":true,"href":"https:\/\/www.latelierindigo.ch\/es\/wp-json\/wp\/v2\/pages\/32"}],"wp:attachment":[{"href":"https:\/\/www.latelierindigo.ch\/es\/wp-json\/wp\/v2\/media?parent=35"}],"curies":[{"name":"wp","href":"https:\/\/api.w.org\/{rel}","templated":true}]}}