{"id":36,"date":"2013-04-19T14:49:29","date_gmt":"2013-04-19T12:49:29","guid":{"rendered":"http:\/\/www.riviera-raptors.ch\/dev\/?page_id=36"},"modified":"2023-02-14T16:12:45","modified_gmt":"2023-02-14T15:12:45","slug":"reglement","status":"publish","type":"page","link":"https:\/\/www.latelierindigo.ch\/es\/cours\/reglement\/","title":{"rendered":"Pagos"},"content":{"rendered":"<h2 style=\"text-align: justify;\"><strong>El procedimiento<\/strong><\/h2>\n<p style=\"text-align: justify;\">El pago de septiembre debe efectuarse antes de finales de julio.<br \/>\nEl pago del trimestre octubre\/noviembre\/diciembre debe efectuarse antes de finales de septiembre.<br \/>\nEl pago del trimestre enero\/febrero\/marzo debe efectuarse antes de finales de diciembre.<br \/>\nEl pago del trimestre abril\/mayo\/junio debe efectuarse antes de finales de marzo.<em id=\"__mceDel\"><em id=\"__mceDel\"><em id=\"__mceDel\"><em id=\"__mceDel\"><em id=\"__mceDel\"><em id=\"__mceDel\"><em id=\"__mceDel\"><em id=\"__mceDel\"><em id=\"__mceDel\"><em id=\"__mceDel\"><br \/>\n<\/em><\/em><\/em><\/em><\/em><\/em><\/em><\/em><\/em><\/em>Como resultado, el pago se realiza durante 10 meses.<\/p>\n<p>En caso de recordatorio de pago, se a\u00f1adir\u00e1 un recargo de 30 CHF a la factura inicial.<\/p>\n<p style=\"text-align: justify;\">El pago de septiembre se realiza mensualmente. La cuota escolar de 70 CHF se abona a finales de septiembre con el 1er trimestre.<\/p>\n<p><u>Me gustar\u00eda dar las gracias a los estudiantes y a los padres por respetar los plazos de pago.<\/u>, El objetivo tambi\u00e9n es garantizar que las entregas de equipos al taller se realicen sin problemas y que la administraci\u00f3n funcione correctamente.<\/p>\n<p>Se aplican reducciones por hermanos, 10 CHF menos al mes por ni\u00f1o de la misma familia, excepto los s\u00e1bados y mi\u00e9rcoles Discovery, que se basan en un precio fijo.<\/p>\n<p>Tenga en cuenta que las clases no son reembolsables en caso de ausencia.<\/p>\n<p>Cabe se\u00f1alar que el precio incluye las vacaciones escolares y los d\u00edas festivos de Friburgo (anunciados en el sitio web municipal) y que, por consiguiente, algunos meses ser\u00e1n m\u00e1s cortos que otros en cuanto a la asistencia a los cursos, pero el precio sigue siendo el mismo, lo que representa una media. La semana siguiente a la exposici\u00f3n ser\u00e1 de vacaciones para todos, tras los esfuerzos del profesor por supervisar, montar, desmontar, atender, organizar y ordenar para la exposici\u00f3n.<\/p>\n<p>En caso de desacuerdo, la direcci\u00f3n se reserva el derecho de excluir a un alumno de la escuela durante el a\u00f1o, si la situaci\u00f3n lo requiere, en el plazo de un mes.<\/p>","protected":false},"excerpt":{"rendered":"<p>La marche \u00e0 suivre Le paiement du mois de septembre devra \u00eatre effectu\u00e9 \u00e0 fin juillet. Le paiement du trimestre <span class=\"ellipsis\">...<\/span> <span class=\"more-link-wrap\"><a href=\"https:\/\/www.latelierindigo.ch\/es\/cours\/reglement\/\" class=\"more-link\"><span>Leer m\u00e1s \u2192<\/span><\/a><\/span><\/p>","protected":false},"author":1,"featured_media":0,"parent":32,"menu_order":530,"comment_status":"closed","ping_status":"closed","template":"","meta":{"ngg_post_thumbnail":0,"footnotes":""},"class_list":["post-36","page","type-page","status-publish","hentry"],"_links":{"self":[{"href":"https:\/\/www.latelierindigo.ch\/es\/wp-json\/wp\/v2\/pages\/36","targetHints":{"allow":["GET"]}}],"collection":[{"href":"https:\/\/www.latelierindigo.ch\/es\/wp-json\/wp\/v2\/pages"}],"about":[{"href":"https:\/\/www.latelierindigo.ch\/es\/wp-json\/wp\/v2\/types\/page"}],"author":[{"embeddable":true,"href":"https:\/\/www.latelierindigo.ch\/es\/wp-json\/wp\/v2\/users\/1"}],"replies":[{"embeddable":true,"href":"https:\/\/www.latelierindigo.ch\/es\/wp-json\/wp\/v2\/comments?post=36"}],"version-history":[{"count":19,"href":"https:\/\/www.latelierindigo.ch\/es\/wp-json\/wp\/v2\/pages\/36\/revisions"}],"predecessor-version":[{"id":1712,"href":"https:\/\/www.latelierindigo.ch\/es\/wp-json\/wp\/v2\/pages\/36\/revisions\/1712"}],"up":[{"embeddable":true,"href":"https:\/\/www.latelierindigo.ch\/es\/wp-json\/wp\/v2\/pages\/32"}],"wp:attachment":[{"href":"https:\/\/www.latelierindigo.ch\/es\/wp-json\/wp\/v2\/media?parent=36"}],"curies":[{"name":"wp","href":"https:\/\/api.w.org\/{rel}","templated":true}]}}