{"id":93,"date":"2013-04-25T19:52:04","date_gmt":"2013-04-25T17:52:04","guid":{"rendered":"http:\/\/www.riviera-raptors.ch\/dev\/?page_id=93"},"modified":"2017-10-09T15:08:17","modified_gmt":"2017-10-09T13:08:17","slug":"les-temoignages","status":"publish","type":"page","link":"https:\/\/www.latelierindigo.ch\/es\/temoignages-deleve\/les-temoignages\/","title":{"rendered":"Libro de visitas"},"content":{"rendered":"<h2><strong>Libro de visitas del Atelier Indigo<\/strong><\/h2>\n<p style=\"text-align: justify;\">Qu\u00e9 mensajes tan maravillosos en los libros de visitas de las exposiciones de 2014, 2015, 2016 y junio de 2017. J\u00f3venes y mayores escribieron palabras que se quedar\u00e1n conmigo para siempre, tan conmovidos estaban por ellas. Lamentablemente no puedo transcribirlas todas, pero quer\u00eda compartir una peque\u00f1a selecci\u00f3n con vosotros. Las frases est\u00e1n transcritas tal y como fueron escritas en el libro disponible a la entrada de la exposici\u00f3n. Emociones sinceras garantizadas...<\/p>\n<p style=\"text-align: justify;\">Tambi\u00e9n, aprovecho esta oportunidad, para agradecerles a todos por sus atenciones y sus mensajes de aliento, me da fuerza, pasi\u00f3n, deseo y determinaci\u00f3n para que Atelier Indigo contin\u00fae, permitiendo que muchos ni\u00f1os, adolescentes o adultos florezcan a trav\u00e9s del Arte. GRACIAS por este maravilloso a\u00f1o 2016\/2017. Estoy muy unida a todos mis alumnos, que me dan tanta alegr\u00eda y compartir, y no hay duda de que permanecer\u00e1n en mi coraz\u00f3n y mi memoria, cada uno a su manera. Sigamos con esta maravillosa aventura....<\/p>\n<p> \u00a1Y deseando que llegue el 5\u00ba aniversario!<\/p>\n<p style=\"text-align: justify;\">Sandra Leitao Kupferschmid, Octubre 2017<\/p>\n<p style=\"text-align: justify;\">P.D. Muchas gracias a todos los padres que me ayudaron a montar o desmontar la exposici\u00f3n, sin vosotros habr\u00eda sido mucho m\u00e1s complicado. 100000000 Gracias tambi\u00e9n a todas las mam\u00e1s que me ayudaron a asegurar el paso de los ni\u00f1os a la galer\u00eda durante las clases que all\u00ed tuvieron lugar. Un beso enorme a B\u00e9atrice por los magn\u00edficos ramos de flores de su jard\u00edn! inolvidables, una vez m\u00e1s.<\/p>\n<p><strong>Junio 2017 - Que placer leerte, GRACIAS....<\/strong><\/p>\n<p>Una exposici\u00f3n magn\u00edfica, digna de ti y de tus alumnos. Sus alumnos son artistas que salen cada vez un poco m\u00e1s de su capullo. No es de extra\u00f1ar que se inspiren en alguien apasionado y apasionante. Deseo mucho \u00e9xito a todos estos magn\u00edficos artistas. Ana-Rita<\/p>\n<p>Como siempre, ha sido emocionante descubrir tu trabajo y tus m\u00faltiples y coloridos talentos, \u00a1tan llenos de vida! Muchas gracias por todo lo que aportas a nuestros ni\u00f1os \u00a1Bravo Sandra! Julia y Mathilde<\/p>\n<p>Me encanta mi clase. Yuki y Jackie Pan<\/p>\n<p>Gracias a una de tus redes coger\u00e9 el trazo del l\u00e1piz. Sananda<\/p>\n<p>Gracias por aceptar a Lou en el camino y darle tanto. Pocas veces la he visto amar tanto algo. Aur\u00e9lie. <\/p>\n<p>Cuando dibujo contigo, me siento como en un mundo imaginario. \u00a1Gracias, Lou! Lou<\/p>\n<p>Tienes mucho talento y me gustar\u00eda que continuaras para que mi hermana pueda ser una artista de verdad. Roxanna<\/p>\n<p>Una hermosa ventana que se abre a un nuevo mundo po\u00e9tico. En todo parecido, en todo diferente... A trav\u00e9s de los paisajes, descubrimos personas... \u00a1personajes! Bravo por esta ventana que significa mucho B\u00e9n\u00e9dicte<\/p>\n<p>\u00a1Una exposici\u00f3n muy bonita, quiero decir como siempre! Un gran agradecimiento a Sandra que me ha ense\u00f1ado tanto en 4 a\u00f1os. Cada viernes por la noche Sandra es extraordinaria con su buen humor. Vanessa<\/p>\n<p>Gracias por sus consejos, gracias por sus \u00e1nimos, gracias por toda su disponibilidad, gracias por su acogida sencilla y c\u00e1lida que nos permite simplemente ser nosotros. Gracias por tomarse el tiempo de organizar esta exposici\u00f3n. La energ\u00eda que han puesto en ella nos demuestra que consideran nuestro trabajo valioso, lleno de peque\u00f1os tesoros que compartir. Gracias por darnos la oportunidad de compartirlo. Gracias por creer que merece la pena dar cabida a nuestro lado art\u00edstico. As\u00ed que por todo esto y mucho m\u00e1s, gracias Christine. <\/p>\n<p>Un taller, ni\u00f1os, un entorno, paciencia, una pasi\u00f3n y \u00a1qu\u00e9 resultados! Un ventilador<\/p>\n<p>Siempre me lo paso muy bien contigo y con todo el grupo. Ha sido una exposici\u00f3n magn\u00edfica. Enhorabuena a todos los artistas. Gracias por ense\u00f1arnos a dibujar con tanto entusiasmo. Sarah<\/p>\n<p>Trabajar con la belleza que hay en cada ni\u00f1o, y lo que cada ni\u00f1o consigue, me conmueve profundamente. Hermana Jacqueline-Marie<\/p>\n<p>Al igual que las flores del sol en medio del campo, este peque\u00f1o para\u00edso de vernisage ilumina nuestra alma de artistas. \u00a1Gracias por vuestra paciencia y pasi\u00f3n! Petru y Petra<\/p>\n<p>Las exposiciones se suceden y no se parecen entre s\u00ed. El nivel de sus pintores no deja de aumentar. Enhorabuena por el placer que dan a sus alumnos. Christelle<\/p>\n<p>Enhorabuena por la libertad y la calidad de las obras expuestas. Dos \u00abviejos\u00bb artistas en ciernes. Roland y Antoinette<\/p>\n<p>Me encanta ver sus preciosos cuadros. Sandra, \u00a1eres la mejor profesora de dibujo! Adrien<\/p>\n<p>Al principio, pens\u00e9 que era el Louvre. Matthieu<\/p>\n<p>No s\u00e9 si soy capaz de transformar una mancha en un sol, pero en cualquier caso, cada a\u00f1o me asombran todos estos magn\u00edficos dibujos... Renoir, Picasso estar\u00edan muy orgullosos... la pr\u00f3xima generaci\u00f3n est\u00e1 asegurada. Bien hecho artistas, bien hecho profesor. Sandra V.<\/p>\n<p>Gracias Sandra por permitir a tus alumnos, j\u00f3venes y mayores, adultos y m\u00e1s... expresar sus deseos bajo los auspicios de tu habilidad, generosidad y amabilidad. Gracias por la burbuja de libertad, creatividad, alegr\u00eda y compartir que son tus clases. Gracias por compartir tu mundo con nosotros. Es tan precioso. Marilyn<\/p>\n<h2 style=\"text-align: justify;\"><strong>Sus mensajes<\/strong><\/h2>\n<p><strong>Junio 2016 - unas letras que sientan bien....<\/strong><\/p>\n<p>\u00a1Incre\u00edble talento! \u00a1Enhorabuena! Sigo completamente alucinada por tu capacidad de observar, de aprender, de crear, de vibrar... por tu capacidad de dar tanto placer. Muchas gracias. Michel Chevalley, Prefecto<\/p>\n<p>Magn\u00edficas mezclas de obras de artistas de todas las edades que no tienen nada que envidiar a las de los artistas m\u00e1s conocidos. Bien hecho Eric y Muriel Berthoud<\/p>\n<p>Gracias por ense\u00f1arnos a dibujar y por organizar esta maravillosa exposici\u00f3n. Jodie<\/p>\n<p>Sandra, gracias por la invitaci\u00f3n a tu exposici\u00f3n, que es magn\u00edfica. Tus alumnos tienen suerte de tenerte como mentora. Nicole y Roger Devaud<\/p>\n<p>La exposici\u00f3n, la culminaci\u00f3n de un a\u00f1o lleno de lienzos que cumplen sus promesas... Clases impartidas con mucha ternura y maestr\u00eda... gracias por las \u00abpeque\u00f1as\u00bb y sobre todo por las \u00abgrandes\u00bb. Besos para ti que nos llevas y nos apoyas Sabine Allemann<\/p>\n<p>\u00a1Bravo Sandra! \u00a1Por esta exposici\u00f3n perfecta! \u00a1Los cuadros est\u00e1n todos muy bien hechos! \u00a1Y eso es gracias a tu ayuda! Estelle<\/p>\n<p>Como siempre, he aprendido mucho, especialmente sobre las pr\u00e1cticas de arquitectura. Gracias por todo L\u00e9a F.<\/p>\n<p>Sandra, \u00a1otra magn\u00edfica exposici\u00f3n! Gracias por todos los hermosos colores de estos j\u00f3venes y no tan j\u00f3venes talentos que expones... Gracias por darles tanto placer y realizaci\u00f3n, lo que calienta nuestros corazones. Familia Rutishauser<\/p>\n<p>\u00a1Mucho color, emoci\u00f3n y energ\u00eda! Preciosa exposici\u00f3n y gracias por trabajar para descubrir nuevos talentos. Besos Patricia Munozo<\/p>\n<p>Hoy ha hecho sol en las paredes. Enhorabuena a todos estos artistas en ciernes y a su profesor. Gracias por esta magn\u00edfica exposici\u00f3n. Francia y Alexis Hammel<\/p>\n<p>Tenacidad, audacia, \u00a1bravo por Sandra, el resultado est\u00e1 ah\u00ed...! Martial Kupferschmid<\/p>\n<p>Lienzos impresionantes, artistas orgullosos, ni\u00f1os que florecen y adultos conmovidos: \u00a1as\u00ed es el programa Indigo, posible gracias a la perspicacia y la pedagog\u00eda del profesor! Bien hecho, y estoy muy orgullosa de mi marido y de mi alumna... un gran viaje y os deseo todo lo mejor para el futuro. Su marido<\/p>\n<p>\u00a1Enhorabuena! Enhorabuena por un gran a\u00f1o de trabajo, la exposici\u00f3n fue magn\u00edfica (mucho trabajo pero nada viene sin nada) me divert\u00ed mucho en el curso. \u00a1Gracias por todo! Sofia Ribeiro<\/p>\n<p>Siempre me sorprende descubrir estas obras maestras de la creatividad. Hermana Jacqueline Marie<\/p>\n<p>Otro a\u00f1o de maravillas, de las que s\u00f3lo algunas son visibles en estas paredes... \u00a1Mil gracias por facilitar esta creatividad, desbordante de energ\u00eda y color y, sin embargo, totalmente estructurada, semana tras semana, a\u00f1o tras a\u00f1o! Corinne Lebuhan<\/p>\n<p>\u00a1Enhorabuena a los estudiantes! Estoy deseando que lleguen las clases del a\u00f1o que viene. An\u00f3nimo (Te he vuelto a reconocer, M\u00e9lodie:))<\/p>\n<p>Siempre ha sido emocionante participar en esta exposici\u00f3n!!!! \u00a1Y es estupendo ser alumno y continuar esta maravillosa aventura! Muchas gracias por todo. Atentamente B\u00e9atrice Hiller<\/p>\n<p>Estoy encantada de venir a estas clases, en las que nos lo pasamos muy bien y Sandra nos anima en nuestro enfoque art\u00edstico. Tambi\u00e9n estoy encantada de haber podido descubrir el talento de estas j\u00f3venes promesas a trav\u00e9s de la exposici\u00f3n\". C\u00e9line Martin<\/p>\n<p style=\"text-align: justify;\"><strong>Junio de 2015 - algunos extractos, imposible incluirlo todo...<\/strong><\/p>\n<p style=\"text-align: justify;\">He aprendido mucho sobre dibujo gracias a ti. Tengo m\u00e1s paciencia para dibujar y s\u00e9 c\u00f3mo aplicarme al dibujar. Gracias Aileen S.<\/p>\n<p style=\"text-align: justify;\">Sandra, eres la profesora m\u00e1s simp\u00e1tica, te quiero \u00c1ngel Gr\u00e2ce S.<\/p>\n<p style=\"text-align: justify;\">Gracias Sandra, la exposici\u00f3n es magn\u00edfica, Mathilde C y familia<\/p>\n<p style=\"text-align: justify;\">Un gran \u00abbravo\u00bb a todos los artistas... \u00a1los dibujos y pinturas son todos magn\u00edficos! Bravo!!! y muchas gracias por vuestro compromiso, paciencia y pasi\u00f3n. Gracias Sandra<\/p>\n<p style=\"text-align: justify;\">de Sandra, Anita y Thomas<\/p>\n<p style=\"text-align: justify;\">Sandra, gracias por lo que haces en la escuela Elsa Kupferschmid<\/p>\n<p style=\"text-align: justify;\">Un 2\u00ba a\u00f1o a tu lado, una 2\u00aa exposici\u00f3n (\u00a1qu\u00e9 \u00e9xito!), no hay espacio suficiente para decirte todas las cosas buenas que Maxence y yo pensamos cada vez que \u00e9l y yo nos encontramos contigo.<\/p>\n<p style=\"text-align: justify;\">Es hora de dibujar. Nada m\u00e1s que placer. Enhorabuena y gracias por tus acertados consejos, tu paciencia, tu amabilidad y tu flexibilidad. Te damos un fuerte abrazo y te deseamos lo mejor para el futuro.<\/p>\n<p style=\"text-align: justify;\">Os deseo mucho \u00e9xito en el resto de esta maravillosa aventura. Sandrine y Maxence.<\/p>\n<p style=\"text-align: justify;\">Tiendo a desesperarme frente a mi dibujo pero t\u00fa siempre encuentras las palabras para darme fuerzas y te doy las gracias por ello. Gracias Sandra, eres alguien que significa mucho para m\u00ed. Vicky<\/p>\n<p style=\"text-align: justify;\">Bien hecho y muchas gracias por tus consejos Matthieu F.<\/p>\n<p style=\"text-align: justify;\">Querida Sandra, me gustar\u00eda decirte lo mucho que me gusta el taller Indigo. Talya<\/p>\n<p style=\"text-align: justify;\">Gracias por ense\u00f1arnos todas estas t\u00e9cnicas este curso escolar. Besos grandes a la familia Kupferschmid. Casandra L\u00e9a y Marion.<\/p>\n<p style=\"text-align: justify;\">Gracias por ser como eres... y por compartir tu pasi\u00f3n con nosotros Saludos cordiales Christine V.<\/p>\n<p style=\"text-align: justify;\">\u00a1Nos ha encantado! \u00a1Es precioso! Estelle y Elodie<\/p>\n<p style=\"text-align: justify;\">Gracias por todo, me alegro de haber aprendido a dibujar, estoy deseando que llegue el oto\u00f1o, Alexandre G.<\/p>\n<p style=\"text-align: justify;\">\u00a1Bien hecho! \u00a1Supppeeer! Gracias de coraz\u00f3n por todo lo que nos has dado a lo largo del a\u00f1o. Besos grandes. Vanessa y Sofia<\/p>\n<p style=\"text-align: justify;\">Querida Sandra, ...una vez m\u00e1s has conseguido tocar nuestros sentimientos m\u00e1s profundos. Gracias, Sandra. Pap\u00e1 de Morgane S.<\/p>\n<p style=\"text-align: justify;\">Como siempre, un trabajo magn\u00edfico. Gracias por vuestro compromiso. Enhorabuena a todos los artistas y \u00a1hasta el a\u00f1o que viene!<\/p>\n<p style=\"text-align: justify;\">Gracias por el entusiasmo y la creatividad que has compartido, y por los maravillosos momentos vividos en el taller \u00edndigo... Dicen que los sue\u00f1os son la materia de la vida...<\/p>\n<p style=\"text-align: justify;\">Qu\u00e9date con el tuyo, algunos sue\u00f1os se hacen realidad... Saludos cordiales Sabine y Charlotte A.<\/p>\n<p style=\"text-align: justify;\">Enhorabuena por esta magn\u00edfica exposici\u00f3n y por vuestra agradable colaboraci\u00f3n durante todo el a\u00f1o. Las hermanas del Instituto<\/p>\n<p style=\"text-align: justify;\">Muchas gracias por un a\u00f1o maravilloso. Arthur G.<\/p>\n<p style=\"text-align: justify;\">\u00a1Gracias Sandra por todos los grandes momentos que pasamos dibujando juntas! Auriane R.<\/p>\n<p style=\"text-align: justify;\">Mi querida Sandra, Qu\u00e9 hermosa obra, no son sus obras que conozco tan bien, pero todos juntos, se traducen y exudan<\/p>\n<p style=\"text-align: justify;\">lo que hab\u00e9is dado y ofrecido a todos estos artistas de todas las edades. Os felicito y os env\u00edo todo mi \u00e1nimo. Carole M.<\/p>\n<p style=\"text-align: justify;\">Gracias por su ayuda y sus consejos con nuestros dibujos. Gracias por esta maravillosa exposici\u00f3n con todos estos hermosos dibujos. Arnaud R.<\/p>\n<p style=\"text-align: justify;\">Muchas gracias por su dedicaci\u00f3n a sus alumnos, con los que comparte tanto. Gracias por su energ\u00eda contagiosa.<\/p>\n<p style=\"text-align: justify;\">Con mi sincera amistad Patricia y familia<\/p>\n<p style=\"text-align: justify;\">Bravo al artista que firma F.K., \u00a1es magn\u00edfico! un admirador<\/p>\n<p style=\"text-align: justify;\">Gracias por exponer nuestros cuadros. Gracias a vosotros, hemos recibido muchos cumplidos sobre nuestros dibujos. Casandra y L\u00e9a<\/p>\n<p style=\"text-align: justify;\">Me maravilla tanta diversidad, vida y sensibilidad. Hermana Jacqueline Marie.<\/p>\n<p style=\"text-align: justify;\">Muchas gracias por su dedicaci\u00f3n, por el maravilloso viaje de mis hijos y por su amabilidad. Os deseo lo mejor para el futuro y enhorabuena por la exposici\u00f3n. Anne-Laure R. y familia<\/p>\n<p style=\"text-align: justify;\">Vive l'atelier indigo!!! \u00a1para m\u00ed \u00edndigo significa Libertad! (y caballo) An\u00f3nimo, pero te he reconocido M\u00e9lodie \ud83d\ude42 .<\/p>\n<p style=\"text-align: justify;\">\u00a1Gracias por despertar y desarrollar el maravilloso arte de la pintura en nuestros j\u00f3venes! Estas obras son un testimonio del \u00e9xito. Enhorabuena a todos los artistas. Hermana Madeleine Esp\u00e9rance.<\/p>\n<p style=\"text-align: justify;\">Muchas gracias por vuestro contagioso entusiasmo. Hay algo para todos, j\u00f3venes y mayores, y eso es lo que realmente cuenta. Etienne, Florence, Louna y Antoine.<\/p>\n<p style=\"text-align: justify;\"><strong>Junio de 2014<\/strong><\/p>\n<p style=\"text-align: justify;\">Gracias por crear Atelier Indigo. Obrigada por tu profesionalidad. Gracias por su pasi\u00f3n. Gracias por ense\u00f1ar. Gracias por su humor. Takk por la magn\u00edfica exposici\u00f3n. \u00a1Estamos encantados de que Darius est\u00e9 en el 1er vuelo! Familia Rohrbasser<\/p>\n<p style=\"text-align: justify;\">\u00a1Gracias por todo! \u00a1He pasado un a\u00f1o estupendo en el taller \u00cdndigo! Un beso grande Laura<\/p>\n<p style=\"text-align: justify;\">Hola Sandra, muchas gracias por tu trabajo y tu generosidad. Me encanta trabajar contigo y eres la mejor profesora de dibujo. Sama Germanier<\/p>\n<p style=\"text-align: justify;\">Siempre me ha gustado dibujar. Sin Atelier Indigo, no sabr\u00eda dibujar: Talya, alumna de Sandra.<\/p>\n<p style=\"text-align: justify;\">Magn\u00edficos artistas... \u00a1genios con los pinceles! Bien hecho a los ni\u00f1os, bien hecho a los adultos. Ha sido magn\u00edfico... Gracias. Familia Vicente, incluida Anita, alumna.<\/p>\n<p style=\"text-align: justify;\">Enhorabuena a todos estos artistas. Y muchas gracias a Sandra por compartir su pasi\u00f3n con ellos. Les deseamos lo mejor y esperamos verles en la pr\u00f3xima exposici\u00f3n. Familia Ruiz, incluida la alumna Saskia.<\/p>\n<p style=\"text-align: justify;\">Queridos Sandra y Fabien \u00a1Muchas gracias por esta magn\u00edfica exposici\u00f3n! \u00a1Un vernissage a los 6 a\u00f1os...ouaauh...nos costar\u00eda hacer lo mismo...aunque, con los consejos de Sandra...! Maxence se lo ha pasado en grande este \u00faltimo a\u00f1o descubriendo todas las riquezas del Arte en el Atelier (bueno, algunas... nos guardamos algunas para m\u00e1s adelante) y las distintas t\u00e9cnicas que hacen que todas las obras expuestas sean obras maestras. As\u00ed que s\u00f3lo una palabra BRAVO, no dos, \u00a1GRACIAS tambi\u00e9n! Os esperamos en el nuevo a\u00f1o, lleno de poes\u00eda, fantas\u00eda, magia y nuevos dibujos. Besos grandes. Maxence, Camille, Sandrine y St\u00e9phane Boub\u00e9e<\/p>\n<p style=\"text-align: justify;\">Gracias por contagiarnos la pasi\u00f3n por el dibujo. Gracias de nuevo. L\u00e9a Fiaux, estudiante.<\/p>\n<p style=\"text-align: justify;\">Yo, M\u00e9lodie, cantar y dibujar es mi pasi\u00f3n. Dibujar es un trabajo de la imaginaci\u00f3n y cuando pintamos, las fuentes del mal nos abandonan. Sandra seguir\u00e1 siendo un fen\u00f3meno precioso para nosotros y para ella. M\u00e9lodie Jordan, estudiante.<\/p>\n<p style=\"text-align: justify;\">Estoy muy feliz de hacer el curso contigo. Os quiero. Charlotte Allemann, estudiante.<\/p>\n<p style=\"text-align: justify;\">Gracias por compartir este mundo art\u00edstico. Hasta pronto. Familia Allemann<\/p>\n<p style=\"text-align: justify;\">\u00a1Muchas gracias! Sandra por toda tu ayuda. Te quiero. Amandine Schell, estudiante.<\/p>\n<p style=\"text-align: justify;\">Es un placer ver las obras de j\u00f3venes y mayores tan bien combinadas. Bien hecho, B\u00e9n\u00e9dicte.<\/p>\n<p style=\"text-align: justify;\">L'Atelier Indigo, es genial, Margot Mottaz, alumna.<\/p>\n<p style=\"text-align: justify;\">Enhorabuena a los alumnos, pero sobre todo enhorabuena a la maravillosa persona que les ense\u00f1a este fabuloso arte. Seguid as\u00ed, \u00a1est\u00e1is haciendo cosas extraordinarias! Ana Rita Domingues.<\/p>\n<p style=\"text-align: justify;\">Gracias por darme la oportunidad de hacer una exposici\u00f3n tan maravillosa y gracias por ser un gran profesor de dibujo porque pude descubrir otras formas de arte. Gracias de nuevo. Guillaume Golay, alumno.<\/p>\n<p style=\"text-align: justify;\">Enhorabuena y todo lo mejor para los pr\u00f3ximos 20 a\u00f1os. Christine<\/p>\n<p style=\"text-align: justify;\">\u00a1Enhorabuena a todos! Estudiantes y t\u00fa Sandra, ten\u00e9is que creer porque el Arte es una raz\u00f3n para vivir. Fran\u00e7oise Fiaux<\/p>\n<p style=\"text-align: justify;\">Gracias por ayudarnos. Gracias por poner los dibujos en los marcos. Louna T\u00e2che, estudiante.<\/p>\n<p style=\"text-align: justify;\">Hola, muchas gracias por ense\u00f1arnos a dibujar. Felicidades, ha pasado 1 a\u00f1o desde el taller Indigo. Amor. Otra vez yo, se me olvido darte las gracias, gracias a ti he progresado en el dibujo.<\/p>\n<p style=\"text-align: justify;\">Un ramillete de colores y una explosi\u00f3n de t\u00e9cnicas. Enhorabuena por todas estas magn\u00edficas obras. Jade y Ren\u00e9e<\/p>\n<p style=\"text-align: justify;\">\u00a1Los lunes por la ma\u00f1ana nunca han sido tan buenos! Dos horas en las que mi mente se pierde en el Arte... Os deseo mucho \u00e9xito para el futuro de Atelier Indigo. Avril Wright, estudiante.<\/p>\n<p style=\"text-align: justify;\">Querida Sandra, me gustar\u00eda darte las gracias por existir y por haber \u00ababierto\u00bb esta escuela de dibujo y pintura, \u00a1porque no hay muchas! Disfruto dibujando y charlando contigo y con tus colegas todos los jueves. Enhorabuena y os deseo lo mejor para el futuro. Nad\u00e8ge Lhote, alumna.<\/p>\n<p style=\"text-align: justify;\">Sandra, gracias por todo, \u00a1Sergey est\u00e1 muy contento! Irina Berset, madre del alumno.<\/p>\n<p style=\"text-align: justify;\">Querida Sandra, esta sala de exposiciones fue para m\u00ed un sentimiento de Arte. Y ese sal\u00f3n fue la mayor inspiraci\u00f3n de mi vida. Y todo esto quedar\u00e1 grabado en mi coraz\u00f3n y en mi memoria. Gracias a ti, Ch\u00e2tel-St-Denis es famoso. Christopher :), estudiante.<\/p>\n<p style=\"text-align: justify;\">Querida Sandra, es un placer trabajar contigo. Liselotte Aubry, estudiante.<\/p>\n<p style=\"text-align: justify;\">Nacida de un sue\u00f1o, la escuela de arte Atelier Indigo hace viajar la imaginaci\u00f3n de los ni\u00f1os. Qu\u00e9 maravillosa aventura... Enhorabuena por su fabuloso trabajo y por esta exposici\u00f3n, que es tan buena como las obras expuestas. Su marido.<\/p>\n<p style=\"text-align: justify;\">\u00a1Larga vida a Atelier Indigo! Muchas gracias por ayudar a nuestros hijos a descubrir y amar el arte. Familia Rutishauser.<\/p>\n<p style=\"text-align: justify;\">\u00a1Gracias, Sandra! Sandra por este maravilloso a\u00f1o de magia y emoci\u00f3n. \u00a1Me encanta dibujar! Morgane Staneczek, estudiante.<\/p>\n<p style=\"text-align: justify;\">\u00a1Magn\u00edfica exposici\u00f3n! Enhorabuena a los artistas y gracias Sandra por tu trabajo y dedicaci\u00f3n. Familia Dolikhani, incluida Liliane, estudiante.<\/p>\n<p style=\"text-align: justify;\">Magnifique, un grand bravo pour cette exposition. \u00a1Me alegro por ti Sandra! Marie-Rose<\/p>\n<p style=\"text-align: justify;\">Me encanta dibujar. Gracias a vosotros, mi sue\u00f1o se ha hecho realidad. Talya, estudiante.<\/p>\n<p style=\"text-align: justify;\">\u00a1Bien hecho! He reconocido a Van Gogh, mi hermano est\u00e1 celoso. Seb, estudiante.<\/p>\n<p style=\"text-align: justify;\">Muchas gracias por estas clases de dibujo y por esta exposici\u00f3n, \u00a1estoy muy contento con mis dibujos gracias a vosotros! Arnaud<\/p>\n<p style=\"text-align: justify;\">Bravo!!! Es sencillamente magn\u00edfico... Seguid as\u00ed, hacednos so\u00f1ar de nuevo Sofia y Rapha\u00ebl Ribeiro<\/p>\n<p style=\"text-align: justify;\">Gracias por todo, besos grandes Vanessa Ribeiro, estudiante.<\/p>\n<p style=\"text-align: justify;\">Soy una artista en ciernes. Eres una artista en ciernes, RE M\u00e9lodie Jordan, estudiante.<\/p>\n<p style=\"text-align: justify;\">Ha pasado un a\u00f1o desde que vuestra escuela despeg\u00f3, desde que vuestro sue\u00f1o se hizo realidad y qu\u00e9 \u00e9xito: enhorabuena y todo lo mejor para el futuro, os lo merec\u00e9is sinceramente. Mis mejores deseos Aline y Olivier Grandjean<\/p>\n<p style=\"text-align: justify;\">Gracias Sandra, disfruto mucho con tus clases de dibujo. Cl\u00e9mence, estudiante.<\/p>\n<p style=\"text-align: justify;\">Enhorabuena por esta magn\u00edfica escuela de dibujo. Agn\u00e8s Kupferschmid, estudiante.<\/p>\n<p style=\"text-align: justify;\">\u00a1\u00c9xito admirable, su trabajo destacado por su hermosa exposici\u00f3n! \u00a1Contin\u00faen por el camino del Arte! Hermana Madeleine-Esp\u00e9rance, Instituto St-Fran\u00e7ois de Sales de Ch\u00e2tel-St-Denis<\/p>\n<p style=\"text-align: justify;\">\u00a1Enhorabuena a todos! Zo\u00e9 y No\u00e9 Guinnard. Estudiante No\u00e9.<\/p>\n<p style=\"text-align: justify;\">Gracias por todas las lecciones \ud83d\ude42 Stella, estudiante.<\/p>\n<p style=\"text-align: justify;\">Enhorabuena por esta gran exposici\u00f3n. Muchas gracias por vuestra calidez. Daniela, estudiante.<\/p>\n<p style=\"text-align: justify;\">Muchas felicidades a todos estos artistas. Mucho talento y buen humor en estos cuadros. Carine Quentin Mathilde Olivier<\/p>\n<p style=\"text-align: justify;\">Muchas gracias. Elsa, estudiante.<\/p>\n<p style=\"text-align: justify;\">Sigue con ello. Eres un apasionado. Una de verdad. En el transcurso de nuestras discusiones, te he descubierto y gracias Sandra por ocuparte de todos estos j\u00f3venes talentos. Firma dif\u00edcil de leer...<\/p>\n<p style=\"text-align: justify;\">Gracias Sandra por ense\u00f1arme a dibujar. Espero continuar esta aventura contigo. Auriane, estudiante.<\/p>\n<p style=\"text-align: justify;\">Gracias por todo. Th\u00e9a, Marilyne y Michel Demierre. Th\u00e9a, estudiante.<\/p>\n<p style=\"text-align: justify;\">\u00a1Me ha encantado! Romain Cochard, estudiante.<\/p>\n<p style=\"text-align: justify;\">\u00a1Atelier Indigo es genial! L\u00e9a Cherre, estudiante.<\/p>\n<p style=\"text-align: justify;\">Muchas gracias por este a\u00f1o y \u00a1hasta el a\u00f1o que viene! Louis, estudiante.<\/p>","protected":false},"excerpt":{"rendered":"<p>Le livre d&rsquo;Or de l&rsquo;Atelier Indigo Que de messages merveilleux dans les livres d&rsquo;Or des expositions de 2014, 2015, 2016 <span class=\"ellipsis\">...<\/span> <span class=\"more-link-wrap\"><a href=\"https:\/\/www.latelierindigo.ch\/es\/temoignages-deleve\/les-temoignages\/\" class=\"more-link\"><span>Leer m\u00e1s \u2192<\/span><\/a><\/span><\/p>","protected":false},"author":1,"featured_media":0,"parent":30,"menu_order":430,"comment_status":"closed","ping_status":"closed","template":"","meta":{"ngg_post_thumbnail":0,"footnotes":""},"class_list":["post-93","page","type-page","status-publish","hentry"],"_links":{"self":[{"href":"https:\/\/www.latelierindigo.ch\/es\/wp-json\/wp\/v2\/pages\/93","targetHints":{"allow":["GET"]}}],"collection":[{"href":"https:\/\/www.latelierindigo.ch\/es\/wp-json\/wp\/v2\/pages"}],"about":[{"href":"https:\/\/www.latelierindigo.ch\/es\/wp-json\/wp\/v2\/types\/page"}],"author":[{"embeddable":true,"href":"https:\/\/www.latelierindigo.ch\/es\/wp-json\/wp\/v2\/users\/1"}],"replies":[{"embeddable":true,"href":"https:\/\/www.latelierindigo.ch\/es\/wp-json\/wp\/v2\/comments?post=93"}],"version-history":[{"count":27,"href":"https:\/\/www.latelierindigo.ch\/es\/wp-json\/wp\/v2\/pages\/93\/revisions"}],"predecessor-version":[{"id":609,"href":"https:\/\/www.latelierindigo.ch\/es\/wp-json\/wp\/v2\/pages\/93\/revisions\/609"}],"up":[{"embeddable":true,"href":"https:\/\/www.latelierindigo.ch\/es\/wp-json\/wp\/v2\/pages\/30"}],"wp:attachment":[{"href":"https:\/\/www.latelierindigo.ch\/es\/wp-json\/wp\/v2\/media?parent=93"}],"curies":[{"name":"wp","href":"https:\/\/api.w.org\/{rel}","templated":true}]}}