{"id":2,"date":"2013-04-17T09:16:14","date_gmt":"2013-04-17T07:16:14","guid":{"rendered":"http:\/\/www.riviera-raptors.ch\/dev\/?page_id=2"},"modified":"2026-05-11T22:26:05","modified_gmt":"2026-05-11T20:26:05","slug":"page-d-exemple","status":"publish","type":"page","link":"https:\/\/www.latelierindigo.ch\/it\/","title":{"rendered":"Casa"},"content":{"rendered":"<h2><strong>Tirate fuori matite e pennelli!<\/strong><\/h2>\n<p style=\"text-align: justify;\">Il 26 agosto 2013 \u00e8 stata istituita a Ch\u00e2tel-St-Denis una scuola d'arte, disegno e pittura per offrire ai bambini locali e a quelli dei villaggi circostanti un'attivit\u00e0 che permetta loro di svilupparsi attraverso la creazione artistica. I bambini, gli adolescenti e gli adulti hanno vissuto momenti di scambio artistico e di interattivit\u00e0.<\/p>\n<p style=\"text-align: justify;\">Verranno introdotti al disegno e alla pittura attraverso una vasta gamma di tecniche di disegno: gouache, acrilici, pastelli, carboncino, matite, matite colorate, grafite, sanguigna, inchiostro di china, pigmenti di terra, ecc. (pittura a olio disponibile su richiesta).<\/p>\n<p style=\"text-align: justify;\">Attraverso una didattica basata sulla libert\u00e0 di creare, sull'ascolto, sull'osservazione del bambino e dove le sue qualit\u00e0 saranno messe in evidenza, affronteremo l'Arte dal punto di vista di piccoli gruppi di 6 - 7 - 8 anni, 9 - 10 - 11 anni, 12 - 13 - 14 anni, 15 - 16 - 17 anni e adulti a seconda delle richieste.<\/p>\n<p style=\"text-align: justify;\">In ogni lezione, Sandra ascolta i suoi studenti e i loro desideri, dedicando loro una vera e propria attenzione personale. Si instaura un rapporto di grande fiducia mentre le creazioni di ogni studente prendono forma.<\/p>\n<p style=\"text-align: justify;\">Quando si mescolano i colori sulla tavolozza, si ha la sensazione di essere in armonia con se stessi. Un po' di tempo per se stessi, che siate giovani o anziani.<\/p>\n<h2 style=\"text-align: center;\"><strong>Ritorno a scuola: luned\u00ec 31 agosto 2026<\/strong><\/h2>\n<p>&nbsp;<\/p>\n<h2 style=\"text-align: center;\">Apertura privata - da luned\u00ec 4 maggio a venerd\u00ec 8 maggio 2026&nbsp;<\/h2>\n<p>La scorsa settimana l'Atelier Indigo ha aperto le porte a genitori, amici e familiari. Mentre Sandra Kupferschmid e i suoi studenti seguivano normalmente le loro lezioni, i visitatori hanno potuto immergersi completamente nell'atmosfera dell'Atelier, nel pieno dell'azione.&nbsp;<\/p>\n<p>Inoltre, prima dell'evento \u00e8 stata preparata una sorpresa. Tutti gli alunni hanno avuto la fortuna di ricevere una rivista contenente uno dei loro migliori lavori dell'anno scolastico, oltre ad alcune loro testimonianze e ad altre di Sandra. Questa rivista in stile newyorkese permette agli alunni e\/o ai loro genitori di portare a casa i loro disegni o dipinti in modo originale e divertente, perch\u00e9 cosa c'\u00e8 di meglio di una riflessione sul lavoro artistico, composta da oltre 100 opere d'arte, comprese quelle di vostro figlio o di voi stessi, da sfogliare?<\/p>\n<p><a href=\"http:\/\/www.latelierindigo.ch\/wp-content\/uploads\/2026\/05\/Capture-decran-2026-05-11-215326.png\"><img loading=\"lazy\" decoding=\"async\" class=\"aligncenter wp-image-2361 size-large\" src=\"http:\/\/www.latelierindigo.ch\/wp-content\/uploads\/2026\/05\/Capture-decran-2026-05-11-215326-724x1024.png\" alt=\"\" width=\"640\" height=\"905\" srcset=\"https:\/\/www.latelierindigo.ch\/wp-content\/uploads\/2026\/05\/Capture-decran-2026-05-11-215326-724x1024.png 724w, https:\/\/www.latelierindigo.ch\/wp-content\/uploads\/2026\/05\/Capture-decran-2026-05-11-215326-212x300.png 212w, https:\/\/www.latelierindigo.ch\/wp-content\/uploads\/2026\/05\/Capture-decran-2026-05-11-215326-768x1086.png 768w, https:\/\/www.latelierindigo.ch\/wp-content\/uploads\/2026\/05\/Capture-decran-2026-05-11-215326-8x12.png 8w, https:\/\/www.latelierindigo.ch\/wp-content\/uploads\/2026\/05\/Capture-decran-2026-05-11-215326.png 1059w\" sizes=\"auto, (max-width: 640px) 100vw, 640px\" \/><\/a><\/p>\n<p>&nbsp;<\/p>\n<h2 style=\"text-align: center;\">&nbsp;Festa al cinema Sirius - sabato 24 maggio 2025<\/h2>\n<h3 style=\"text-align: center;\" data-start=\"116\" data-end=\"169\">Uno sguardo indietro a un'esperienza indimenticabile al Cin\u00e9ma Sirius<\/h3>\n<p data-start=\"171\" data-end=\"333\">Grazie a tutti per essere venuti!<br data-start=\"221\" data-end=\"224\">La proiezione immersiva organizzata al Cin\u00e9ma Sirius \u00e8 stata un grande successo e un momento di emozione condivisa.<\/p>\n<p data-start=\"335\" data-end=\"538\">Questo cinema di paese, in funzione dal 1930, ci sta particolarmente a cuore. Sostenuto oggi da un team di giovani appassionati, continua a prosperare nonostante le sfide degli ultimi anni.<\/p>\n<p data-start=\"540\" data-end=\"739\">L'idea di Sandra Kupferschmid di una mostra immersiva di dipinti proiettati su un grande schermo \u00e8 nata in questo spirito di sostegno e innovazione culturale. Grazie a voi, la terza arte ha incontrato la settima con il botto!<\/p>\n<p data-start=\"741\" data-end=\"1055\">I nostri ringraziamenti vanno a Victoria Fankhaenel, una giovane e promettente regista, per la sua relazione di 35 minuti, e a tutti coloro che hanno contribuito a rendere la giornata un'esperienza unica.<br data-start=\"916\" data-end=\"919\">Quasi 500 di voi hanno scoperto 100 opere in un nuovo formato e il vostro caloroso feedback \u00e8 la nostra pi\u00f9 grande ricompensa.<\/p>\n<p data-start=\"741\" data-end=\"1055\">Il reportage di Victoria Fankhaenel vi invita a entrare nell'intimit\u00e0 degli studenti dell'Atelier e vi offre il miglior riflesso possibile del lavoro di insegnamento svolto da Sandra per oltre 12 anni.&nbsp;<\/p>\n<p data-start=\"1123\" data-end=\"1146\">&nbsp;<\/p>\n<p><span style=\"font-size: 14pt;\"><strong>Il Festival in immagini<\/strong><\/span><\/p>\n<p><iframe loading=\"lazy\" src=\"\/\/www.youtube.com\/embed\/iHxKWrUeOWk\" width=\"560\" height=\"314\" allowfullscreen=\"allowfullscreen\" data-mce-fragment=\"1\"><\/iframe><\/p>\n<h3>&nbsp;<\/h3>\n<h3 style=\"text-align: center;\">Porte aperte 2024<\/h3>\n<p style=\"text-align: justify;\">Nel maggio 2024, l'Atelier Indigo ha aperto una nuova strada!  Per un'intera giornata i riflettori sono stati puntati sugli studenti e sui loro lavori in corso, rivelando l'Atelier come un vero e proprio nido d'artista. Invece di un'opera finita appesa al muro, l'attenzione si \u00e8 concentrata sull'elemento umano, dimostrando la complessit\u00e0 e il rigore della creazione. \u00c8 stata una giornata di condivisione unica ed eccezionale che ha scaldato i cuori, come mostra il video qui sotto. Ci auguriamo che vi sia piaciuto. Grazie a tutti gli studenti e ai loro genitori per questa meravigliosa celebrazione scolastica!<\/p>\n<p><iframe loading=\"lazy\" title=\"Apertura dell&#039;Atelier Indigo\" width=\"640\" height=\"360\" src=\"https:\/\/www.youtube.com\/embed\/WmXuyk4_1Bw?feature=oembed\" frameborder=\"0\" allow=\"accelerometer; autoplay; clipboard-write; encrypted-media; gyroscope; picture-in-picture; web-share\" referrerpolicy=\"strict-origin-when-cross-origin\" allowfullscreen><\/iframe><\/p>\n<h2 style=\"text-align: center;\"><a href=\"https:\/\/www.latelierindigo.ch\/wp-content\/uploads\/2020\/07\/Bandeau-avec-photos-pour-affiche-Copie.tif\"><img decoding=\"async\" class=\"aligncenter size-full wp-image-1434\" src=\"https:\/\/www.latelierindigo.ch\/wp-content\/uploads\/2020\/07\/Bandeau-avec-photos-pour-affiche-Copie.tif\" alt=\"\"><\/a><\/h2>\n<p>Video : Victoria Fankhaenel Video della festa della scuola del 4 maggio 2024, presso l'Atelier Indigo<\/p>\n<p style=\"text-align: center;\"><span style=\"font-size: 18pt;\"><strong>10 anni di Atelier Indigo<\/strong><\/span><\/p>\n<p style=\"text-align: justify;\">Nel giugno 2023, la Scuola d'Arte ha celebrato il suo 10\u00b0 anniversario presso la Galleria Image-In. Per 4 giorni, il pubblico ha potuto godere di una mostra gratuita basata sul tema del passato, del presente e del futuro. Qui di seguito troverete un video di riflessione su questa magnifica celebrazione, che ha riunito pi\u00f9 di 101 studenti e le loro famiglie, oltre ad altri visitatori. Alcuni studenti seguono le mie lezioni da 10 anni. Sono felice della fiducia che mi hanno dimostrato e del fatto che siano tutti orgogliosi della loro formazione artistica. Offro loro una solida formazione, sia tecnica che come coloristi, in piccoli gruppi. \u00c8 un'esperienza che unisce. Allenare, curare e ascoltare ogni singolo individuo \u00e8 qualcosa che mi sta a cuore. Pi\u00f9 conosco i miei studenti, pi\u00f9 posso anticiparli e portarli ad alti livelli nel corso degli anni. L'Atelier Indigo \u00e8 qui per voi, per molti anni a venire e per un nuovo decennio. Benvenuti nel vostro Atelier, dove c'\u00e8 qualcosa per tutti. Sandra Kupferschmid<\/p>\n<p><iframe loading=\"lazy\" title=\"10 anni di scuola\" width=\"640\" height=\"360\" src=\"https:\/\/www.youtube.com\/embed\/5q5wlWeaYIk?feature=oembed\" frameborder=\"0\" allow=\"accelerometer; autoplay; clipboard-write; encrypted-media; gyroscope; picture-in-picture; web-share\" referrerpolicy=\"strict-origin-when-cross-origin\" allowfullscreen><\/iframe><\/p>\n<p>Video : Video del 10\u00b0 anniversario di Victoria Fankhaenel alla Galerie Image-In, giugno 2023<\/p>\n<p style=\"text-align: center;\"><span style=\"font-size: 18pt;\"><strong>Programma radiofonico - Ritratto di Sandra<\/strong><\/span><\/p>\n<p>Chiunque sia interessato a saperne di pi\u00f9 sulla sua insegnante d'arte, Sandra Kupferschmid, pu\u00f2 ascoltare la trasmissione a partire da luned\u00ec sera, 25 febbraio 2024, all'indirizzo&nbsp;<strong><u>radio Unimix<\/u><\/strong>, Radio universitaria di Friburgo, che ha intervistato Sandra.<\/p>\n<p>Ha avuto il piacere di essere intervistata per un meraviglioso ritratto di 30 minuti dalla sua ex allieva Sarah Alili di Ch\u00e2tel-St-Denis, studentessa universitaria a Friburgo e futura giornalista. \u00c8 stato un grande momento di condivisione tra risate e seriet\u00e0 con i grandi microfoni della radio. Grazie a Sarah per la sua professionalit\u00e0 e le sue domande di altissimo livello. Se volete saperne di pi\u00f9 sul suo background, potete ascoltare il programma qui sotto.<\/p>\n<p><a href=\"http:\/\/soundcloud.com\/unimixfr\/dessins?utm_source=mobi&#038;utm_campaign=social_sharing\">http:\/\/soundcloud.com\/unimixfr\/dessins?utm_source=mobi&amp;utm_campaign=social_sharing<\/a><\/p>\n<p>Intervista e montaggio: Sarah Alili (Radio Unimix) - Ritratto di Sandra<\/p>\n<p style=\"text-align: justify;\">&nbsp;<\/p>\n<h2>&nbsp;<\/h2>\n<p style=\"text-align: center;\">&nbsp;<\/p>","protected":false},"excerpt":{"rendered":"<p>Tirate fuori matite e pennelli! Il 26 maggio \u00e8 stata inaugurata una scuola di arte, disegno e pittura. <span class=\"ellipsis\">...<\/span> <span class=\"more-link-wrap\"><a href=\"https:\/\/www.latelierindigo.ch\/it\/\" class=\"more-link\"><span>Per saperne di pi\u00f9 \u2192<\/span><\/a><\/span><\/p>","protected":false},"author":1,"featured_media":0,"parent":0,"menu_order":100,"comment_status":"closed","ping_status":"closed","template":"","meta":{"ngg_post_thumbnail":0,"footnotes":""},"class_list":["post-2","page","type-page","status-publish","hentry"],"_links":{"self":[{"href":"https:\/\/www.latelierindigo.ch\/it\/wp-json\/wp\/v2\/pages\/2","targetHints":{"allow":["GET"]}}],"collection":[{"href":"https:\/\/www.latelierindigo.ch\/it\/wp-json\/wp\/v2\/pages"}],"about":[{"href":"https:\/\/www.latelierindigo.ch\/it\/wp-json\/wp\/v2\/types\/page"}],"author":[{"embeddable":true,"href":"https:\/\/www.latelierindigo.ch\/it\/wp-json\/wp\/v2\/users\/1"}],"replies":[{"embeddable":true,"href":"https:\/\/www.latelierindigo.ch\/it\/wp-json\/wp\/v2\/comments?post=2"}],"version-history":[{"count":75,"href":"https:\/\/www.latelierindigo.ch\/it\/wp-json\/wp\/v2\/pages\/2\/revisions"}],"predecessor-version":[{"id":2363,"href":"https:\/\/www.latelierindigo.ch\/it\/wp-json\/wp\/v2\/pages\/2\/revisions\/2363"}],"wp:attachment":[{"href":"https:\/\/www.latelierindigo.ch\/it\/wp-json\/wp\/v2\/media?parent=2"}],"curies":[{"name":"wp","href":"https:\/\/api.w.org\/{rel}","templated":true}]}}