{"id":31,"date":"2013-04-19T14:47:57","date_gmt":"2013-04-19T12:47:57","guid":{"rendered":"http:\/\/www.riviera-raptors.ch\/dev\/?page_id=31"},"modified":"2024-06-06T11:05:39","modified_gmt":"2024-06-06T09:05:39","slug":"conditions","status":"publish","type":"page","link":"https:\/\/www.latelierindigo.ch\/it\/conditions\/","title":{"rendered":"Regole della scuola"},"content":{"rendered":"<h2 style=\"text-align: justify;\"><strong>L'inizio dell'anno<\/strong><\/h2>\n<p>All'inizio dell'anno, ogni alunno riceve una cartella A3 per conservare i propri disegni. La cartella \u00e8 inclusa nel costo della retta scolastica e copre anche la struttura della mostra, i costi di gestione della scuola e della mostra. La cartella viene utilizzata per 3 anni; se l'alunno smette dopo 1 o 2 anni, verr\u00e0 addebitato un supplemento di 10 franchi.<\/p>\n<p>Ogni partecipante \u00e8 a conoscenza delle istruzioni per il riordino del materiale e far\u00e0 particolare attenzione al materiale messo a disposizione dalla scuola di disegno. Ogni bambino deve riordinare la propria postazione e il proprio materiale al termine della lezione. Questo tempo sar\u00e0 sottratto alla lezione, circa 5-10 minuti a seconda dell'attivit\u00e0.<\/p>\n<p>Ogni alunno deve portare con s\u00e9 un paio di pantofole e un grembiule per ogni lezione. I grembiuli possono essere acquistati direttamente dalla scuola per bambini e adulti. Va bene anche una vecchia camicia, ma non deve coprire il fondo dei pantaloni. I grembiuli di cotone beige costano 15 franchi per i bambini fino a 11 anni, mentre i grembiuli neri grandi costano 20 franchi per i bambini dai 12 anni in su. Solo per la vestizione e non \u00e8 obbligatorio.<\/p>\n<h2 style=\"text-align: justify;\"><strong>Durata del corso<\/strong><\/h2>\n<p>Un corso dura 1 ora e 15 minuti per i bambini, 1 ora e 30 minuti per gli adolescenti e 2 ore per gli adulti; questo tempo viene conteggiato a settimana. I corsi seguono le vacanze scolastiche e i giorni festivi annuali di Friburgo. Dal 2015 \u00e8 prevista una settimana di congedo per la settimana successiva all'evento annuale, in riconoscimento dell'impegno richiesto per l'allestimento, lo smontaggio e lo spostamento dei dipinti. Questo viene sempre annunciato all'inizio dell'anno sul sito web, nel calendario delle vacanze e dei giorni festivi.<\/p>\n<p>L'anno di Atelier Indigo dura 10 mesi, fino alla fine di giugno. <strong><u>35 settimane lavorative<\/u><\/strong>.<\/p>\n<h2 style=\"text-align: justify;\"><strong>Fine del corso<\/strong><\/h2>\n<p>Gli alunni devono ritirare la loro produzione annuale e tutti i loro effetti personali alla fine dell'anno scolastico. Lo studio non si assume alcuna responsabilit\u00e0 per eventuali perdite o danni agli effetti personali o alle attrezzature lasciate.<\/p>\n<p>Come indicato nel paragrafo relativo all'inizio dell'anno, gli alunni che lasciano la scuola alla fine dell'anno e che hanno utilizzato la loro cartella solo per un anno devono pagare 10 franchi alla segreteria per riaverla. Poich\u00e9 \u00e8 stata usata e sporcata, non pu\u00f2 essere restituita alla scuola.<\/p>\n<p>La scuola di disegno sar\u00e0 in vacanza dalla fine di giugno. <u>La segreteria \u00e8 chiusa durante l'estate <\/u>e riapre durante il corso estivo alla fine di agosto.<\/p>\n<h2 style=\"text-align: justify;\"><strong>Registrazione<\/strong><\/h2>\n<p>L'iscrizione \u00e8 per un anno, in base alla disponibilit\u00e0.&nbsp;<strong>\u00c8 ufficiale e convalidato<\/strong>, La quota di iscrizione deve essere versata non appena lo studente invia il modulo di iscrizione. Per le iscrizioni annullate o i ritiri effettuati tra la fine di marzo e la fine di giugno o durante il periodo estivo&nbsp;<strong>per una delle ragioni principali indicate di seguito<\/strong>, il mese di settembre e il 1<sup>er<\/sup> Le tasse scolastiche devono essere pagate. In seguito, lo studente si impegna con la Scuola per l'intero anno scolastico. Un motivo importante per abbandonare un corso \u00e8 un trasferimento a distanza, una malattia con certificato medico, una separazione, un divorzio o un licenziamento. Il contratto di iscrizione con la scuola pu\u00f2 essere annullato durante l'anno, con un documento che lo attesti. <u>con un preavviso di almeno un trimestre<\/u>, <u>ricevuti almeno 1 mese prima della fine del trimestre<\/u>. La mancanza di desiderio non \u00e8 una ragione importante.<\/p>\n<p>Le iscrizioni dei nuovi alunni devono essere effettuate entro il 30 giugno. Se ci sono ancora posti disponibili, le nuove iscrizioni possono essere effettuate nel corso dell'anno. Gli alunni gi\u00e0 iscritti possono rinnovare l'iscrizione di anno in anno fino alla fine dell'anno scolastico. <strong><u>30 marzo al pi\u00f9 tardi<\/u><\/strong>, Ogni anno deve essere compilato un nuovo modulo di iscrizione per ogni alunno. Ogni anno deve essere compilato un nuovo modulo di iscrizione per ogni alunno.&nbsp;<strong>Dopo il 30 marzo, all'alunno non verr\u00e0 assegnato un posto se l'iscrizione non viene presentata nel mese di marzo.&nbsp;<\/strong>Il periodo di un mese che intercorre tra l'invio dell'elenco provvisorio degli studenti all'inizio di marzo e la fine di marzo consente di perfezionare l'iscrizione e di avere tutto il tempo per pensare se continuare gli studi artistici l'anno successivo, assicurandosi allo stesso tempo il posto.<\/p>\n<p>Registrazione per&nbsp;<strong>corsi di scoperta<\/strong>, Una volta convalidato il modulo di iscrizione, questo non pu\u00f2 essere annullato in nessun caso, a meno che alla direzione non venga presentata una delle ragioni principali sopra menzionate. Lo studente si impegna inoltre a rispettare le date indicate per tutto l'anno.<\/p>\n<p>L'iscrizione a tutti i corsi \u00e8 pertanto soggetta alle seguenti condizioni<strong><u>&nbsp;in nessun modo<\/u><\/strong>&nbsp;Tuttavia, solo in caso di malattia, pu\u00f2 essere trasferito a un altro corso in programma durante l'anno.<\/p>\n<p>A partire da dicembre 2022, le famiglie sono state informate che per il primo sollecito di pagamento verr\u00e0 addebitata una tassa di 30 franchi per compensare il lavoro di segreteria.&nbsp;<\/p>\n<h2><strong>Periodo di prova<\/strong><\/h2>\n<p>L'accettazione di un nuovo studente \u00e8 definitiva dopo un periodo di prova di 4 settimane a settembre, per verificare se lo studente si inserisce nel gruppo senza disturbarlo e se mostra interesse per la materia. Il nuovo studente pu\u00f2 anche ritirarsi durante questo periodo di prova.&nbsp;<strong>Il periodo di prova si applica quindi a <u>solo per i nuovi studenti e per gli adolescenti che iniziano il corso di CO<\/u><\/strong>&nbsp;e, di conseguenza, stanno subendo molti cambiamenti.<\/p>\n<h2><strong>Assenze e sostituzioni di corsi<\/strong><\/h2>\n<p>Le lezioni perse che vengono giustificate telefonicamente prima della lezione possono essere sostituite. <u>La sostituzione deve essere richiesta dall'alunno o dai suoi genitori, <\/u>e organizzato con l'insegnante, in base alla disponibilit\u00e0 in altri gruppi della stessa et\u00e0 e in base all'orario. Tuttavia, le lezioni non sono rimborsabili in caso di assenza, e questo vale per tutte le categorie di studenti.<\/p>\n<p>Per le sostituzioni, gli adulti potranno fare fino a <strong><u>4 corsi scusati<\/u><\/strong>, Questo non vale per le persone sottoposte a cure mediche, che sono spesso assenti. In seguito, gli studenti adulti perdono le lezioni. Possono recuperare con le lezioni settimanali regolari o con i sabati Discovery, a seconda della disponibilit\u00e0 di posti annuali.<\/p>\n<p>Per quanto riguarda le sostituzioni, i bambini e i ragazzi potranno fare fino a&nbsp;<strong><u>4 corsi scusati<\/u><\/strong> prima, nello stesso trimestre del corso perso.<\/p>\n<p>Queste misure hanno dovuto essere adottate perch\u00e9 le assenze erano numerose, alcune delle quali ingiustificate.<\/p>\n<p>Le sostituzioni sono sempre possibili durante <strong><u>solo per l'anno scolastico in corso. Le sostituzioni non sono obbligatorie, ma dipendono dai desideri e dalle possibilit\u00e0 individuali.<\/u><\/strong><\/p>\n<p>Per quanto riguarda le lezioni annunciate e programmate come sostitutive, organizzate dall'insegnante e perse dall'alunno, esse non possono pi\u00f9 essere riprogrammate.<\/p>\n<p>Le lezioni annullate per malattia dell'insegnante non saranno sostituite.<\/p>\n<h2><strong>L'epidemia e la pandemia<\/strong><\/h2>\n<p>Nell'aprile 2020 \u00e8 stato attivato un corso online su Teams microsoft. Si \u00e8 rivelato efficace per tutti gli studenti e ha persino fornito nuove opportunit\u00e0 per le correzioni su schermo, un nuovo approccio. In caso di nuova pandemia o epidemia, il corso online sarebbe considerato l'equivalente di un corso in aula. Potrebbe iniziare molto rapidamente, senza causare danni, senza perdere una lezione, perch\u00e9 l'installazione sarebbe gi\u00e0 pronta. Non ci sarebbero condizioni speciali, sconti, rimborsi o cancellazioni di corsi durante l'anno. Gli studenti si impegnano per l'anno, secondo le regole, e non possono interrompere il corso artistico annuale. Il corso online soddisfa i requisiti iniziali per un insegnamento settimanale efficace e di alta qualit\u00e0 e fornisce lo stesso livello di servizio della classe, in termini di correzione dei disegni degli studenti con un buon programma che consente a ogni studente di progredire. Per le persone che non sono in grado di installare Teams, la helpline indigo fornir\u00e0 ancora una volta assistenza per l'installazione. Il corso online \u00e8 stato un'occasione di incontro.<\/p>\n<h2 style=\"text-align: justify;\"><strong>Diritti di immagine<\/strong><\/h2>\n<p>L'Atelier Indigo utilizza fotografie o immagini di opere d'arte, numerosi libri, ecc. per insegnare ai suoi studenti. La scuola non si assume alcuna responsabilit\u00e0 per le copie delle opere che potrebbero essere promosse su social network o siti web, per la vendita di opere personali o per la pubblicit\u00e0. Questi riferimenti d'autore sono un modo per gli studenti di imparare a disegnare o a dipingere, che dovrebbero tenere per s\u00e9, in privato, per non incontrare difficolt\u00e0 in relazione all'autore dell'opera o all'immagine di un fotografo.<\/p>\n<h2 style=\"text-align: justify;\"><strong>Accesso alla scuola<\/strong><\/h2>\n<p>L'Atelier Indigo desidera informarvi che non \u00e8 consentito entrare nella scuola di disegno al di fuori degli orari di lezione. La propriet\u00e0 privata delle suore inizia dal cancello d'ingresso in cima alle scale. L'accesso \u00e8 autorizzato&nbsp;<strong>solo per gli studenti<\/strong>&nbsp;dalla scuola di disegno,&nbsp;<strong>durante le lezioni<\/strong>. \u00c8 quindi illegale recarsi l\u00ec al di fuori dell'orario scolastico. Questa nuova regola si applica a partire da aprile 2019, in seguito ai danni subiti dal cortile, con pietre su tutto il sentiero, vetri graffiati dalla finestra, il vaso beachflag pieno di sassi, patatine, bottiglie in giro, urina, tag spray, ecc. Ci\u00f2 comporta ulteriori costi di manutenzione che potrebbero essere addebitati ai responsabili colti in flagrante. L'Atelier Indigo declina ogni responsabilit\u00e0 per i genitori che non sorvegliano i propri figli e che si recano nel parco giochi nonostante le raccomandazioni.<\/p>\n<p>L'Atelier Indigo ha dovuto installare una telecamera di sorveglianza nel piccolo cortile per evitare che venisse danneggiata o rubata. In questo caso, la scuola potrebbe sporgere denuncia.<\/p>\n<h2 style=\"text-align: justify;\"><strong>Il volo<\/strong><\/h2>\n<p>L'Atelier Indigo informa che le attrezzature fornite alla scuola di disegno sono di propriet\u00e0 della scuola, cos\u00ec come le decorazioni o gli accessori che vi si trovano. Nel 2018-2019 l'Atelier ha registrato un aumento della sparizione di gomme da architetto, righelli e altri oggetti di propriet\u00e0 ecc... Gli studenti sorpresi saranno immediatamente esclusi dalla scuola.<\/p>\n<h2 style=\"text-align: justify;\"><strong>La propriet\u00e0 intellettuale della scuola di disegno<\/strong><\/h2>\n<p>Atelier Indigo informa che chiunque copi il programma della scuola su Internet, la sua filosofia, le sue regole, ecc. potr\u00e0 essere perseguito penalmente, cos\u00ec come chiunque si dedichi allo spionaggio aziendale partecipando a uno o pi\u00f9 corsi occasionali, con l'obiettivo di sottrarre informazioni strutturali alla scuola di disegno o di trasmetterle ad altri.<\/p>","protected":false},"excerpt":{"rendered":"<p>Le d\u00e9but d\u2019ann\u00e9e Chaque \u00e9l\u00e8ve re\u00e7oit un dossier A3 pour le rangement de ses dessins, en d\u00e9but d\u2019ann\u00e9e. Il est <span class=\"ellipsis\">...<\/span> <span class=\"more-link-wrap\"><a href=\"https:\/\/www.latelierindigo.ch\/it\/conditions\/\" class=\"more-link\"><span>Per saperne di pi\u00f9 \u2192<\/span><\/a><\/span><\/p>","protected":false},"author":1,"featured_media":0,"parent":0,"menu_order":450,"comment_status":"closed","ping_status":"closed","template":"","meta":{"ngg_post_thumbnail":0,"footnotes":""},"class_list":["post-31","page","type-page","status-publish","hentry"],"_links":{"self":[{"href":"https:\/\/www.latelierindigo.ch\/it\/wp-json\/wp\/v2\/pages\/31","targetHints":{"allow":["GET"]}}],"collection":[{"href":"https:\/\/www.latelierindigo.ch\/it\/wp-json\/wp\/v2\/pages"}],"about":[{"href":"https:\/\/www.latelierindigo.ch\/it\/wp-json\/wp\/v2\/types\/page"}],"author":[{"embeddable":true,"href":"https:\/\/www.latelierindigo.ch\/it\/wp-json\/wp\/v2\/users\/1"}],"replies":[{"embeddable":true,"href":"https:\/\/www.latelierindigo.ch\/it\/wp-json\/wp\/v2\/comments?post=31"}],"version-history":[{"count":60,"href":"https:\/\/www.latelierindigo.ch\/it\/wp-json\/wp\/v2\/pages\/31\/revisions"}],"predecessor-version":[{"id":1882,"href":"https:\/\/www.latelierindigo.ch\/it\/wp-json\/wp\/v2\/pages\/31\/revisions\/1882"}],"wp:attachment":[{"href":"https:\/\/www.latelierindigo.ch\/it\/wp-json\/wp\/v2\/media?parent=31"}],"curies":[{"name":"wp","href":"https:\/\/api.w.org\/{rel}","templated":true}]}}