{"id":34,"date":"2013-04-19T14:48:58","date_gmt":"2013-04-19T12:48:58","guid":{"rendered":"http:\/\/www.riviera-raptors.ch\/dev\/?page_id=34"},"modified":"2026-03-05T20:52:28","modified_gmt":"2026-03-05T19:52:28","slug":"programme","status":"publish","type":"page","link":"https:\/\/www.latelierindigo.ch\/it\/cours\/programme\/","title":{"rendered":"Il programma"},"content":{"rendered":"<h2 style=\"text-align: justify;\"><strong>Orario regolare del corso<\/strong><\/h2>\n<p style=\"text-align: justify;\"><strong>Luned\u00ec<\/strong><\/p>\n<p>15.45 - 17.00 Laboratorio per bambini 6 - 7 - 8 anni<span style=\"margin-right: 0px; float: right;\">9 posti a sedere<\/span><\/p>\n<p dir=\"ltr\">17.15 - 18.45 laboratorio per adolescenti dai 12 anni in su<span style=\"margin-right: 0px; float: right;\">&nbsp;11 posti<\/span><\/p>\n<p style=\"text-align: justify;\"><strong>Marted\u00ec<\/strong><\/p>\n<p><span style=\"margin-right: 0px; float: right;\">9 posti a sedere<\/span><\/p>\n<p>15.45 - 17.00 Laboratorio per bambini 9 - 10 - 11 anni<\/p>\n<p><span style=\"margin-right: 0px; float: right;\">11 posti<\/span><\/p>\n<p>17.15 - 18.45 laboratorio per adolescenti dai 12 anni in su<\/p>\n<p style=\"text-align: justify;\"><strong>Mercoled\u00ec<\/strong><\/p>\n<p>13.15 - 14.30 Laboratorio per bambini 9 - 10 - 11 anni<span style=\"margin-right: 0px; float: right;\">9 posti a sedere<\/span><\/p>\n<p style=\"text-align: justify;\"><strong>Gioved\u00ec<\/strong><\/p>\n<p>15.45 - 17.00 laboratorio per bambini 9 - 10 -11 anni<span style=\"margin-right: 0px; float: right;\">9 posti a sedere<\/span><\/p>\n<p>17.15 - 18.45 Laboratorio per adolescenti dalle 9.00<span style=\"margin-right: 0px; float: right;\">&nbsp;11 posti<\/span><\/p>\n<p>19.00 - 21.00 Laboratorio per adulti <span style=\"margin-right: 0px; float: right;\">9 posti a sedere<\/span><\/p>\n<p><strong>Venerd\u00ec<\/strong><\/p>\n<p>16.30 - 18.00 laboratorio per adolescenti dai 12 anni in su<span style=\"margin-right: 0px; float: right;\">11 posti<\/span><\/p>\n<p><span style=\"margin-right: 0px; float: right;\">11 posti<\/span><\/p>\n<p>18.30 - 19.45 laboratorio per adolescenti dai 15 anni in su<\/p>\n<p style=\"text-align: justify;\">\u00c8 importante prenotare il proprio posto in tempi brevi e nel giorno pi\u00f9 adatto alle proprie esigenze.&nbsp;<\/p>\n<h2 style=\"text-align: justify;\"><strong>Tirocini<\/strong><\/h2>\n<p style=\"text-align: justify;\">I corsi possono essere organizzati durante le vacanze scolastiche di ogni anno, in determinate date, nei seguenti orari: dalle 10.00 alle 12.00 e dalle 14.00 alle 16.00. All'ora di pranzo viene offerto un picnic supervisionato per il gruppo. I bambini portano il proprio pranzo.<\/p>\n<p style=\"text-align: justify;\">Prezzo totale per 4 giorni CHF 280.00 (attrezzatura inclusa, ma pasti esclusi) o CHF 70.00 al giorno per 6 ore di lezione.  Sono disponibili 8-10 posti per tutte le et\u00e0, dai 6 anni in su, a seconda della richiesta.<\/p>\n<p style=\"text-align: justify;\">I corsi vengono confermati non appena si ricevono almeno 4 iscrizioni su 8-10 studenti, inviando una ricevuta di pagamento in anticipo.<\/p>\n<p>&nbsp;<\/p>\n<h1><strong>Date di formazione previste 2025-2026<\/strong><\/h1>\n<p><strong>Da luned\u00ec 13 aprile a gioved\u00ec 16 aprile 2026<\/strong> - corso di architettura livelli I, II, III, IV, V ecc...mix. progetto I: progetto per una villa a un piano\/ II: progetto modello I \/III: progetto per un hotel\/IV progetto modello hotel-\/V progetto per una villa a 2 piani - supplemento per il modello dell'architetto CHF 20.-(4 giorni CHF 370.- vacanze di Pasqua \/ croce VD\/FR) Totale con modello CHF 390.-.<\/p>\n<p><strong>Da luned\u00ec 24 agosto a mercoled\u00ec 26 agosto 2026<\/strong>&nbsp;- corso gratuito di disegno e pittura - (3 giorni CHF 260.-) (3 giorni prima dell'inizio dell'anno scolastico)<\/p>\n<h2><strong>Date di formazione previste 2026-27<\/strong><\/h2>\n<p><strong>Da luned\u00ec 12 ottobre a gioved\u00ec 15 ottobre 2026<\/strong>&nbsp;- corso di architettura livelli I, II, III, IV, V ecc. mix. progetto I: progetto per una villa su un unico livello\/ II: progetto modello I \/III: progetto per un hotel\/IV progetto modello hotel-\/V progetto per un centro sportivo- supplemento per modello architetto CHF 20.- (4 giorni CHF 370.- vacanze autunnali \/ cross VD\/FR) Totale con modello CHF 390.-.<\/p>\n<p><strong>Da luned\u00ec 5 aprile a gioved\u00ec 8 aprile 2027<\/strong>&nbsp;- corso di architettura livelli I, II, III, IV, V ecc...mix. progetto I: progetto per una villa a un piano\/ II: progetto modello I \/III: progetto per un hotel\/IV progetto modello hotel-\/V progetto per una villa a 2 piani - supplemento per il modello dell'architetto CHF 20.- (4 giorni CHF 370.- vacanze di Pasqua \/ croce VD\/FR) Totale con modello CHF 390.-.<\/p>\n<p><strong>Da luned\u00ec 23 agosto a mercoled\u00ec 25 agosto 2027<\/strong>&nbsp;- corso gratuito di disegno e pittura - (3 giorni CHF 275.-) (3 giorni prima dell'inizio dell'anno scolastico)<\/p>\n<h2><strong>I sabati della scoperta per gli adulti<\/strong><\/h2>\n<p style=\"text-align: justify;\">Per chiunque voglia seguire un laboratorio creativo per un intero pomeriggio, dalle 13.30 alle 17.30, che rappresenta 2 lezioni per adulti di 2 ore, questa \u00e8 una soluzione che pu\u00f2 andare bene per molti creativi che non riescono a trovare il tempo per se stessi. Non \u00e8 necessario essere membri dell'Atelier Indigo tutto l'anno per usufruire di questo servizio.<\/p>\n<p style=\"text-align: justify;\">I workshop Discovery sono confermati dopo un minimo di 4 iscrizioni su 8-10 studenti, inviando una polizza di versamento in anticipo. L'iscrizione alle 6 date annuali consente di ridurre il prezzo totale a CHF 650.00 anzich\u00e9 CHF 672.00. Tutti i materiali sono inclusi, tranne le tele. In questo modo \u00e8 possibile garantire il proprio posto.<\/p>\n<p style=\"text-align: justify;\">Fino a 2 lezioni perse possono essere recuperate durante le normali lezioni settimanali. Se si perdono pi\u00f9 di 2 lezioni, le lezioni perse sono perse per lo studente.<\/p>\n<h2><strong>Date di inizio dell'anno accademico 2025-2026<\/strong><\/h2>\n<p>Sabato 14 marzo 2026<\/p>\n<h2><strong>Date di inizio dell'anno accademico 2026-2027<\/strong><\/h2>\n<p>Sabato 05 settembre 2026<\/p>\n<p>Sabato 03 ottobre 2026<\/p>\n<p>Sabato 14 novembre 2026<\/p>\n<p>Sabato 16 gennaio 2027<\/p>\n<p>Sabato 20 febbraio 2027<\/p>\n<p>Sabato 20 marzo 2027<\/p>\n<p>&nbsp;<\/p>\n<h2><strong>I mercoled\u00ec della scoperta per i bambini dai 6 anni in su<\/strong><\/h2>\n<p style=\"text-align: justify;\">L'Atelier Indigo offre questa possibilit\u00e0 a tutti coloro che desiderano partecipare a un laboratorio creativo alcuni pomeriggi all'anno, dalle 14.45 alle 16.45, per 2 ore di disegno o pittura. Non \u00e8 necessario essere membri dell'Atelier Indigo tutto l'anno per usufruire di questa opzione. Il pacchetto di 5 corsi deve essere preso nel suo insieme durante l'anno.<\/p>\n<p style=\"text-align: justify;\">I laboratori Discovery sono confermati dopo un minimo di 4 iscrizioni su 8-10 studenti, inviando una polizza di versamento in anticipo. Il prezzo del pacchetto per le 5 date annuali \u00e8 di 270 CHF invece di 290 CHF. Tutti i materiali sono inclusi, tranne le tele. In questo modo \u00e8 possibile garantire il proprio posto.<\/p>\n<p style=\"text-align: justify;\">Fino a 2 lezioni perse possono essere recuperate in lezioni settimanali regolari della stessa et\u00e0. Se si perdono pi\u00f9 di 2 lezioni, le lezioni perse vengono perse.<\/p>\n<h2><strong>Date per il 2025-2026<\/strong><\/h2>\n<p>Mercoled\u00ec 11 marzo 2026<\/p>\n<h2><strong>Date di inizio dell'anno accademico 2026-2027<\/strong><\/h2>\n<p>Mercoled\u00ec 09 settembre 2026<\/p>\n<p>Mercoled\u00ec 04 novembre 2026<\/p>\n<p>Mercoled\u00ec 20 gennaio 2027<\/p>\n<p>Mercoled\u00ec 17 febbraio 2027<\/p>\n<p>Mercoled\u00ec 17 marzo 2027<\/p>\n<p>&nbsp;<\/p>\n<h2><strong> I sabati della scoperta per gli adolescenti a partire dai 12 anni di et\u00e0<\/strong><\/h2>\n<p style=\"text-align: justify;\">Se desiderate partecipare a un laboratorio creativo alcuni pomeriggi all'anno, dalle 13.30 alle 17.00, con 3 ore di disegno o pittura e una pausa di 30 minuti, con torta e succo di frutta offerti, questa \u00e8 un'opzione offerta da Atelier Indigo. Non \u00e8 necessario essere iscritti all'Atelier Indigo tutto l'anno per usufruire di questa opzione. Il pacchetto di 3 portate deve essere preso nel corso dell'anno.<\/p>\n<p style=\"text-align: justify;\">I workshop Discovery sono confermati dopo un minimo di 4 iscrizioni su 8-10 studenti, inviando una ricevuta di pagamento in anticipo. L'iscrizione alle 3 date annuali costa 280 CHF invece di 300 CHF. Tutti i materiali sono inclusi, tranne le tele. In questo modo \u00e8 possibile garantire il proprio posto.<\/p>\n<p style=\"text-align: justify;\">Fino a un massimo di 1 lezione persa pu\u00f2 essere recuperata in classi settimanali regolari della stessa et\u00e0. In seguito, le lezioni perse sono perse per lo studente.<\/p>\n<h2><strong>Date per il 2025-2026<\/strong><\/h2>\n<p>Sabato 28 marzo 2026<\/p>\n<h2><strong>Date di inizio dell'anno accademico 2026-2027<\/strong><\/h2>\n<p>Sabato 28 novembre 2026<\/p>\n<p>Sabato 30 gennaio 2027<\/p>\n<p>Sabato 17 aprile 2027<\/p>\n<p>&nbsp;<\/p>\n<h2><strong>Vacanze scolastiche e festivit\u00e0 di Friburgo 2025-2026<\/strong><\/h2>\n<p><strong>Date di inizio dell'anno accademico 2025-2026:&nbsp;<\/strong><\/p>\n<p>Vacanze di Carnevale da luned\u00ec 16 febbraio a venerd\u00ec 20 febbraio 2026 - ritorno a scuola 23 febbraio 2026<\/p>\n<p>Vacanze di Pasqua da venerd\u00ec 3 aprile (Venerd\u00ec Santo) a venerd\u00ec 17 aprile 2026 - ritorno a scuola il 20 aprile 2026<\/p>\n<p>Ascensione, gioved\u00ec 14 maggio e venerd\u00ec 15 maggio 2026<\/p>\n<p>Festa di Pentecoste luned\u00ec 25 maggio 2026<\/p>\n<p>Corpus Domini gioved\u00ec 4 giugno e venerd\u00ec 5 giugno 2026<\/p>\n<p><strong>Fine anno all'Atelier Indigo venerd\u00ec 19 giugno 2026<\/strong><\/p>\n<p><strong>L'inizio dell'anno scolastico Indaco 2026\/2027 \u00e8 previsto per luned\u00ec 31 agosto 2026. L'inizio dell'anno scolastico pubblico \u00e8 previsto per gioved\u00ec 27 agosto 2026.<\/strong><\/p>\n<p>&nbsp;<\/p>\n<h2><strong>Vacanze scolastiche e festivit\u00e0 di Friburgo 2026-2027<\/strong><\/h2>\n<p>Vacanze autunnali da luned\u00ec 12 ottobre a venerd\u00ec 23 ottobre 2026 - inizio della scuola il 26 ottobre<\/p>\n<p>Festa dell'Immacolata Concezione marted\u00ec 8 dicembre 2026<\/p>\n<p>Vacanze di Natale da luned\u00ec 21 dicembre 2026 a venerd\u00ec 01 gennaio 2027 - inizio scuola il 04 gennaio<\/p>\n<p>Vacanze di Carnevale da luned\u00ec 08 febbraio a venerd\u00ec 12 febbraio 2027 - ritorno a scuola il 15 febbraio<\/p>\n<p>Vacanze di Pasqua da venerd\u00ec 26 marzo (Venerd\u00ec Santo) a venerd\u00ec 09 aprile 2027 - ritorno a scuola il 12 aprile<\/p>\n<p>Gioved\u00ec 6 maggio e venerd\u00ec 7 maggio 2027, giorno festivo e Ascensione.<\/p>\n<p>Festa di Pentecoste luned\u00ec 17 maggio 2027<\/p>\n<p>Gioved\u00ec 27 maggio e venerd\u00ec 28 maggio 2027, giorno festivo e festa del Corpus Domini.<\/p>\n<p>Fine anno all'Atelier Indigo venerd\u00ec 18 giugno 2027<\/p>\n<p>&nbsp;<\/p>\n<p><span style=\"text-decoration: underline;\"><strong>Nota<\/strong><\/span> : Il 1<sup>er<\/sup> Il mese di maggio non \u00e8 considerato un giorno festivo per l'Atelier Indigo, una giornata arbitraria offerta ai bambini delle classi elementari, ma non a quelli del CO o del coll\u00e8ge. Dal 2013, il 1<sup>er<\/sup> Maggio, bambini, adolescenti o adulti, <u>sono sempre stati mantenuti<\/u>, per decisione di Sandra Kupferschmid.&nbsp;<\/p>\n<p><em><strong>L'evento annuale avr\u00e0 la forma di una casa aperta privata nel 2026. Sar\u00e0 posticipato e aperto al pubblico nell'anno scolastico successivo, e avr\u00e0 luogo nel 2027.<\/strong><\/em><\/p>\n<p>&nbsp;<\/p>\n<p>&nbsp;<\/p>","protected":false},"excerpt":{"rendered":"<p>L&rsquo;horaire des cours r\u00e9guliers Lundi 15 h 45 \u2013 17 h 00 atelier enfant 6\u2013&nbsp;7 &#8211;&nbsp;8 ans9&nbsp;places 17 h&nbsp;15 \u2013 <span class=\"ellipsis\">...<\/span> <span class=\"more-link-wrap\"><a href=\"https:\/\/www.latelierindigo.ch\/it\/cours\/programme\/\" class=\"more-link\"><span>Per saperne di pi\u00f9 \u2192<\/span><\/a><\/span><\/p>","protected":false},"author":1,"featured_media":0,"parent":32,"menu_order":510,"comment_status":"closed","ping_status":"closed","template":"","meta":{"ngg_post_thumbnail":0,"footnotes":""},"class_list":["post-34","page","type-page","status-publish","hentry"],"_links":{"self":[{"href":"https:\/\/www.latelierindigo.ch\/it\/wp-json\/wp\/v2\/pages\/34","targetHints":{"allow":["GET"]}}],"collection":[{"href":"https:\/\/www.latelierindigo.ch\/it\/wp-json\/wp\/v2\/pages"}],"about":[{"href":"https:\/\/www.latelierindigo.ch\/it\/wp-json\/wp\/v2\/types\/page"}],"author":[{"embeddable":true,"href":"https:\/\/www.latelierindigo.ch\/it\/wp-json\/wp\/v2\/users\/1"}],"replies":[{"embeddable":true,"href":"https:\/\/www.latelierindigo.ch\/it\/wp-json\/wp\/v2\/comments?post=34"}],"version-history":[{"count":223,"href":"https:\/\/www.latelierindigo.ch\/it\/wp-json\/wp\/v2\/pages\/34\/revisions"}],"predecessor-version":[{"id":2342,"href":"https:\/\/www.latelierindigo.ch\/it\/wp-json\/wp\/v2\/pages\/34\/revisions\/2342"}],"up":[{"embeddable":true,"href":"https:\/\/www.latelierindigo.ch\/it\/wp-json\/wp\/v2\/pages\/32"}],"wp:attachment":[{"href":"https:\/\/www.latelierindigo.ch\/it\/wp-json\/wp\/v2\/media?parent=34"}],"curies":[{"name":"wp","href":"https:\/\/api.w.org\/{rel}","templated":true}]}}