{"id":36,"date":"2013-04-19T14:49:29","date_gmt":"2013-04-19T12:49:29","guid":{"rendered":"http:\/\/www.riviera-raptors.ch\/dev\/?page_id=36"},"modified":"2023-02-14T16:12:45","modified_gmt":"2023-02-14T15:12:45","slug":"reglement","status":"publish","type":"page","link":"https:\/\/www.latelierindigo.ch\/it\/cours\/reglement\/","title":{"rendered":"Pagamenti"},"content":{"rendered":"<h2 style=\"text-align: justify;\"><strong>La procedura<\/strong><\/h2>\n<p style=\"text-align: justify;\">Il pagamento del mese di settembre deve essere effettuato entro la fine di luglio.<br \/>\nIl pagamento per il trimestre ottobre\/novembre\/dicembre deve essere effettuato entro la fine di settembre.<br \/>\nIl pagamento per il trimestre gennaio\/febbraio\/marzo deve essere effettuato entro la fine di dicembre.<br \/>\nIl pagamento per il trimestre aprile\/maggio\/giugno deve essere effettuato entro la fine di marzo.<em id=\"__mceDel\"><em id=\"__mceDel\"><em id=\"__mceDel\"><em id=\"__mceDel\"><em id=\"__mceDel\"><em id=\"__mceDel\"><em id=\"__mceDel\"><em id=\"__mceDel\"><em id=\"__mceDel\"><em id=\"__mceDel\"><br \/>\n<\/em><\/em><\/em><\/em><\/em><\/em><\/em><\/em><\/em><\/em>Di conseguenza, il pagamento viene effettuato per 10 mesi.<\/p>\n<p>In caso di sollecito di pagamento, alla fattura iniziale verr\u00e0 aggiunto un supplemento di 30 franchi svizzeri.<\/p>\n<p style=\"text-align: justify;\">Il pagamento per il mese di settembre viene effettuato mensilmente. La tassa scolastica di 70 franchi \u00e8 pagabile a fine settembre con il 1\u00b0 trimestre.<\/p>\n<p><u>Ringrazio gli studenti e i genitori per aver rispettato le scadenze di pagamento.<\/u>, L'obiettivo \u00e8 anche quello di garantire che le consegne di attrezzature all'officina avvengano senza intoppi e che l'amministrazione funzioni senza problemi.<\/p>\n<p>Sono previste riduzioni per i fratelli, 10 franchi al mese in meno per ogni bambino della stessa famiglia, ad eccezione dei sabati e dei mercoled\u00ec Discovery, che hanno un prezzo fisso.<\/p>\n<p>Si prega di notare che le lezioni non sono rimborsabili in caso di assenza.<\/p>\n<p>Va notato che il prezzo comprende le vacanze scolastiche e i giorni festivi friburghesi (annunciati sul sito web comunale) e che, di conseguenza, alcuni mesi saranno pi\u00f9 brevi di altri in termini di frequenza dei corsi, ma il prezzo rimane lo stesso, rappresentando una media. La settimana successiva alla mostra sar\u00e0 una vacanza per tutti, in seguito agli sforzi dell'insegnante per supervisionare, montare, smontare, assistere, organizzare e riordinare la mostra.<\/p>\n<p>In caso di disaccordo, la direzione si riserva il diritto di escludere un alunno dalla scuola durante l'anno, se la situazione lo richiede, entro un mese.<\/p>","protected":false},"excerpt":{"rendered":"<p>La marche \u00e0 suivre Le paiement du mois de septembre devra \u00eatre effectu\u00e9 \u00e0 fin juillet. Le paiement du trimestre <span class=\"ellipsis\">...<\/span> <span class=\"more-link-wrap\"><a href=\"https:\/\/www.latelierindigo.ch\/it\/cours\/reglement\/\" class=\"more-link\"><span>Per saperne di pi\u00f9 \u2192<\/span><\/a><\/span><\/p>","protected":false},"author":1,"featured_media":0,"parent":32,"menu_order":530,"comment_status":"closed","ping_status":"closed","template":"","meta":{"ngg_post_thumbnail":0,"footnotes":""},"class_list":["post-36","page","type-page","status-publish","hentry"],"_links":{"self":[{"href":"https:\/\/www.latelierindigo.ch\/it\/wp-json\/wp\/v2\/pages\/36","targetHints":{"allow":["GET"]}}],"collection":[{"href":"https:\/\/www.latelierindigo.ch\/it\/wp-json\/wp\/v2\/pages"}],"about":[{"href":"https:\/\/www.latelierindigo.ch\/it\/wp-json\/wp\/v2\/types\/page"}],"author":[{"embeddable":true,"href":"https:\/\/www.latelierindigo.ch\/it\/wp-json\/wp\/v2\/users\/1"}],"replies":[{"embeddable":true,"href":"https:\/\/www.latelierindigo.ch\/it\/wp-json\/wp\/v2\/comments?post=36"}],"version-history":[{"count":19,"href":"https:\/\/www.latelierindigo.ch\/it\/wp-json\/wp\/v2\/pages\/36\/revisions"}],"predecessor-version":[{"id":1712,"href":"https:\/\/www.latelierindigo.ch\/it\/wp-json\/wp\/v2\/pages\/36\/revisions\/1712"}],"up":[{"embeddable":true,"href":"https:\/\/www.latelierindigo.ch\/it\/wp-json\/wp\/v2\/pages\/32"}],"wp:attachment":[{"href":"https:\/\/www.latelierindigo.ch\/it\/wp-json\/wp\/v2\/media?parent=36"}],"curies":[{"name":"wp","href":"https:\/\/api.w.org\/{rel}","templated":true}]}}