{"id":93,"date":"2013-04-25T19:52:04","date_gmt":"2013-04-25T17:52:04","guid":{"rendered":"http:\/\/www.riviera-raptors.ch\/dev\/?page_id=93"},"modified":"2017-10-09T15:08:17","modified_gmt":"2017-10-09T13:08:17","slug":"les-temoignages","status":"publish","type":"page","link":"https:\/\/www.latelierindigo.ch\/it\/temoignages-deleve\/les-temoignages\/","title":{"rendered":"Libro degli ospiti"},"content":{"rendered":"<h2><strong>Il libro dei visitatori dell'Atelier Indigo<\/strong><\/h2>\n<p style=\"text-align: justify;\">Che messaggi meravigliosi nei libri dei visitatori delle mostre del 2014, 2015, 2016 e giugno 2017. Giovani e meno giovani hanno scritto parole che rimarranno con me per sempre, tanto sono stati toccati. Purtroppo non posso trascriverli tutti, ma ho voluto condividere con voi una piccola selezione. Le frasi sono trascritte cos\u00ec come sono state scritte nel libro disponibile all'ingresso della mostra. Emozioni sincere garantite...<\/p>\n<p style=\"text-align: justify;\">Inoltre, colgo l'occasione per ringraziare tutti voi per la vostra attenzione e i vostri messaggi di incoraggiamento, che mi danno forza, passione, desiderio e determinazione per far s\u00ec che Atelier Indigo continui, permettendo a molti bambini, adolescenti o adulti di sbocciare attraverso l'Arte. GRAZIE per questo meraviglioso anno 2016\/2017. Sono molto legata a tutti i miei studenti, che mi danno tanta gioia e condivisione, e non c'\u00e8 dubbio che rimarranno nel mio cuore e nella mia memoria, ognuno a modo suo. Continuiamo questa meravigliosa avventura...<\/p>\n<p> E non vedo l'ora che arrivi il 5\u00b0 anniversario!<\/p>\n<p style=\"text-align: justify;\">Sandra Leitao Kupferschmid, ottobre 2017<\/p>\n<p style=\"text-align: justify;\">PS. Un grande ringraziamento a tutti i genitori che mi hanno aiutato ad allestire o smontare la mostra, senza di voi sarebbe stato molto pi\u00f9 complicato. 100000000 Grazie anche a tutte le mamme che mi hanno aiutato a mettere in sicurezza il percorso dei bambini nella galleria durante le lezioni che vi si sono svolte. Un grande bacio a B\u00e9atrice per i magnifici mazzi di fiori del suo giardino! indimenticabile, ancora una volta.<\/p>\n<p><strong>Giugno 2017 - Che piacere leggerti, GRAZIE...<\/strong><\/p>\n<p>Una mostra magnifica, degna di lei e dei suoi studenti. I vostri studenti sono artisti che escono dal loro bozzolo ogni volta un po' di pi\u00f9. Non c'\u00e8 da stupirsi se la loro ispirazione viene da qualcuno che \u00e8 appassionato e appassionante. Auguro a tutti questi superbi artisti ogni successo! Ana-Rita<\/p>\n<p>Come sempre, \u00e8 stata un'emozione scoprire il tuo lavoro e i tuoi tanti talenti colorati, cos\u00ec pieni di vita! Grazie mille per tutto quello che porti ai nostri bambini Brava Sandra! Julia e Mathilde<\/p>\n<p>Amo la mia classe. Yuki e Jackie Pan<\/p>\n<p>\u00c8 grazie a una delle vostre reti che prender\u00f2 il tratto della matita. Sananda<\/p>\n<p>Grazie per aver accolto Lou lungo il cammino e per averle dato cos\u00ec tanto. Raramente l'ho vista amare cos\u00ec tanto qualcosa. Aurelie. <\/p>\n<p>Quando disegno con te, mi sento come in un mondo immaginario. Grazie, Lou! Lou<\/p>\n<p>Hai un grande talento e vorrei che continuassi, in modo che mia sorella possa diventare una vera artista. Roxanna<\/p>\n<p>Una bella finestra che si apre su un nuovo mondo poetico! In tutto simile, in tutto diverso... Attraverso i paesaggi, scopriamo persone... personaggi! Brava per questa finestra che significa molto B\u00e9n\u00e9dicte<\/p>\n<p>Una mostra molto bella, come al solito! Un grande grazie a Sandra che mi ha insegnato tanto in 4 anni. Ogni venerd\u00ec sera Sandra \u00e8 straordinaria con il suo buon umore. Vanessa<\/p>\n<p>Grazie per i vostri consigli, grazie per il vostro incoraggiamento, grazie per tutta la vostra disponibilit\u00e0, grazie per la vostra semplice e calda accoglienza che ci permette di essere semplicemente noi stessi. Grazie per aver dedicato del tempo alla realizzazione di questa mostra. L'energia che ci mettete dimostra che vedete il nostro lavoro come prezioso, come pieno di piccoli tesori da condividere. Grazie quindi per averci dato questa opportunit\u00e0 di condividere. Grazie per aver creduto che vale la pena di dare spazio al nostro lato artistico. Per tutto questo e per molto altro ancora, grazie Christine. <\/p>\n<p>Un laboratorio, dei bambini, un ambiente, una pazienza, una passione e che risultati! Un fan<\/p>\n<p>Mi diverto sempre molto con voi e con tutto il gruppo. \u00c8 stata una mostra magnifica! Complimenti a tutti gli artisti! Grazie per averci insegnato a disegnare con tanto entusiasmo. Sarah<\/p>\n<p>Lavorare con la bellezza che c'\u00e8 in ogni bambino e con quello che ogni bambino riesce a fare mi tocca profondamente. Suor Jacqueline-Marie<\/p>\n<p>Proprio come i fiori del sole in mezzo a un campo, questo piccolo paradiso di vernisage illumina la nostra anima artistica. Grazie per la vostra pazienza e passione! Petru e Petra<\/p>\n<p>Le mostre si susseguono e non si assomigliano. Il livello dei vostri pittori \u00e8 in costante aumento! Un grande applauso a voi per il piacere che date ai vostri allievi. Christelle<\/p>\n<p>Complimenti per la libert\u00e0 e la qualit\u00e0 delle opere esposte. Due \u00abvecchi\u00bb artisti in erba. Roland e Antoinette<\/p>\n<p>Mi piace vedere i suoi bellissimi dipinti. Sandra, sei la migliore insegnante di disegno! Adrien<\/p>\n<p>All'inizio pensavo che fosse il Louvre. Matthieu<\/p>\n<p>Non so se sono in grado di trasformare una macchia in un sole, ma in ogni caso ogni anno rimango sempre stupito da tutti questi magnifici disegni... Renoir, Picasso sarebbero molto orgogliosi... la prossima generazione \u00e8 assicurata. Bravi gli artisti, bravo l'insegnante. Sandra V.<\/p>\n<p>Grazie Sandra per aver permesso ai tuoi studenti, giovani e meno giovani, adulti e non solo... di esprimere i loro desideri sotto l'egida della tua abilit\u00e0, generosit\u00e0 e gentilezza. Grazie per la bolla di libert\u00e0, creativit\u00e0, gioia e condivisione che sono le tue lezioni. Grazie per aver condiviso il tuo mondo con noi. \u00c8 cos\u00ec prezioso. Marilyn<\/p>\n<h2 style=\"text-align: justify;\"><strong>I vostri messaggi<\/strong><\/h2>\n<p><strong>Giugno 2016 - alcune lettere che fanno bene...<\/strong><\/p>\n<p>Un talento incredibile! Congratulazioni! Sono ancora completamente sbalordito dalla tua capacit\u00e0 di osservare, imparare, creare, vibrare... dalla tua capacit\u00e0 di dare cos\u00ec tanto piacere. Grazie di cuore! Michel Chevalley, Prefetto<\/p>\n<p>Magnifici mix di opere di artisti di tutte le et\u00e0 che non hanno nulla da invidiare agli artisti pi\u00f9 noti. Ben fatto Eric e Muriel Berthoud<\/p>\n<p>Grazie per averci insegnato a disegnare e per aver allestito questa meravigliosa mostra. Jodie<\/p>\n<p>Sandra, grazie per l'invito alla tua mostra, che \u00e8 superba. I suoi studenti sono fortunati ad averla come mentore. Nicole e Roger Devaud<\/p>\n<p>La mostra, il culmine di un anno pieno di tele che mantengono le promesse... Lezioni tenute con molta tenerezza e competenza... Grazie per i \u00abpiccoli\u00bb e soprattutto per i \u00abgrandi\u00bb. Un bacio a voi che ci portate e ci sostenete Sabine Allemann<\/p>\n<p>Brava Sandra! Per questa mostra perfetta! I quadri sono tutti molto ben fatti! E questo grazie al tuo aiuto! Estelle<\/p>\n<p>Grazie per il meraviglioso 3\u00b0 anno. Come sempre, ho imparato molto, soprattutto sugli stage di architettura. Grazie di tutto L\u00e9a F.<\/p>\n<p>Sandra, un'altra magnifica mostra! Grazie per tutti i bellissimi colori di questi giovani e meno giovani talenti che mettete in mostra... Grazie per aver dato loro tanto piacere e soddisfazione, cosa che ci scalda il cuore. Famiglia Rutishauser<\/p>\n<p>Un alto livello di colore, emozione ed energia! Bellissima mostra e grazie per il lavoro che fate per scoprire nuovi talenti. baci Patricia Munozo<\/p>\n<p>Oggi c'era il sole sulle pareti! Complimenti a tutti questi artisti in erba e ai loro insegnanti! Grazie per questa meravigliosa mostra! Francia e Alexis Hammel<\/p>\n<p>Tenacia, audacia, bravo a Sandra, il risultato c'\u00e8...! Marziale Kupferschmid<\/p>\n<p>Tele stupende, artisti orgogliosi, bambini che sbocciano e adulti commossi: questo \u00e8 il programma Indigo, reso possibile dall'intuizione e dalla pedagogia dell'insegnante! Ben fatto, e sono molto orgogliosa di mio marito e del mio allievo... un grande viaggio e vi auguro tutto il meglio per il futuro. Suo marito<\/p>\n<p>Complimenti! Congratulazioni per l'ottimo lavoro svolto durante l'anno, la mostra \u00e8 stata magnifica (molto lavoro, ma niente viene senza niente) e mi sono divertito molto al corso. Grazie di tutto! Sofia Ribeiro<\/p>\n<p>Mi stupisce sempre scoprire questi capolavori creativi! Suor Jacqueline Marie<\/p>\n<p>Un altro anno di meraviglie, di cui solo alcune sono visibili su queste pareti... Grazie mille per aver favorito questa creativit\u00e0, traboccante di energia e di colore eppure completamente strutturata, settimana dopo settimana, anno dopo anno! Corinne Lebuhan<\/p>\n<p>Complimenti agli studenti! Non vedo l'ora che l'anno prossimo ricomincino le lezioni! Anonimo (ti ho riconosciuto di nuovo, M\u00e9lodie:))<\/p>\n<p>\u00c8 sempre stata un'emozione partecipare a questa mostra!!!! Ed \u00e8 bello essere uno studente e continuare questa meravigliosa avventura! Grazie mille per tutto! Con affetto, B\u00e9atrice Hiller<\/p>\n<p>Sono felice di venire a questi corsi, dove ci divertiamo e siamo incoraggiati da Sandra nel nostro approccio artistico. Sono anche felice di aver potuto scoprire il talento di questi giovani artisti promettenti attraverso la mostra. C\u00e9line Martin<\/p>\n<p style=\"text-align: justify;\"><strong>Giugno 2015 - alcuni estratti, impossibile includere tutto...<\/strong><\/p>\n<p style=\"text-align: justify;\">Grazie a voi ho imparato molto sul disegno. Ho pi\u00f9 pazienza nel disegnare e so come applicarmi quando disegno. Grazie Aileen S.<\/p>\n<p style=\"text-align: justify;\">Sandra, sei l'insegnante pi\u00f9 simpatica del mondo, ti amo Angel Gr\u00e2ce S.<\/p>\n<p style=\"text-align: justify;\">Grazie Sandra, la mostra \u00e8 magnifica, Mathilde C e famiglia<\/p>\n<p style=\"text-align: justify;\">Un grande \u00abbravo\u00bb a tutti gli artisti... i disegni e i dipinti sono tutti magnifici! Bravi!!! e un grande grazie per il vostro impegno, la vostra pazienza e la vostra passione. Grazie a Sandra<\/p>\n<p style=\"text-align: justify;\">da Sandra, Anita e Thomas<\/p>\n<p style=\"text-align: justify;\">Sandra, grazie per quello che fai a scuola Elsa Kupferschmid<\/p>\n<p style=\"text-align: justify;\">Un secondo anno al vostro fianco, una seconda mostra (che successo!), non c'\u00e8 abbastanza spazio per dirvi tutte le cose belle che Maxence e io pensiamo ogni volta che vi incontriamo.<\/p>\n<p style=\"text-align: justify;\">\u00c8 il momento di disegnare! Non c'\u00e8 che l'imbarazzo della scelta. Complimenti a te e grazie per tutti i tuoi consigli, la tua pazienza, la tua gentilezza e la tua flessibilit\u00e0. Ti abbracciamo forte e ti auguriamo il meglio per il futuro.<\/p>\n<p style=\"text-align: justify;\">Vi auguro ogni bene per il resto di questa meravigliosa avventura! Sandrine e Maxence.<\/p>\n<p style=\"text-align: justify;\">Tendo a disperarmi davanti al mio disegno, ma tu trovi sempre le parole per darmi forza e ti ringrazio per questo. Grazie Sandra, sei una persona che significa molto per me. Vicky<\/p>\n<p style=\"text-align: justify;\">Ben fatto e grazie per i tuoi consigli Matthieu F.<\/p>\n<p style=\"text-align: justify;\">Cara Sandra, vorrei dirti quanto mi piace il workshop Indaco. Talya<\/p>\n<p style=\"text-align: justify;\">Grazie per averci insegnato tutte queste tecniche in questo anno scolastico. Un bacio alla famiglia Kupferschmid. Casandra L\u00e9a e Marion.<\/p>\n<p style=\"text-align: justify;\">Grazie per essere ci\u00f2 che sei... e per condividere la tua passione con noi Cordiali saluti Christine V.<\/p>\n<p style=\"text-align: justify;\">Ci \u00e8 piaciuto molto! E' bellissimo! Estelle e Elodie<\/p>\n<p style=\"text-align: justify;\">Grazie di tutto, sono contento di aver imparato a disegnare, non vedo l'ora che arrivi l'autunno, Alexandre G.<\/p>\n<p style=\"text-align: justify;\">Ben fatto! Supppeeer! Grazie dal profondo del cuore per tutto quello che ci hai dato nel corso dell'anno. Bacioni. Vanessa e Sofia<\/p>\n<p style=\"text-align: justify;\">Cara Sandra, ... ancora una volta sei riuscita a toccare i nostri sentimenti pi\u00f9 profondi. Grazie, Sandra. Pap\u00e0 di Morgane S.<\/p>\n<p style=\"text-align: justify;\">Come al solito, un lavoro magnifico. Grazie per il vostro impegno. Complimenti a tutti gli artisti e arrivederci all'anno prossimo!<\/p>\n<p style=\"text-align: justify;\">Grazie per l'entusiasmo e la creativit\u00e0 che hai condiviso, e per i momenti meravigliosi che hai trascorso al workshop indaco... Dicono che i sogni sono la materia della vita...<\/p>\n<p style=\"text-align: justify;\">Tenetevi il vostro, alcuni sogni si avverano... Cordiali saluti Sabine e Charlotte A.<\/p>\n<p style=\"text-align: justify;\">Complimenti per questa magnifica mostra e per la vostra piacevole collaborazione durante tutto l'anno. Le sorelle dell'Istituto<\/p>\n<p style=\"text-align: justify;\">Un enorme grazie per un anno meraviglioso. Arthur G.<\/p>\n<p style=\"text-align: justify;\">Grazie Sandra per tutti i bei momenti passati a disegnare insieme! Auriane R.<\/p>\n<p style=\"text-align: justify;\">Mia cara Sandra, che bella opera, non sono i tuoi lavori che conosco bene, ma tutti insieme, traducono e trasudano<\/p>\n<p style=\"text-align: justify;\">quello che avete dato e offerto a tutti questi artisti di tutte le et\u00e0. Mi congratulo con lei e le invio tutto il mio incoraggiamento. Carole M.<\/p>\n<p style=\"text-align: justify;\">Grazie per il vostro aiuto e i vostri consigli sui nostri disegni. Grazie per questa meravigliosa mostra con tutti questi bellissimi disegni. Arnaud R.<\/p>\n<p style=\"text-align: justify;\">Grazie per la vostra dedizione ai vostri studenti, con i quali condividete cos\u00ec tanto. Grazie per la vostra energia contagiosa.<\/p>\n<p style=\"text-align: justify;\">Con la mia sincera amicizia Patricia e famiglia<\/p>\n<p style=\"text-align: justify;\">Bravo all'artista che firma F.K., \u00e8 magnifico! un ammiratore<\/p>\n<p style=\"text-align: justify;\">Grazie per aver esposto i nostri dipinti. Grazie a voi, abbiamo ricevuto molti complimenti per i nostri disegni. Casandra e L\u00e9a<\/p>\n<p style=\"text-align: justify;\">Mi meraviglio di tanta diversit\u00e0, vita e sensibilit\u00e0. Suor Jacqueline Marie.<\/p>\n<p style=\"text-align: justify;\">Vi ringrazio per la vostra dedizione, per il meraviglioso viaggio dei miei figli e per la vostra gentilezza. Vi auguro tutto il meglio per il futuro e complimenti per la mostra. Anne-Laure R. e famiglia<\/p>\n<p style=\"text-align: justify;\">Vive l'atelier indigo! Per me indigo significa Libert\u00e0! (e cavallo) Anonimo, ma ti ho riconosciuto M\u00e9lodie \ud83d\ude42<\/p>\n<p style=\"text-align: justify;\">Grazie per aver risvegliato e sviluppato la meravigliosa arte della pittura nei nostri giovani! Queste opere sono una testimonianza di successo. Complimenti a tutti gli artisti. Suor Madeleine Esp\u00e9rance.<\/p>\n<p style=\"text-align: justify;\">Grazie mille per il vostro entusiasmo contagioso! Ce n'\u00e8 per tutti, grandi e piccini, e questo \u00e8 ci\u00f2 che conta davvero. Etienne, Florence, Louna e Antoine.<\/p>\n<p style=\"text-align: justify;\"><strong>Giugno 2014<\/strong><\/p>\n<p style=\"text-align: justify;\">Grazie per aver creato Atelier Indigo. Obrigada per la vostra professionalit\u00e0. Grazie per la tua passione. Grazie per l'insegnamento. Gracias per il vostro umorismo. Takk per la magnifica mostra. Siamo felici che Darius sia nel 1\u00b0 volo! Famiglia Rohrbasser<\/p>\n<p style=\"text-align: justify;\">Grazie di tutto! Ho passato un anno fantastico al workshop Indigo! Un bacio grande Laura<\/p>\n<p style=\"text-align: justify;\">Ciao Sandra, grazie mille per il tuo lavoro e la tua generosit\u00e0. Adoro lavorare con te e sei la migliore insegnante di disegno. Sama Germanier<\/p>\n<p style=\"text-align: justify;\">Ho sempre amato disegnare. Senza Atelier Indigo non saprei disegnare: Talya, allieva di Sandra.<\/p>\n<p style=\"text-align: justify;\">Magnifici artisti... geni con i pennelli! Complimenti ai bambini, complimenti agli adulti. \u00c8 stato magnifico... Grazie. Famiglia Vicente, compresa Anita, studentessa.<\/p>\n<p style=\"text-align: justify;\">Un grande plauso a tutti questi artisti! E un grande grazie a Sandra per aver condiviso con loro la sua passione. Vi auguriamo il meglio e speriamo di vedervi alla prossima mostra! La famiglia Ruiz, compresa la studentessa Saskia.<\/p>\n<p style=\"text-align: justify;\">Cari Sandra e Fabien! Grazie di cuore per questa magnifica mostra! Un vernissage all'et\u00e0 di 6 anni... ouaauh... noi non saremmo in grado di fare lo stesso... anche se, con i consigli di Sandra...! Maxence si \u00e8 divertito molto nell'ultimo anno a scoprire tutte le ricchezze dell'arte dell'Atelier (beh, alcune... le conserviamo per dopo) e le varie tecniche che rendono tutte le opere esposte dei veri capolavori. Quindi una sola parola BRAVO, anzi due, e anche GRAZIE! Vi aspettiamo nel nuovo anno, pieno di poesia, fantasia, magia e nuovi disegni. Bacioni. Maxence, Camille, Sandrine e St\u00e9phane Boub\u00e9e<\/p>\n<p style=\"text-align: justify;\">Grazie per averci trasmesso la passione per il disegno. Grazie ancora! L\u00e9a Fiaux, studente.<\/p>\n<p style=\"text-align: justify;\">Io, M\u00e9lodie, canto e disegno \u00e8 la mia passione. Il disegno \u00e8 un lavoro di immaginazione e quando dipingiamo, le fonti del male ci abbandonano. Sandra rimarr\u00e0 un fenomeno prezioso per noi e per lei! M\u00e9lodie Jordan, studentessa.<\/p>\n<p style=\"text-align: justify;\">Sono molto felice di frequentare il corso con voi. Vi amo. Charlotte Allemann, studentessa.<\/p>\n<p style=\"text-align: justify;\">Grazie per aver condiviso questo mondo artistico. A presto. Famiglia Allemann<\/p>\n<p style=\"text-align: justify;\">Grazie mille! Sandra per tutto il tuo aiuto. Ti amo. Amandine Schell, studentessa.<\/p>\n<p style=\"text-align: justify;\">Che piacere vedere le opere di giovani e anziani cos\u00ec splendidamente combinate! Ben fatto B\u00e9n\u00e9dicte<\/p>\n<p style=\"text-align: justify;\">L'Atelier Indigo, \u00e8 fantastico, Margot Mottaz, allieva.<\/p>\n<p style=\"text-align: justify;\">Complimenti agli studenti, ma soprattutto alla splendida persona che insegna loro questa favolosa arte. Continuate cos\u00ec, state facendo cose straordinarie! Ana Rita Domingues.<\/p>\n<p style=\"text-align: justify;\">Grazie per avermi dato l'opportunit\u00e0 di fare una mostra cos\u00ec bella e grazie per essere stato un grande insegnante di disegno perch\u00e9 ho potuto scoprire altre forme d'arte. Grazie ancora. Guillaume Golay, studente.<\/p>\n<p style=\"text-align: justify;\">Congratulazioni e auguri per i prossimi 20 anni. Christine<\/p>\n<p style=\"text-align: justify;\">Complimenti a tutti voi! Studenti e tu Sandra, devi crederci perch\u00e9 l'Arte \u00e8 una ragione di vita. Fran\u00e7oise Fiaux<\/p>\n<p style=\"text-align: justify;\">Grazie per averci aiutato. Grazie per aver messo i disegni nelle cornici. Louna T\u00e2che, studente.<\/p>\n<p style=\"text-align: justify;\">Ciao, grazie mille per averci insegnato a disegnare. Congratulazioni, \u00e8 passato 1 anno dal workshop Indaco. Amore. Di nuovo io, ho dimenticato di ringraziarti: \u00e8 grazie a te che ho fatto progressi nel disegno.<\/p>\n<p style=\"text-align: justify;\">Un bouquet di colori e un'esplosione di tecniche! Complimenti per tutte queste magnifiche opere. Giada e Ren\u00e9e<\/p>\n<p style=\"text-align: justify;\">Il luned\u00ec mattina non \u00e8 mai stato cos\u00ec bello! Due ore in cui la mia mente si perde nell'arte... Vi auguro ogni successo per il futuro di Atelier Indigo. Avril Wright, studentessa.<\/p>\n<p style=\"text-align: justify;\">Cara Sandra, vorrei ringraziarti di esistere e di aver \u00abaperto\u00bb questa scuola di disegno e pittura, perch\u00e9 non ce ne sono molte! Mi piace disegnare e chiacchierare con te e i tuoi colleghi ogni gioved\u00ec! Complimenti e auguri per il futuro. Nad\u00e8ge Lhote, studente.<\/p>\n<p style=\"text-align: justify;\">Sandra, grazie di tutto, Sergey \u00e8 molto felice! Irina Berset, madre dell'allievo.<\/p>\n<p style=\"text-align: justify;\">Cara Sandra, questo showroom \u00e8 stato per me una sensazione di Arte. E quel salotto \u00e8 stato la pi\u00f9 grande ispirazione della mia vita. E tutto questo rimarr\u00e0 impresso nel mio cuore e nella mia memoria. Grazie a te, Ch\u00e2tel-St-Denis \u00e8 famosa. Christopher :), studente.<\/p>\n<p style=\"text-align: justify;\">Cara Sandra, \u00e8 un piacere lavorare con te. Liselotte Aubry, studente.<\/p>\n<p style=\"text-align: justify;\">Nata da un sogno, la scuola d'arte Atelier Indigo porta in viaggio l'immaginazione dei bambini. Che meravigliosa avventura... Complimenti per il vostro favoloso lavoro e per questa mostra, che \u00e8 bella come le opere esposte. Suo marito.<\/p>\n<p style=\"text-align: justify;\">Lunga vita ad Atelier Indigo! Grazie mille per aver aiutato i nostri figli a scoprire e amare l'arte. Famiglia Rutishauser.<\/p>\n<p style=\"text-align: justify;\">Grazie, Sandra! Sandra per questo bellissimo anno di magia ed emozione. Adoro disegnare! Morgane Staneczek, studente.<\/p>\n<p style=\"text-align: justify;\">Magnifica mostra! Congratulazioni agli artisti e grazie a Sandra per il suo duro lavoro e la sua dedizione. Famiglia Dolikhani, compresa Liliane, studentessa.<\/p>\n<p style=\"text-align: justify;\">Magnifique, un grand bravo pour cette exposition. Sono felice per te Sandra! Maria Rosa<\/p>\n<p style=\"text-align: justify;\">Amo disegnare e grazie a voi il mio sogno \u00e8 diventato realt\u00e0. Talya, studentessa.<\/p>\n<p style=\"text-align: justify;\">Ben fatto! Ho riconosciuto Van Gogh, mio fratello \u00e8 geloso. Seb, studente.<\/p>\n<p style=\"text-align: justify;\">Grazie mille per queste lezioni di disegno e per questa mostra, sono molto soddisfatto dei miei disegni grazie a voi! Arnaud<\/p>\n<p style=\"text-align: justify;\">Bravi!!! \u00c8 semplicemente magnifico... Continuate cos\u00ec, fateci sognare ancora Sofia e Rapha\u00ebl Ribeiro<\/p>\n<p style=\"text-align: justify;\">Grazie di tutto, un bacio grande Vanessa Ribeiro, studentessa.<\/p>\n<p style=\"text-align: justify;\">Sono un'artista in erba. Sei un'artista in fiore, RE M\u00e9lodie Jordan, studentessa.<\/p>\n<p style=\"text-align: justify;\">\u00c8 passato un anno da quando la vostra scuola \u00e8 decollata, da quando il vostro sogno si \u00e8 avverato e che successo - congratulazioni e ogni bene per il futuro, ve lo meritate sinceramente. Auguri Aline e Olivier Grandjean<\/p>\n<p style=\"text-align: justify;\">Grazie Sandra, mi piacciono molto le tue lezioni di disegno. Cl\u00e9mence, studentessa.<\/p>\n<p style=\"text-align: justify;\">Congratulazioni per la vostra meravigliosa scuola d'arte. Agn\u00e8s Kupferschmid, studentessa.<\/p>\n<p style=\"text-align: justify;\">Un successo ammirevole, il vostro lavoro evidenziato dalla vostra bella mostra! Continuate sulla strada dell'Arte! Suor Madeleine-Esp\u00e9rance, Istituto St-Fran\u00e7ois de Sales di Ch\u00e2tel-St-Denis<\/p>\n<p style=\"text-align: justify;\">Complimenti a tutti! Zo\u00e9 e No\u00e9 Guinnard. No\u00e9 studente.<\/p>\n<p style=\"text-align: justify;\">Grazie per tutte le lezioni \ud83d\ude42 Stella, studentessa.<\/p>\n<p style=\"text-align: justify;\">Complimenti per questa grande mostra. Grazie per il vostro calore. Daniela, studentessa.<\/p>\n<p style=\"text-align: justify;\">Un grande applauso a tutti questi artisti! Un sacco di talento e di buon umore in questi dipinti! Carine Quentin Mathilde Olivier<\/p>\n<p style=\"text-align: justify;\">Grazie mille! Elsa, studentessa.<\/p>\n<p style=\"text-align: justify;\">Continuate a farlo. Lei \u00e8 un appassionato. Un vero appassionato. Ti ho scoperto attraverso le nostre discussioni e ti ringrazio Sandra per esserti occupata di tutti questi giovani talenti. Firma difficile da leggere...<\/p>\n<p style=\"text-align: justify;\">Grazie Sandra per avermi insegnato a disegnare. Non vedo l'ora di continuare questa avventura con te. Auriane, studente.<\/p>\n<p style=\"text-align: justify;\">Grazie di tutto. Th\u00e9a, Marilyne e Michel Demierre. Th\u00e9a, studentessa.<\/p>\n<p style=\"text-align: justify;\">Mi \u00e8 piaciuto molto! Romain Cochard, studente.<\/p>\n<p style=\"text-align: justify;\">L'Atelier Indigo \u00e8 fantastico! L\u00e9a Cherre, studentessa.<\/p>\n<p style=\"text-align: justify;\">Grazie mille per quest'anno e arrivederci all'anno prossimo! Louis, studente.<\/p>","protected":false},"excerpt":{"rendered":"<p>Le livre d&rsquo;Or de l&rsquo;Atelier Indigo Que de messages merveilleux dans les livres d&rsquo;Or des expositions de 2014, 2015, 2016 <span class=\"ellipsis\">...<\/span> <span class=\"more-link-wrap\"><a href=\"https:\/\/www.latelierindigo.ch\/it\/temoignages-deleve\/les-temoignages\/\" class=\"more-link\"><span>Per saperne di pi\u00f9 \u2192<\/span><\/a><\/span><\/p>","protected":false},"author":1,"featured_media":0,"parent":30,"menu_order":430,"comment_status":"closed","ping_status":"closed","template":"","meta":{"ngg_post_thumbnail":0,"footnotes":""},"class_list":["post-93","page","type-page","status-publish","hentry"],"_links":{"self":[{"href":"https:\/\/www.latelierindigo.ch\/it\/wp-json\/wp\/v2\/pages\/93","targetHints":{"allow":["GET"]}}],"collection":[{"href":"https:\/\/www.latelierindigo.ch\/it\/wp-json\/wp\/v2\/pages"}],"about":[{"href":"https:\/\/www.latelierindigo.ch\/it\/wp-json\/wp\/v2\/types\/page"}],"author":[{"embeddable":true,"href":"https:\/\/www.latelierindigo.ch\/it\/wp-json\/wp\/v2\/users\/1"}],"replies":[{"embeddable":true,"href":"https:\/\/www.latelierindigo.ch\/it\/wp-json\/wp\/v2\/comments?post=93"}],"version-history":[{"count":27,"href":"https:\/\/www.latelierindigo.ch\/it\/wp-json\/wp\/v2\/pages\/93\/revisions"}],"predecessor-version":[{"id":609,"href":"https:\/\/www.latelierindigo.ch\/it\/wp-json\/wp\/v2\/pages\/93\/revisions\/609"}],"up":[{"embeddable":true,"href":"https:\/\/www.latelierindigo.ch\/it\/wp-json\/wp\/v2\/pages\/30"}],"wp:attachment":[{"href":"https:\/\/www.latelierindigo.ch\/it\/wp-json\/wp\/v2\/media?parent=93"}],"curies":[{"name":"wp","href":"https:\/\/api.w.org\/{rel}","templated":true}]}}