{"id":142,"date":"2013-04-25T20:49:53","date_gmt":"2013-04-25T18:49:53","guid":{"rendered":"http:\/\/www.riviera-raptors.ch\/dev\/?page_id=142"},"modified":"2020-07-09T17:10:43","modified_gmt":"2020-07-09T15:10:43","slug":"la-philosophie","status":"publish","type":"page","link":"https:\/\/www.latelierindigo.ch\/pt\/galerie\/la-philosophie\/","title":{"rendered":"Filosofia"},"content":{"rendered":"<h2><strong>Ensino<\/strong><\/h2>\n<p style=\"text-align: justify;\">N\u00e3o existe qualquer requisito de entrada selectiva para esta escola de arte. O objetivo n\u00e3o \u00e9 selecionar n\u00edveis de capacidade, mas revelar o talento dos alunos e descobri-lo ao longo do tempo.<br \/>\nJ\u00e1 estou ansioso por ver os progressos de todos e descobrir os talentos que est\u00e3o \u00e0 espera de serem expressos e desabrocharem.<\/p>\n<p style=\"text-align: justify;\">Escutarei os vossos desejos. O desenho e a pintura s\u00e3o aprendizagens fastidiosas e demoradas, mas trazem sempre equil\u00edbrio. \u00c9 preciso tempo, trabalho \u00e1rduo, calma e paci\u00eancia.<\/p>\n<p style=\"text-align: justify;\">\u00c9 uma maravilhosa escola de vida para os mais pequenos e um lugar tranquilo para os mais velhos. A escola de desenho ensina a estabilidade, a disciplina, a perseveran\u00e7a, a auto-exig\u00eancia, a criatividade, a sede de aprender e a toler\u00e2ncia para com os outros.<\/p>\n<p style=\"text-align: justify;\">Para que os jovens desenvolvam estas qualidades essenciais, penso que \u00e9 fundamental oferecer-lhes esta disciplina art\u00edstica. \u00c9 claro que \u00e9 preciso dar-lhes uma paix\u00e3o, uma atividade que os acompanhe para toda a vida, pois neste dom\u00ednio n\u00e3o h\u00e1 limita\u00e7\u00f5es de idade ou desportivas.<\/p>\n<p style=\"text-align: justify;\">Mas, acima de tudo, esta paix\u00e3o vai trazer-lhes uma grande felicidade e uma liberdade crua. Um grande obrigado pela fotografia \u00e0 Liliane, \u00e0 Anita, \u00e0 Aurore, \u00e0 Elsa e ao Lenny, bem como pela vossa fidelidade, pela nossa partilha art\u00edstica todas as semanas, que tanto me traz. Os meus sinceros agradecimentos a todos os meus alunos.<\/p>\n<p><a href=\"http:\/\/www.latelierindigo.ch\/wp-content\/uploads\/2020\/03\/IMG_2657.jpg\"><img loading=\"lazy\" decoding=\"async\" width=\"640\" height=\"640\" class=\"aligncenter wp-image-1409\" alt=\"\" src=\"http:\/\/www.latelierindigo.ch\/wp-content\/uploads\/2020\/03\/IMG_2657-1024x1024.jpg\" srcset=\"https:\/\/www.latelierindigo.ch\/wp-content\/uploads\/2020\/03\/IMG_2657-1024x1024.jpg 1024w, https:\/\/www.latelierindigo.ch\/wp-content\/uploads\/2020\/03\/IMG_2657-150x150.jpg 150w, https:\/\/www.latelierindigo.ch\/wp-content\/uploads\/2020\/03\/IMG_2657-300x300.jpg 300w, https:\/\/www.latelierindigo.ch\/wp-content\/uploads\/2020\/03\/IMG_2657-768x768.jpg 768w\" sizes=\"auto, (max-width: 640px) 100vw, 640px\" \/><\/a><\/p>\n<p>&nbsp;<\/p>\n<p><a href=\"http:\/\/www.latelierindigo.ch\/wp-content\/uploads\/2020\/03\/IMG_2559.jpg\"><img loading=\"lazy\" decoding=\"async\" width=\"640\" height=\"480\" class=\"aligncenter wp-image-1410 size-large\" alt=\"\" src=\"http:\/\/www.latelierindigo.ch\/wp-content\/uploads\/2020\/03\/IMG_2559-1024x768.jpg\" srcset=\"https:\/\/www.latelierindigo.ch\/wp-content\/uploads\/2020\/03\/IMG_2559-1024x768.jpg 1024w, https:\/\/www.latelierindigo.ch\/wp-content\/uploads\/2020\/03\/IMG_2559-300x225.jpg 300w, https:\/\/www.latelierindigo.ch\/wp-content\/uploads\/2020\/03\/IMG_2559-768x576.jpg 768w\" sizes=\"auto, (max-width: 640px) 100vw, 640px\" \/><\/a><\/p>\n<p><a href=\"http:\/\/www.latelierindigo.ch\/wp-content\/uploads\/2020\/03\/IMG_2602.jpg\"><img loading=\"lazy\" decoding=\"async\" width=\"640\" height=\"640\" class=\"aligncenter wp-image-1411 size-large\" alt=\"\" src=\"http:\/\/www.latelierindigo.ch\/wp-content\/uploads\/2020\/03\/IMG_2602-e1584974042155-1024x1024.jpg\" srcset=\"https:\/\/www.latelierindigo.ch\/wp-content\/uploads\/2020\/03\/IMG_2602-e1584974042155-1024x1024.jpg 1024w, https:\/\/www.latelierindigo.ch\/wp-content\/uploads\/2020\/03\/IMG_2602-e1584974042155-150x150.jpg 150w, https:\/\/www.latelierindigo.ch\/wp-content\/uploads\/2020\/03\/IMG_2602-e1584974042155-300x300.jpg 300w, https:\/\/www.latelierindigo.ch\/wp-content\/uploads\/2020\/03\/IMG_2602-e1584974042155-768x768.jpg 768w\" sizes=\"auto, (max-width: 640px) 100vw, 640px\" \/><\/a><\/p>\n<p><a href=\"http:\/\/www.latelierindigo.ch\/wp-content\/uploads\/2020\/03\/IMG_2569.jpg\"><img loading=\"lazy\" decoding=\"async\" width=\"640\" height=\"640\" class=\"aligncenter wp-image-1423 size-large\" alt=\"\" src=\"http:\/\/www.latelierindigo.ch\/wp-content\/uploads\/2020\/03\/IMG_2569-1024x1024.jpg\" srcset=\"https:\/\/www.latelierindigo.ch\/wp-content\/uploads\/2020\/03\/IMG_2569-1024x1024.jpg 1024w, https:\/\/www.latelierindigo.ch\/wp-content\/uploads\/2020\/03\/IMG_2569-150x150.jpg 150w, https:\/\/www.latelierindigo.ch\/wp-content\/uploads\/2020\/03\/IMG_2569-300x300.jpg 300w, https:\/\/www.latelierindigo.ch\/wp-content\/uploads\/2020\/03\/IMG_2569-768x768.jpg 768w\" sizes=\"auto, (max-width: 640px) 100vw, 640px\" \/><\/a><\/p>\n<p>&nbsp;<\/p>\n<p><a href=\"http:\/\/www.latelierindigo.ch\/wp-content\/uploads\/2020\/03\/Format-WEB-38.jpg\"><img loading=\"lazy\" decoding=\"async\" width=\"640\" height=\"961\" class=\"aligncenter wp-image-1416\" alt=\"\" src=\"http:\/\/www.latelierindigo.ch\/wp-content\/uploads\/2020\/03\/Format-WEB-38.jpg\" srcset=\"https:\/\/www.latelierindigo.ch\/wp-content\/uploads\/2020\/03\/Format-WEB-38.jpg 413w, https:\/\/www.latelierindigo.ch\/wp-content\/uploads\/2020\/03\/Format-WEB-38-200x300.jpg 200w\" sizes=\"auto, (max-width: 640px) 100vw, 640px\" \/><\/a><\/p>\n<p style=\"text-align: center;\">&nbsp;<\/p>\n<p>&nbsp;<\/p>","protected":false},"excerpt":{"rendered":"<p>L&rsquo;enseignement Aucun dossier s\u00e9lectif d\u2019entr\u00e9e n\u2019est n\u00e9cessaire pour rentrer dans cette \u00e9cole de dessin. Le but n\u2019est pas de s\u00e9lectionner <span class=\"ellipsis\">...<\/span> <span class=\"more-link-wrap\"><a href=\"https:\/\/www.latelierindigo.ch\/pt\/galerie\/la-philosophie\/\" class=\"more-link\"><span>Ler mais \u2192<\/span><\/a><\/span><\/p>","protected":false},"author":1,"featured_media":0,"parent":9,"menu_order":220,"comment_status":"closed","ping_status":"closed","template":"","meta":{"ngg_post_thumbnail":0,"footnotes":""},"class_list":["post-142","page","type-page","status-publish","hentry"],"_links":{"self":[{"href":"https:\/\/www.latelierindigo.ch\/pt\/wp-json\/wp\/v2\/pages\/142","targetHints":{"allow":["GET"]}}],"collection":[{"href":"https:\/\/www.latelierindigo.ch\/pt\/wp-json\/wp\/v2\/pages"}],"about":[{"href":"https:\/\/www.latelierindigo.ch\/pt\/wp-json\/wp\/v2\/types\/page"}],"author":[{"embeddable":true,"href":"https:\/\/www.latelierindigo.ch\/pt\/wp-json\/wp\/v2\/users\/1"}],"replies":[{"embeddable":true,"href":"https:\/\/www.latelierindigo.ch\/pt\/wp-json\/wp\/v2\/comments?post=142"}],"version-history":[{"count":17,"href":"https:\/\/www.latelierindigo.ch\/pt\/wp-json\/wp\/v2\/pages\/142\/revisions"}],"predecessor-version":[{"id":1436,"href":"https:\/\/www.latelierindigo.ch\/pt\/wp-json\/wp\/v2\/pages\/142\/revisions\/1436"}],"up":[{"embeddable":true,"href":"https:\/\/www.latelierindigo.ch\/pt\/wp-json\/wp\/v2\/pages\/9"}],"wp:attachment":[{"href":"https:\/\/www.latelierindigo.ch\/pt\/wp-json\/wp\/v2\/media?parent=142"}],"curies":[{"name":"wp","href":"https:\/\/api.w.org\/{rel}","templated":true}]}}