{"id":149,"date":"2013-04-25T20:52:37","date_gmt":"2013-04-25T18:52:37","guid":{"rendered":"http:\/\/www.riviera-raptors.ch\/dev\/?page_id=149"},"modified":"2023-02-09T17:08:23","modified_gmt":"2023-02-09T16:08:23","slug":"mon-parcours","status":"publish","type":"page","link":"https:\/\/www.latelierindigo.ch\/pt\/galerie\/mon-parcours\/","title":{"rendered":"O Cursus"},"content":{"rendered":"<h2><strong>A minha viagem<\/strong><\/h2>\n<p style=\"text-align: justify;\">Depois de me ter licenciado em arquitetura na escola de engenharia de Friburgo em 1998, tive v\u00e1rias vidas numa s\u00f3, todas elas muito enriquecedoras. Trabalhei principalmente como arquiteto durante 15 anos, incluindo alguns anos no Atelier78 em Ch\u00e2tel-St-Denis, para aqueles que me conhecem, mas tamb\u00e9m noutros gabinetes em Cugy, Lausanne e Vevey. Tamb\u00e9m tive a oportunidade de trabalhar como redator freelancer para revistas de arquitetura e design de interiores durante 4 anos. No que diz respeito \u00e0s minhas paix\u00f5es art\u00edsticas, tive aulas de teatro durante 2 anos, de dan\u00e7a durante cerca de 30 anos, com numerosos espect\u00e1culos e experi\u00eancia de palco, de m\u00fasica ap\u00f3s 5 anos de violoncelo no conservat\u00f3rio, e de escrita como autodidata durante 2 anos... Escusado ser\u00e1 dizer que a Arte vive dentro de mim e que preciso dela.<\/p>\n<p style=\"text-align: justify;\">No que diz respeito ao meu trabalho atual, desde 2013 que me exprimo principalmente atrav\u00e9s da transmiss\u00e3o da Arte aos meus alunos. A paix\u00e3o \u00e9 inabal\u00e1vel. Ao mesmo tempo, promovo o meu pr\u00f3prio trabalho como pintor, que exponho na Galerie d'Art de Ch\u00e2tel-St-Denis, a minha pequena galeria. A continuidade da arte \u00e9 essencial para mim e, nesta escola, n\u00e3o dou aulas, mas transmito os meus conhecimentos, como me disse um amigo pr\u00f3ximo.<\/p>\n<p style=\"text-align: justify;\">\u00c9 uma abordagem carinhosa e positiva ao ensino que encoraja e cria confian\u00e7a constantemente. Eu ou\u00e7o realmente toda a gente.&nbsp;<br \/>\nQuando era mais nova, tamb\u00e9m tive a oportunidade de ensinar dan\u00e7a a crian\u00e7as como substituta e de as levar a um espet\u00e1culo. Foi uma experi\u00eancia que me tocou muito e gostaria de estar novamente com eles, para os ajudar numa \u00e1rea que sempre adorei, desde os 13 anos. H\u00e1 33 anos que desenho e pinto, para meu grande prazer. Estou muito contente por poder transmiti-lo a quem tamb\u00e9m tem uma necessidade visceral de o fazer.&nbsp;<\/p>\n<p>&nbsp;<\/p>\n<p><a href=\"http:\/\/www.latelierindigo.ch\/wp-content\/uploads\/2020\/03\/Format-WEB-20.jpg\"><img loading=\"lazy\" decoding=\"async\" class=\"aligncenter size-full wp-image-1402\" src=\"http:\/\/www.latelierindigo.ch\/wp-content\/uploads\/2020\/03\/Format-WEB-20.jpg\" alt=\"\" width=\"413\" height=\"620\" srcset=\"https:\/\/www.latelierindigo.ch\/wp-content\/uploads\/2020\/03\/Format-WEB-20.jpg 413w, https:\/\/www.latelierindigo.ch\/wp-content\/uploads\/2020\/03\/Format-WEB-20-200x300.jpg 200w\" sizes=\"auto, (max-width: 413px) 100vw, 413px\" \/><\/a><\/p>\n<p>Vista parcial de um Cursus<\/p>\n<p><strong>2010 \u00e0 2013<\/strong><\/p>\n<p>Trabalho como arquiteta com o meu marido no Atelier78 s\u00e0rl, um gabinete de arquitetura em Ch\u00e2tel-St-Denis. \u00ab&nbsp;<em>Continuamos a trabalhar juntos em projectos de arquitetura e design de interiores e em concursos pontuais.<\/em><\/p>\n<p><strong>Final de 2012<\/strong><\/p>\n<p>Cria\u00e7\u00e3o do meu 1<sup>er<\/sup> oficina, quarto 14 da casa das irm\u00e3s. \u00ab&nbsp;<em>um espa\u00e7o pequeno, tranquilo, modesto, mas a alegria de pintar ali estava muito presente\u00bb.\u00bb<\/em><\/p>\n<p><strong>2013<\/strong><\/p>\n<p>Cria\u00e7\u00e3o da escola de desenho e pintura Atelier Indigo em Ch\u00e2tel-St-Denis. \u00ab&nbsp;<em>Estou a dar aulas l\u00e1 desde agosto de 2013. No meu primeiro ano, tenho 65 alunos que depositaram a sua confian\u00e7a em mim e me deram tanto. E tantas cores...\u00bb Ap\u00f3s 6 anos, pass\u00e1mos a ter mais de 100.<\/em><\/p>\n<p><strong>2014<\/strong><\/p>\n<p>A sala 14 passa para o Atelier 14, mais amplo, onde se situa a secretaria da escola.<\/p>\n<p><strong>2018<\/strong><\/p>\n<p>Abertura da galeria de arte, abertura oficial sexta-feira, 4 de maio de 2018. Exposi\u00e7\u00e3o permanente das minhas 50 obras que evoluem em fun\u00e7\u00e3o de novas cria\u00e7\u00f5es e vendas. Um come\u00e7o...<\/p>\n<p><strong>2020<\/strong><\/p>\n<p>At\u00e9 \u00e0 data, a escola tem cerca de 100 alunos por ano, e cerca de 150 se contarmos com os alunos irregulares que v\u00eam aos s\u00e1bados de descoberta para adolescentes e adultos, \u00e0s quartas-feiras de descoberta e aos cursos. 7 anos de ensino e a alegria de conhecer os meus alunos de todas as idades. Publica\u00e7\u00e3o de um \u00abcat\u00e1logo raisonn\u00e9\u00bb do meu trabalho como artista em setembro de 2020.<\/p>\n<p><strong>Em suma, em 20 anos trabalhei como arquiteto, escritor, professor de arte, galerista e artista. Nunca me sobrecarreguei demasiado; estou muito contente por ter tido tantas experi\u00eancias numa s\u00f3 vida. O \u00fanico vetor comum \u00e9 a Arte e a Liberdade de criar.<\/strong><\/p>","protected":false},"excerpt":{"rendered":"<p>Mon Parcours Dipl\u00f4m\u00e9e de l\u2019\u00e9cole d\u2019ing\u00e9nieurs de Fribourg en 1998 en architecture, j\u2019ai entrepris plusieurs vies en une qui m\u2019ont <span class=\"ellipsis\">...<\/span> <span class=\"more-link-wrap\"><a href=\"https:\/\/www.latelierindigo.ch\/pt\/galerie\/mon-parcours\/\" class=\"more-link\"><span>Ler mais \u2192<\/span><\/a><\/span><\/p>","protected":false},"author":1,"featured_media":0,"parent":9,"menu_order":230,"comment_status":"closed","ping_status":"closed","template":"","meta":{"ngg_post_thumbnail":0,"footnotes":""},"class_list":["post-149","page","type-page","status-publish","hentry"],"_links":{"self":[{"href":"https:\/\/www.latelierindigo.ch\/pt\/wp-json\/wp\/v2\/pages\/149","targetHints":{"allow":["GET"]}}],"collection":[{"href":"https:\/\/www.latelierindigo.ch\/pt\/wp-json\/wp\/v2\/pages"}],"about":[{"href":"https:\/\/www.latelierindigo.ch\/pt\/wp-json\/wp\/v2\/types\/page"}],"author":[{"embeddable":true,"href":"https:\/\/www.latelierindigo.ch\/pt\/wp-json\/wp\/v2\/users\/1"}],"replies":[{"embeddable":true,"href":"https:\/\/www.latelierindigo.ch\/pt\/wp-json\/wp\/v2\/comments?post=149"}],"version-history":[{"count":13,"href":"https:\/\/www.latelierindigo.ch\/pt\/wp-json\/wp\/v2\/pages\/149\/revisions"}],"predecessor-version":[{"id":1708,"href":"https:\/\/www.latelierindigo.ch\/pt\/wp-json\/wp\/v2\/pages\/149\/revisions\/1708"}],"up":[{"embeddable":true,"href":"https:\/\/www.latelierindigo.ch\/pt\/wp-json\/wp\/v2\/pages\/9"}],"wp:attachment":[{"href":"https:\/\/www.latelierindigo.ch\/pt\/wp-json\/wp\/v2\/media?parent=149"}],"curies":[{"name":"wp","href":"https:\/\/api.w.org\/{rel}","templated":true}]}}