{"id":2,"date":"2013-04-17T09:16:14","date_gmt":"2013-04-17T07:16:14","guid":{"rendered":"http:\/\/www.riviera-raptors.ch\/dev\/?page_id=2"},"modified":"2026-05-11T22:26:05","modified_gmt":"2026-05-11T20:26:05","slug":"page-d-exemple","status":"publish","type":"page","link":"https:\/\/www.latelierindigo.ch\/pt\/","title":{"rendered":"In\u00edcio"},"content":{"rendered":"<h2><strong>Peguem nos vossos l\u00e1pis e pinc\u00e9is!<\/strong><\/h2>\n<p style=\"text-align: justify;\">Uma escola de arte, desenho e pintura foi criada a 26 de agosto de 2013 em Ch\u00e2tel-St-Denis para oferecer \u00e0s crian\u00e7as locais e das aldeias vizinhas uma atividade que lhes permita desenvolver-se atrav\u00e9s da cria\u00e7\u00e3o art\u00edstica. As crian\u00e7as, os adolescentes e os adultos desfrutaram de grandes momentos de interc\u00e2mbio art\u00edstico e de interatividade.<\/p>\n<p style=\"text-align: justify;\">Os alunos ser\u00e3o iniciados no desenho e na pintura atrav\u00e9s de uma vasta gama de t\u00e9cnicas de desenho: guache, acr\u00edlico, pastel, carv\u00e3o, l\u00e1pis, l\u00e1pis de cor, grafite, sangu\u00ednea, tinta da China, pigmentos de terra, etc. (pintura a \u00f3leo a pedido).<\/p>\n<p style=\"text-align: justify;\">Atrav\u00e9s de um quadro pedag\u00f3gico baseado na liberdade de criar, na escuta, na observa\u00e7\u00e3o da crian\u00e7a e onde as suas qualidades ser\u00e3o postas em evid\u00eancia, abordaremos a Arte do ponto de vista de pequenos grupos de 6 - 7 - 8 anos, 9 - 10 - 11 anos, 12 - 13 - 14 anos, 15 - 16 - 17 anos e adultos, de acordo com a procura.<\/p>\n<p style=\"text-align: justify;\">Em cada aula, a Sandra ouve os seus alunos e os seus desejos e d\u00e1-lhes uma verdadeira aten\u00e7\u00e3o pessoal. Estabelece-se uma rela\u00e7\u00e3o de grande confian\u00e7a \u00e0 medida que as cria\u00e7\u00f5es de cada aluno ganham forma.<\/p>\n<p style=\"text-align: justify;\">Quando mistura cores na sua paleta, tem a sensa\u00e7\u00e3o de estar em harmonia consigo pr\u00f3prio. Reserve tempo para si, quer seja jovem ou velho.<\/p>\n<h2 style=\"text-align: center;\"><strong>Regresso \u00e0s aulas: segunda-feira, 31 de agosto de 2026<\/strong><\/h2>\n<p>&nbsp;<\/p>\n<h2 style=\"text-align: center;\">Open House privado - de segunda-feira, 4 de maio, a sexta-feira, 8 de maio de 2026&nbsp;<\/h2>\n<p>O Atelier \u00cdndigo abriu as suas portas aos pais, amigos e familiares na semana passada. Na verdade, as cerca de 10 turmas estavam ainda mais ocupadas do que o habitual... Enquanto Sandra Kupferschmid e os seus alunos assistiam \u00e0s suas aulas normalmente, os visitantes puderam mergulhar totalmente na atmosfera do Atelier, no calor da a\u00e7\u00e3o.&nbsp;<\/p>\n<p>Para al\u00e9m disso, foi preparada uma surpresa antes do evento. Todos os alunos tiveram a sorte de receber uma revista com um dos seus melhores trabalhos do ano letivo, bem como alguns dos seus testemunhos e outros da Sandra. Esta revista nova-iorquina permite que os alunos e\/ou os pais levem os seus desenhos ou pinturas para casa de uma forma original e divertida, porque o que pode ser melhor do que um reflexo do trabalho art\u00edstico, composto por mais de 100 obras de arte, incluindo as do seu filho ou as suas, para folhear?<\/p>\n<p><a href=\"http:\/\/www.latelierindigo.ch\/wp-content\/uploads\/2026\/05\/Capture-decran-2026-05-11-215326.png\"><img loading=\"lazy\" decoding=\"async\" class=\"aligncenter wp-image-2361 size-large\" src=\"http:\/\/www.latelierindigo.ch\/wp-content\/uploads\/2026\/05\/Capture-decran-2026-05-11-215326-724x1024.png\" alt=\"\" width=\"640\" height=\"905\" srcset=\"https:\/\/www.latelierindigo.ch\/wp-content\/uploads\/2026\/05\/Capture-decran-2026-05-11-215326-724x1024.png 724w, https:\/\/www.latelierindigo.ch\/wp-content\/uploads\/2026\/05\/Capture-decran-2026-05-11-215326-212x300.png 212w, https:\/\/www.latelierindigo.ch\/wp-content\/uploads\/2026\/05\/Capture-decran-2026-05-11-215326-768x1086.png 768w, https:\/\/www.latelierindigo.ch\/wp-content\/uploads\/2026\/05\/Capture-decran-2026-05-11-215326-8x12.png 8w, https:\/\/www.latelierindigo.ch\/wp-content\/uploads\/2026\/05\/Capture-decran-2026-05-11-215326.png 1059w\" sizes=\"auto, (max-width: 640px) 100vw, 640px\" \/><\/a><\/p>\n<p>&nbsp;<\/p>\n<h2 style=\"text-align: center;\">&nbsp;Festa no cinema Sirius - S\u00e1bado, 24 de maio de 2025<\/h2>\n<h3 style=\"text-align: center;\" data-start=\"116\" data-end=\"169\">Uma retrospetiva de um momento inesquec\u00edvel no Cin\u00e9ma Sirius<\/h3>\n<p data-start=\"171\" data-end=\"333\">Obrigado a todos por terem vindo!<br data-start=\"221\" data-end=\"224\">A proje\u00e7\u00e3o imersiva organizada no Cin\u00e9ma Sirius foi um grande sucesso e um momento de emo\u00e7\u00e3o partilhada.<\/p>\n<p data-start=\"335\" data-end=\"538\">Este cinema de aldeia, que est\u00e1 em funcionamento desde 1930, \u00e9-nos particularmente caro. Apoiado hoje por uma equipa de jovens entusiastas, continua a prosperar apesar dos desafios dos \u00faltimos anos.<\/p>\n<p data-start=\"540\" data-end=\"739\">A ideia de Sandra Kupferschmid de uma exposi\u00e7\u00e3o imersiva de pinturas projectadas num grande ecr\u00e3 nasceu neste esp\u00edrito de apoio e inova\u00e7\u00e3o cultural. Gra\u00e7as a si, a 3\u00aa arte encontrou-se com a 7\u00aa com um estrondo!<\/p>\n<p data-start=\"741\" data-end=\"1055\">Os nossos agradecimentos a Victoria Fankhaenel, uma jovem realizadora promissora, pelo seu relat\u00f3rio de 35 minutos, e a todos os que contribu\u00edram para que o dia fosse uma experi\u00eancia \u00fanica.<br data-start=\"916\" data-end=\"919\">Cerca de 500 de v\u00f3s descobriram 100 obras num novo formato e o vosso caloroso feedback \u00e9 a nossa maior recompensa.<\/p>\n<p data-start=\"741\" data-end=\"1055\">A reportagem de Victoria Fankhaenel convida-o a entrar na intimidade dos alunos do Atelier e d\u00e1-lhe o melhor reflexo poss\u00edvel do trabalho pedag\u00f3gico realizado por Sandra durante mais de 12 anos.&nbsp;<\/p>\n<p data-start=\"1123\" data-end=\"1146\">&nbsp;<\/p>\n<p><span style=\"font-size: 14pt;\"><strong>O Festival em imagens<\/strong><\/span><\/p>\n<p><iframe loading=\"lazy\" src=\"\/\/www.youtube.com\/embed\/iHxKWrUeOWk\" width=\"560\" height=\"314\" allowfullscreen=\"allowfullscreen\" data-mce-fragment=\"1\"><\/iframe><\/p>\n<h3>&nbsp;<\/h3>\n<h3 style=\"text-align: center;\">Portas Abertas 2024<\/h3>\n<p style=\"text-align: justify;\">Em maio de 2024, o Atelier \u00cdndigo abriu novos caminhos!  Durante um dia inteiro, as aten\u00e7\u00f5es estiveram viradas para os alunos e os seus trabalhos em curso, revelando o Atelier como um verdadeiro ninho de artistas. Em vez de uma obra acabada pendurada na parede, a aten\u00e7\u00e3o centrou-se no elemento humano, demonstrando a complexidade e o rigor da cria\u00e7\u00e3o. Foi um dia \u00fanico e excecional de partilha que aqueceu cora\u00e7\u00f5es, como mostra o v\u00eddeo abaixo. Esperamos que tenham gostado. Obrigado a todos os alunos e aos seus pais por esta maravilhosa festa da escola!<\/p>\n<p><iframe loading=\"lazy\" title=\"Casa aberta do L&#039;Atelier Indigo\" width=\"640\" height=\"360\" src=\"https:\/\/www.youtube.com\/embed\/WmXuyk4_1Bw?feature=oembed\" frameborder=\"0\" allow=\"accelerometer; autoplay; clipboard-write; encrypted-media; gyroscope; picture-in-picture; web-share\" referrerpolicy=\"strict-origin-when-cross-origin\" allowfullscreen><\/iframe><\/p>\n<h2 style=\"text-align: center;\"><a href=\"https:\/\/www.latelierindigo.ch\/wp-content\/uploads\/2020\/07\/Bandeau-avec-photos-pour-affiche-Copie.tif\"><img decoding=\"async\" class=\"aligncenter size-full wp-image-1434\" src=\"https:\/\/www.latelierindigo.ch\/wp-content\/uploads\/2020\/07\/Bandeau-avec-photos-pour-affiche-Copie.tif\" alt=\"\"><\/a><\/h2>\n<p>V\u00eddeo : Victoria Fankhaenel V\u00eddeo da festa da escola a 4 de maio de 2024, no Atelier Indigo<\/p>\n<p style=\"text-align: center;\"><span style=\"font-size: 18pt;\"><strong>10 anos de Atelier Indigo<\/strong><\/span><\/p>\n<p style=\"text-align: justify;\">Em junho de 2023, a Escola de Arte celebrou o seu 10.\u00ba anivers\u00e1rio na Galeria Image-In. Durante 4 dias, o p\u00fablico p\u00f4de desfrutar de uma exposi\u00e7\u00e3o gratuita baseada no tema do passado, do presente e do futuro. Abaixo encontra um v\u00eddeo de reflex\u00e3o desta magn\u00edfica celebra\u00e7\u00e3o, que reuniu mais de 101 alunos e suas fam\u00edlias, bem como outros visitantes. Alguns dos alunos acompanham as minhas aulas h\u00e1 10 anos. Estou encantada com a confian\u00e7a que demonstraram em mim e com o facto de estarem todos orgulhosos da sua forma\u00e7\u00e3o art\u00edstica. Ofere\u00e7o-lhes uma forma\u00e7\u00e3o s\u00f3lida, tanto a n\u00edvel t\u00e9cnico como de colorista, em pequenos grupos. \u00c9 uma experi\u00eancia de uni\u00e3o. Acompanhar, cuidar e ouvir cada indiv\u00edduo \u00e9 algo que \u00e9 muito importante para mim. Quanto mais conhe\u00e7o os meus alunos, mais posso antecipar e lev\u00e1-los a um patamar mais elevado ao longo dos anos. O Atelier \u00cdndigo est\u00e1 aqui para si, para muitos anos e para uma nova d\u00e9cada. Bem-vindo ao seu Atelier, onde h\u00e1 algo para todos. Sandra Kupferschmid<\/p>\n<p><iframe loading=\"lazy\" title=\"10 anos de escola\" width=\"640\" height=\"360\" src=\"https:\/\/www.youtube.com\/embed\/5q5wlWeaYIk?feature=oembed\" frameborder=\"0\" allow=\"accelerometer; autoplay; clipboard-write; encrypted-media; gyroscope; picture-in-picture; web-share\" referrerpolicy=\"strict-origin-when-cross-origin\" allowfullscreen><\/iframe><\/p>\n<p>V\u00eddeo : V\u00eddeo do 10\u00ba anivers\u00e1rio de Victoria Fankhaenel na Galerie Image-In, junho de 2023<\/p>\n<p style=\"text-align: center;\"><span style=\"font-size: 18pt;\"><strong>Programa de r\u00e1dio - Retrato de Sandra<\/strong><\/span><\/p>\n<p>Todos os interessados em saber mais sobre a sua professora de arte, Sandra Kupferschmid, podem ouvir a emiss\u00e3o de segunda-feira \u00e0 noite, 25 de fevereiro de 2024, em&nbsp;<strong><u>r\u00e1dio Unimix<\/u><\/strong>, R\u00e1dio Universit\u00e1ria de Friburgo, que entrevistou Sandra.<\/p>\n<p>Teve o prazer de ser entrevistada para um magn\u00edfico retrato de 30 minutos pela sua antiga aluna Sarah Alili de Ch\u00e2tel-St-Denis, estudante universit\u00e1ria em Friburgo e futura jornalista. Foi um grande momento de partilha entre o riso e a seriedade com grandes microfones de r\u00e1dio. Obrigado \u00e0 Sarah pelo seu profissionalismo e pelas suas perguntas de grande qualidade. Se quiser saber mais sobre a sua forma\u00e7\u00e3o, pode ouvir o programa abaixo.<\/p>\n<p><a href=\"http:\/\/soundcloud.com\/unimixfr\/dessins?utm_source=mobi&#038;utm_campaign=social_sharing\">http:\/\/soundcloud.com\/unimixfr\/dessins?utm_source=mobi&amp;utm_campaign=social_sharing<\/a><\/p>\n<p>Entrevista e montagem: Sarah Alili (Radio Unimix) - Retrato de Sandra<\/p>\n<p style=\"text-align: justify;\">&nbsp;<\/p>\n<h2>&nbsp;<\/h2>\n<p style=\"text-align: center;\">&nbsp;<\/p>","protected":false},"excerpt":{"rendered":"<p>Peguem nos vossos l\u00e1pis e pinc\u00e9is! Uma escola de Arte, Desenho e Pintura foi lan\u00e7ada a 26 de maio. <span class=\"ellipsis\">...<\/span> <span class=\"more-link-wrap\"><a href=\"https:\/\/www.latelierindigo.ch\/pt\/\" class=\"more-link\"><span>Ler mais \u2192<\/span><\/a><\/span><\/p>","protected":false},"author":1,"featured_media":0,"parent":0,"menu_order":100,"comment_status":"closed","ping_status":"closed","template":"","meta":{"ngg_post_thumbnail":0,"footnotes":""},"class_list":["post-2","page","type-page","status-publish","hentry"],"_links":{"self":[{"href":"https:\/\/www.latelierindigo.ch\/pt\/wp-json\/wp\/v2\/pages\/2","targetHints":{"allow":["GET"]}}],"collection":[{"href":"https:\/\/www.latelierindigo.ch\/pt\/wp-json\/wp\/v2\/pages"}],"about":[{"href":"https:\/\/www.latelierindigo.ch\/pt\/wp-json\/wp\/v2\/types\/page"}],"author":[{"embeddable":true,"href":"https:\/\/www.latelierindigo.ch\/pt\/wp-json\/wp\/v2\/users\/1"}],"replies":[{"embeddable":true,"href":"https:\/\/www.latelierindigo.ch\/pt\/wp-json\/wp\/v2\/comments?post=2"}],"version-history":[{"count":75,"href":"https:\/\/www.latelierindigo.ch\/pt\/wp-json\/wp\/v2\/pages\/2\/revisions"}],"predecessor-version":[{"id":2363,"href":"https:\/\/www.latelierindigo.ch\/pt\/wp-json\/wp\/v2\/pages\/2\/revisions\/2363"}],"wp:attachment":[{"href":"https:\/\/www.latelierindigo.ch\/pt\/wp-json\/wp\/v2\/media?parent=2"}],"curies":[{"name":"wp","href":"https:\/\/api.w.org\/{rel}","templated":true}]}}