{"id":28,"date":"2013-04-19T14:47:30","date_gmt":"2013-04-19T12:47:30","guid":{"rendered":"http:\/\/www.riviera-raptors.ch\/dev\/?page_id=28"},"modified":"2022-04-14T15:59:11","modified_gmt":"2022-04-14T13:59:11","slug":"les-artistes","status":"publish","type":"page","link":"https:\/\/www.latelierindigo.ch\/pt\/les-artistes\/","title":{"rendered":"Os artistas"},"content":{"rendered":"<h2 style=\"text-align: justify;\"><strong>Os grupos<\/strong><\/h2>\n<p>Na \u00c9cole d'Arts, encontrar\u00e1 pequenos grupos de artistas em tr\u00eas categorias de idade. As turmas podem acolher um m\u00e1ximo de 10 alunos, para garantir a melhor aten\u00e7\u00e3o e apoio poss\u00edvel a cada crian\u00e7a.<\/p>\n<p>Ser\u00e1 estabelecido um paralelismo com o programa de desenho no ensino prim\u00e1rio e secund\u00e1rio, para n\u00e3o voltar a temas j\u00e1 assimilados.<\/p>\n<p style=\"text-align: justify;\"><strong>6 - 7 - 8 anos de idade :<\/strong><\/p>\n<ul style=\"text-align: justify;\">\n<li>Criar as suas pr\u00f3prias cores.<\/li>\n<li>Seguindo os temas do professor e uma aula livre, regularmente sobre o tema escolhido pela crian\u00e7a.<\/li>\n<li>Introdu\u00e7\u00e3o \u00e0s diferentes t\u00e9cnicas, l\u00e1pis de cor, pastel ou neocor, guache ou acr\u00edlico, l\u00e1pis de cera, etc.<\/li>\n<li>Aproxima\u00e7\u00e3o aos diferentes planos, perspetiva.<\/li>\n<li>Escolha do papel e do efeito de moldura<\/li>\n<li>Observa\u00e7\u00e3o e estudos diversos.<\/li>\n<li>Preparar o seu dossier.<\/li>\n<\/ul>\n<p style=\"text-align: justify;\"><strong>9 - 10 - 11 anos :<\/strong><\/p>\n<ul style=\"text-align: justify;\">\n<li>Composi\u00e7\u00e3o, posicionamento do desenho, propor\u00e7\u00f5es.<\/li>\n<li>1\u00aa no\u00e7\u00e3o de perspetiva e profundidade, atrav\u00e9s do primeiro plano e do fundo.<\/li>\n<li>Seguindo os temas do professor e uma aula livre, regularmente sobre o tema escolhido pela crian\u00e7a.<\/li>\n<li>Introdu\u00e7\u00e3o \u00e0s diferentes t\u00e9cnicas, l\u00e1pis de cor, past\u00e9is ou neocores, guache ou acr\u00edlicos, l\u00e1pis com diferentes durezas de chumbo, grafite, giz sangu\u00edneo e branco, carv\u00e3o, escolha do papel...<\/li>\n<li>Observar, inventar, libertar-se.<\/li>\n<li>Abstrato ou figurativo.<\/li>\n<li>Preparar o seu dossier.<\/li>\n<\/ul>\n<p style=\"text-align: justify;\"><strong>12 - 13 - 14 anos, idem 15 - 16 - 17 anos :<\/strong><\/p>\n<ul style=\"text-align: justify;\">\n<li>Liberdade de tema, desenvolvimento da sua pr\u00f3pria investiga\u00e7\u00e3o.<\/li>\n<li>Composi\u00e7\u00e3o e propor\u00e7\u00f5es.<\/li>\n<li>Perspetiva e profundidade mais pormenorizadas.<\/li>\n<li>Reproduzir para aprender.<\/li>\n<li>Acompanhamento de alguns dos temas do professor.<\/li>\n<li>Introdu\u00e7\u00e3o \u00e0s diferentes t\u00e9cnicas, l\u00e1pis de cor, pastel, acr\u00edlico, l\u00e1pis com diferentes durezas de chumbo, grafite, sangu\u00ednea, carv\u00e3o, aguarela... \u00f3leo a pedido.<\/li>\n<li>Observar, inventar, libertar-se.<\/li>\n<li>Estudo do retrato e das m\u00e3os a l\u00e1pis ou a carv\u00e3o.<\/li>\n<li>Preparar o seu dossier.<\/li>\n<\/ul>\n<p style=\"text-align: justify;\"><strong>Adultos :<\/strong><\/p>\n<ul style=\"text-align: justify;\">\n<li>Esquece a ideia de ser adulto e ouve a tua intui\u00e7\u00e3o.<\/li>\n<li>Liberte-se e exprima-se.<\/li>\n<li>Principiantes ou avan\u00e7ados, consoante a procura.<\/li>\n<li>Estudo do esbo\u00e7o, da cor, dos meios, etc.<\/li>\n<li>Estudo do enquadramento e da apresenta\u00e7\u00e3o.<\/li>\n<li>Composi\u00e7\u00e3o, posicionamento do desenho, propor\u00e7\u00f5es.<\/li>\n<li>Perspetiva e profundidade em pormenor.<\/li>\n<li>Reproduzir estilos conforme necess\u00e1rio.<\/li>\n<li>Acompanhamento de certos temas pelo professor, se necess\u00e1rio.<\/li>\n<li>Introdu\u00e7\u00e3o a diferentes t\u00e9cnicas, l\u00e1pis de cor, pastel, acr\u00edlico, l\u00e1pis com diferentes durezas de chumbo, giz vermelho, carv\u00e3o, aguarela, \u00f3leo a pedido.<\/li>\n<li>Estudo de retrato, m\u00e3os a l\u00e1pis ou carv\u00e3o.<\/li>\n<li>Preparar o seu dossier.<\/li>\n<\/ul>","protected":false},"excerpt":{"rendered":"<p>Les groupes Au sein de cette Ecole d\u2019Arts, vous trouverez de petits groupes d\u2019artistes selon trois cat\u00e9gories d\u2019\u00e2ges. La capacit\u00e9 <span class=\"ellipsis\">...<\/span> <span class=\"more-link-wrap\"><a href=\"https:\/\/www.latelierindigo.ch\/pt\/les-artistes\/\" class=\"more-link\"><span>Ler mais \u2192<\/span><\/a><\/span><\/p>","protected":false},"author":1,"featured_media":0,"parent":0,"menu_order":300,"comment_status":"closed","ping_status":"closed","template":"","meta":{"ngg_post_thumbnail":0,"footnotes":""},"class_list":["post-28","page","type-page","status-publish","hentry"],"_links":{"self":[{"href":"https:\/\/www.latelierindigo.ch\/pt\/wp-json\/wp\/v2\/pages\/28","targetHints":{"allow":["GET"]}}],"collection":[{"href":"https:\/\/www.latelierindigo.ch\/pt\/wp-json\/wp\/v2\/pages"}],"about":[{"href":"https:\/\/www.latelierindigo.ch\/pt\/wp-json\/wp\/v2\/types\/page"}],"author":[{"embeddable":true,"href":"https:\/\/www.latelierindigo.ch\/pt\/wp-json\/wp\/v2\/users\/1"}],"replies":[{"embeddable":true,"href":"https:\/\/www.latelierindigo.ch\/pt\/wp-json\/wp\/v2\/comments?post=28"}],"version-history":[{"count":15,"href":"https:\/\/www.latelierindigo.ch\/pt\/wp-json\/wp\/v2\/pages\/28\/revisions"}],"predecessor-version":[{"id":1613,"href":"https:\/\/www.latelierindigo.ch\/pt\/wp-json\/wp\/v2\/pages\/28\/revisions\/1613"}],"wp:attachment":[{"href":"https:\/\/www.latelierindigo.ch\/pt\/wp-json\/wp\/v2\/media?parent=28"}],"curies":[{"name":"wp","href":"https:\/\/api.w.org\/{rel}","templated":true}]}}