{"id":31,"date":"2013-04-19T14:47:57","date_gmt":"2013-04-19T12:47:57","guid":{"rendered":"http:\/\/www.riviera-raptors.ch\/dev\/?page_id=31"},"modified":"2024-06-06T11:05:39","modified_gmt":"2024-06-06T09:05:39","slug":"conditions","status":"publish","type":"page","link":"https:\/\/www.latelierindigo.ch\/pt\/conditions\/","title":{"rendered":"Regras da escola"},"content":{"rendered":"<h2 style=\"text-align: justify;\"><strong>O in\u00edcio do ano<\/strong><\/h2>\n<p>No in\u00edcio do ano, cada aluno recebe uma pasta A3 para guardar os seus desenhos. Esta pasta est\u00e1 inclu\u00edda no custo das propinas e cobre igualmente o enquadramento da exposi\u00e7\u00e3o, as despesas de gest\u00e3o da escola e da exposi\u00e7\u00e3o. A pasta \u00e9 utilizada durante 3 anos; se o aluno parar ap\u00f3s 1 ou 2 anos, ser\u00e1 cobrado um suplemento de 10 francos su\u00ed\u00e7os.<\/p>\n<p>Cada participante \u00e9 informado das instru\u00e7\u00f5es de arruma\u00e7\u00e3o do material e ter\u00e1 um cuidado especial com o material posto \u00e0 disposi\u00e7\u00e3o pela escola de desenho. Cada crian\u00e7a deve arrumar o seu posto de trabalho e o seu material no final da aula. Este tempo ser\u00e1 retirado da aula, cerca de 5 a 10 minutos consoante a atividade.<\/p>\n<p>Cada aluno deve levar um par de chinelos e um avental para cada aula. Os aventais podem ser comprados diretamente na escola para crian\u00e7as e adultos. Uma camisa velha tamb\u00e9m serve, mas n\u00e3o cobre a parte de baixo das cal\u00e7as. Os aventais de algod\u00e3o bege custam CHF 15 para as crian\u00e7as at\u00e9 aos 11 anos e os aventais pretos grandes custam CHF 20 para as crian\u00e7as a partir dos 12 anos. Apenas para a prova e n\u00e3o \u00e9 obrigat\u00f3rio.<\/p>\n<h2 style=\"text-align: justify;\"><strong>Dura\u00e7\u00e3o do curso<\/strong><\/h2>\n<p>A dura\u00e7\u00e3o de um curso \u00e9 de 1 hora e 15 minutos para as crian\u00e7as, 1 hora e 30 minutos para os adolescentes e 2 horas para os adultos; este tempo \u00e9 contabilizado por semana. Os cursos decorrem durante as f\u00e9rias escolares e os feriados anuais de Friburgo. Desde 2015, est\u00e1 prevista uma semana de f\u00e9rias para a semana seguinte ao evento anual, em reconhecimento do esfor\u00e7o de montagem, desmontagem e desloca\u00e7\u00e3o dos quadros, que \u00e9 sempre anunciado no in\u00edcio do ano no s\u00edtio Web, no calend\u00e1rio das f\u00e9rias e dos feriados.<\/p>\n<p>O ano no Atelier Indigo tem a dura\u00e7\u00e3o de 10 meses, at\u00e9 ao final de junho. <strong><u>35 semanas de trabalho<\/u><\/strong>.<\/p>\n<h2 style=\"text-align: justify;\"><strong>O fim do curso<\/strong><\/h2>\n<p>Os alunos devem recolher a sua produ\u00e7\u00e3o anual e todos os seus objectos no final do ano letivo. O atelier n\u00e3o se responsabiliza por qualquer perda ou dano dos objectos pessoais ou do material deixado para tr\u00e1s.<\/p>\n<p>Tal como referido no par\u00e1grafo sobre o in\u00edcio do ano, os alunos que saem no final do ano e que s\u00f3 utilizaram o seu dossier durante um ano devem pagar 10 francos su\u00ed\u00e7os na secretaria para o recuperar. Uma vez que foi utilizado e est\u00e1 sujo, n\u00e3o pode ser devolvido \u00e0 escola.<\/p>\n<p>A escola de desenho est\u00e1 de f\u00e9rias a partir do final de junho. <u>O secretariado est\u00e1 encerrado durante o ver\u00e3o <\/u>e reabre durante o curso de ver\u00e3o, no final de agosto.<\/p>\n<h2 style=\"text-align: justify;\"><strong>Registo<\/strong><\/h2>\n<p>A inscri\u00e7\u00e3o tem a dura\u00e7\u00e3o de um ano, sujeita a disponibilidade.&nbsp;<strong>\u00c9 oficial e validado<\/strong>, A taxa de inscri\u00e7\u00e3o ser\u00e1 paga logo que o estudante se inscreva. Para as inscri\u00e7\u00f5es anuladas ou desist\u00eancias entre o final de mar\u00e7o e o final de junho ou durante o per\u00edodo de ver\u00e3o&nbsp;<strong>por uma das principais raz\u00f5es a seguir mencionadas<\/strong>, o m\u00eas de setembro e 1<sup>er<\/sup> As taxas do per\u00edodo letivo s\u00e3o devidas. A partir da\u00ed, o aluno compromete-se com a escola durante todo o ano letivo. Um dos principais motivos de desist\u00eancia de um curso \u00e9 a mudan\u00e7a de resid\u00eancia para longe, a doen\u00e7a com atestado m\u00e9dico, a separa\u00e7\u00e3o, o div\u00f3rcio ou o despedimento. O contrato de inscri\u00e7\u00e3o com a escola pode ser rescindido durante o ano, mediante prova documental. <u>com pelo menos um trimestre de anteced\u00eancia<\/u>, <u>recebidas pelo menos um m\u00eas antes do final do trimestre<\/u>. A falta de vontade n\u00e3o \u00e9 uma raz\u00e3o importante.<\/p>\n<p>As inscri\u00e7\u00f5es para novos alunos devem ser efectuadas at\u00e9 30 de junho. Se ainda houver lugares dispon\u00edveis, podem ser efectuadas novas inscri\u00e7\u00f5es durante o ano. Os alunos que j\u00e1 se inscreveram podem renovar a sua inscri\u00e7\u00e3o de ano para ano at\u00e9 ao final do ano letivo. <strong><u>30 de mar\u00e7o, o mais tardar<\/u><\/strong>, Todos os anos, deve ser preenchida uma nova ficha de inscri\u00e7\u00e3o para cada aluno. Deve ser preenchida anualmente uma nova ficha de inscri\u00e7\u00e3o para cada aluno.&nbsp;<strong>Ap\u00f3s 30 de mar\u00e7o, n\u00e3o ser\u00e1 atribu\u00eddo um lugar ao aluno se a inscri\u00e7\u00e3o n\u00e3o for apresentada durante o m\u00eas de mar\u00e7o.&nbsp;<\/strong>O per\u00edodo de 1 m\u00eas entre a lista provis\u00f3ria de estudantes enviada no in\u00edcio de mar\u00e7o e o final de mar\u00e7o permite-lhe finalizar a sua inscri\u00e7\u00e3o e ter tempo suficiente para pensar se quer continuar os seus estudos art\u00edsticos no ano seguinte, assegurando ao mesmo tempo o seu lugar.<\/p>\n<p>Registo para&nbsp;<strong>cursos de descoberta<\/strong>, Uma vez validada a ficha de inscri\u00e7\u00e3o, esta n\u00e3o pode ser anulada em caso algum, exceto se for apresentada \u00e0 dire\u00e7\u00e3o uma das raz\u00f5es principais acima mencionadas. O estudante compromete-se igualmente a respeitar as datas mencionadas ao longo do ano.<\/p>\n<p>A inscri\u00e7\u00e3o em todos os cursos est\u00e1, por conseguinte, sujeita \u00e0s seguintes condi\u00e7\u00f5es<strong><u>&nbsp;de modo algum<\/u><\/strong>&nbsp;No entanto, apenas em caso de doen\u00e7a, pode ser transferido para outro curso programado durante o ano.<\/p>\n<p>A partir de dezembro de 2022, as fam\u00edlias foram informadas de que ser\u00e1 cobrada uma taxa de 30 francos su\u00ed\u00e7os pelo primeiro aviso de pagamento para compensar o trabalho de secretariado envolvido.&nbsp;<\/p>\n<h2><strong>Per\u00edodo experimental<\/strong><\/h2>\n<p>A aceita\u00e7\u00e3o de um novo aluno \u00e9 definitiva ap\u00f3s um per\u00edodo experimental de 4 semanas em setembro, para verificar se o aluno se integra no grupo sem o perturbar e se mostra interesse pela disciplina. O novo aluno pode tamb\u00e9m desistir durante este per\u00edodo experimental.&nbsp;<strong>Por conseguinte, o per\u00edodo experimental aplica-se a <u>apenas para os novos alunos, bem como para os adolescentes que iniciam o curso de CO<\/u><\/strong>&nbsp;e, por conseguinte, est\u00e3o a sofrer muitas altera\u00e7\u00f5es.<\/p>\n<h2><strong>Aus\u00eancias e substitui\u00e7\u00f5es de cursos<\/strong><\/h2>\n<p>As faltas justificadas por telefone antes da aula podem ser substitu\u00eddas. <u>A substitui\u00e7\u00e3o deve ser solicitada pelo aluno ou pelos seus pais, <\/u>e organizadas com o professor, em fun\u00e7\u00e3o das disponibilidades dos outros grupos da mesma idade e de acordo com o hor\u00e1rio. No entanto, as aulas n\u00e3o s\u00e3o reembols\u00e1veis em caso de aus\u00eancia, e isto aplica-se a todas as categorias de alunos.<\/p>\n<p>Para as substitui\u00e7\u00f5es, os adultos poder\u00e3o fazer at\u00e9 <strong><u>4 cursos dispensados<\/u><\/strong>, Isto n\u00e3o se aplica \u00e0s pessoas em tratamento m\u00e9dico que faltam frequentemente. Depois disso, os alunos adultos perdem as aulas. Podem recuperar o atraso nas aulas semanais regulares ou nos S\u00e1bados Descobertos, consoante a disponibilidade de lugares anuais.<\/p>\n<p>Para as substitui\u00e7\u00f5es, as crian\u00e7as e os adolescentes poder\u00e3o fazer at\u00e9&nbsp;<strong><u>4 cursos dispensados<\/u><\/strong> com anteced\u00eancia, no mesmo per\u00edodo letivo em que o curso n\u00e3o foi frequentado.<\/p>\n<p>Estas medidas tiveram de ser tomadas devido ao elevado n\u00famero de faltas, algumas das quais injustificadas.<\/p>\n<p>As substitui\u00e7\u00f5es s\u00e3o sempre poss\u00edveis durante <strong><u>apenas no ano letivo em curso. As substitui\u00e7\u00f5es n\u00e3o s\u00e3o obrigat\u00f3rias; dependem de desejos e possibilidades individuais.<\/u><\/strong><\/p>\n<p>Quanto \u00e0s aulas anunciadas e marcadas como substitui\u00e7\u00f5es, organizadas pelo professor e perdidas pelo aluno, j\u00e1 n\u00e3o podem ser remarcadas.<\/p>\n<p>As aulas canceladas por motivo de doen\u00e7a do professor n\u00e3o ser\u00e3o substitu\u00eddas.<\/p>\n<h2><strong>A epidemia e a pandemia<\/strong><\/h2>\n<p>Em abril de 2020, foi criado um curso em linha, no Teams microsoft. Revelou-se eficaz para todos os alunos e proporcionou mesmo novas oportunidades de correc\u00e7\u00f5es no ecr\u00e3, uma nova abordagem. No caso de uma nova pandemia ou epidemia, o curso em linha seria considerado o equivalente a um curso presencial. Poderia come\u00e7ar muito rapidamente, sem causar qualquer dano, sem perder uma aula, uma vez que a instala\u00e7\u00e3o estaria a funcionar. N\u00e3o haveria condi\u00e7\u00f5es especiais, nem descontos, nem reembolsos, nem cancelamento de cursos durante o ano. Os alunos assumem um compromisso para o ano, de acordo com as regras, e n\u00e3o podem interromper o seu curso art\u00edstico anual. O curso em linha responde \u00e0s exig\u00eancias iniciais de um ensino semanal de qualidade e eficaz e oferece o mesmo n\u00edvel de servi\u00e7o que o curso presencial, em termos de corre\u00e7\u00e3o dos desenhos dos alunos com um bom programa que permite a cada aluno progredir. Para as pessoas que n\u00e3o conseguem instalar o Teams, a linha de apoio indigo, ser\u00e1 novamente prestada ajuda na instala\u00e7\u00e3o. O curso em linha constituiu uma oportunidade de conv\u00edvio.<\/p>\n<h2 style=\"text-align: justify;\"><strong>Direitos de imagem<\/strong><\/h2>\n<p>O Atelier \u00cdndigo utiliza fotografias ou imagens de obras de arte, numerosos livros, etc. para ensinar os seus alunos. A escola n\u00e3o se responsabiliza por c\u00f3pias de obras que possam ser promovidas em redes sociais ou sites, para venda de obras pessoais ou para publicidade. Estas refer\u00eancias de autor s\u00e3o um meio para os alunos aprenderem a desenhar ou a pintar, que devem guardar para si, em privado, para n\u00e3o encontrarem dificuldades em rela\u00e7\u00e3o ao autor da obra ou \u00e0 imagem de um fot\u00f3grafo.<\/p>\n<h2 style=\"text-align: justify;\"><strong>Acesso \u00e0 escola<\/strong><\/h2>\n<p>O Atelier Indigo informa que n\u00e3o \u00e9 permitido entrar na escola de desenho fora do hor\u00e1rio das aulas. A propriedade privada das irm\u00e3s come\u00e7a no port\u00e3o de entrada ao cimo das escadas. O acesso \u00e9 autorizado&nbsp;<strong>apenas para estudantes<\/strong>&nbsp;da escola de desenho,&nbsp;<strong>durante as aulas<\/strong>. Por conseguinte, \u00e9 ilegal ir l\u00e1 fora do hor\u00e1rio escolar. Esta nova regra aplica-se a partir de abril de 2019, na sequ\u00eancia de danos no p\u00e1tio, com pedras por todo o caminho, vidros riscados da janela, o pote da bandeira de praia cheio de pedras, batatas fritas, garrafas espalhadas, urina, etiqueta de spray, etc. Isto resulta em custos de manuten\u00e7\u00e3o adicionais que podem ser cobrados aos respons\u00e1veis se forem apanhados em flagrante. O Atelier Indigo declina qualquer responsabilidade pelos pais que n\u00e3o vigiem os seus filhos e que v\u00e3o para o parque infantil apesar das recomenda\u00e7\u00f5es.<\/p>\n<p>O Atelier Indigo foi obrigado a instalar uma c\u00e2mara de vigil\u00e2ncia no pequeno p\u00e1tio para evitar novos danos ou roubos. Neste caso, a escola poder\u00e1 apresentar uma queixa.<\/p>\n<h2 style=\"text-align: justify;\"><strong>O voo<\/strong><\/h2>\n<p>O Atelier \u00cdndigo informa que o material disponibilizado na escola de desenho \u00e9 propriedade da escola, assim como quaisquer decora\u00e7\u00f5es ou acess\u00f3rios que a\u00ed se encontrem. O Atelier registou em 2018-2019 um aumento do desaparecimento de borrachas de arquiteto, r\u00e9guas e outros bens, etc... Qualquer aluno apanhado ser\u00e1 imediatamente exclu\u00eddo da escola.<\/p>\n<h2 style=\"text-align: justify;\"><strong>A propriedade intelectual da escola de desenho<\/strong><\/h2>\n<p>O Atelier Indigo informa que qualquer pessoa que copie o programa da escola na Internet, a sua filosofia, as suas regras, etc., pode ser objeto de um processo judicial, bem como qualquer pessoa que se dedique \u00e0 espionagem de empresas, frequentando um curso ocasional ou v\u00e1rios cursos, com o objetivo de roubar informa\u00e7\u00f5es estruturais da escola de desenho ou de as transmitir a terceiros.<\/p>","protected":false},"excerpt":{"rendered":"<p>Le d\u00e9but d\u2019ann\u00e9e Chaque \u00e9l\u00e8ve re\u00e7oit un dossier A3 pour le rangement de ses dessins, en d\u00e9but d\u2019ann\u00e9e. Il est <span class=\"ellipsis\">...<\/span> <span class=\"more-link-wrap\"><a href=\"https:\/\/www.latelierindigo.ch\/pt\/conditions\/\" class=\"more-link\"><span>Ler mais \u2192<\/span><\/a><\/span><\/p>","protected":false},"author":1,"featured_media":0,"parent":0,"menu_order":450,"comment_status":"closed","ping_status":"closed","template":"","meta":{"ngg_post_thumbnail":0,"footnotes":""},"class_list":["post-31","page","type-page","status-publish","hentry"],"_links":{"self":[{"href":"https:\/\/www.latelierindigo.ch\/pt\/wp-json\/wp\/v2\/pages\/31","targetHints":{"allow":["GET"]}}],"collection":[{"href":"https:\/\/www.latelierindigo.ch\/pt\/wp-json\/wp\/v2\/pages"}],"about":[{"href":"https:\/\/www.latelierindigo.ch\/pt\/wp-json\/wp\/v2\/types\/page"}],"author":[{"embeddable":true,"href":"https:\/\/www.latelierindigo.ch\/pt\/wp-json\/wp\/v2\/users\/1"}],"replies":[{"embeddable":true,"href":"https:\/\/www.latelierindigo.ch\/pt\/wp-json\/wp\/v2\/comments?post=31"}],"version-history":[{"count":60,"href":"https:\/\/www.latelierindigo.ch\/pt\/wp-json\/wp\/v2\/pages\/31\/revisions"}],"predecessor-version":[{"id":1882,"href":"https:\/\/www.latelierindigo.ch\/pt\/wp-json\/wp\/v2\/pages\/31\/revisions\/1882"}],"wp:attachment":[{"href":"https:\/\/www.latelierindigo.ch\/pt\/wp-json\/wp\/v2\/media?parent=31"}],"curies":[{"name":"wp","href":"https:\/\/api.w.org\/{rel}","templated":true}]}}