{"id":34,"date":"2013-04-19T14:48:58","date_gmt":"2013-04-19T12:48:58","guid":{"rendered":"http:\/\/www.riviera-raptors.ch\/dev\/?page_id=34"},"modified":"2026-03-05T20:52:28","modified_gmt":"2026-03-05T19:52:28","slug":"programme","status":"publish","type":"page","link":"https:\/\/www.latelierindigo.ch\/pt\/cours\/programme\/","title":{"rendered":"O programa"},"content":{"rendered":"<h2 style=\"text-align: justify;\"><strong>Hor\u00e1rio regular do curso<\/strong><\/h2>\n<p style=\"text-align: justify;\"><strong>Segunda-feira<\/strong><\/p>\n<p>15.45 - 17.00 oficina para crian\u00e7as 6 - 7 - 8 anos<span style=\"margin-right: 0px; float: right;\">9 lugares<\/span><\/p>\n<p dir=\"ltr\">17:15 - 18:45 Oficina para adolescentes a partir dos 12 anos<span style=\"margin-right: 0px; float: right;\">&nbsp;11 lugares<\/span><\/p>\n<p style=\"text-align: justify;\"><strong>Ter\u00e7a-feira<\/strong><\/p>\n<p><span style=\"margin-right: 0px; float: right;\">9 lugares<\/span><\/p>\n<p>15.45 - 17.00 oficina para crian\u00e7as 9 - 10 - 11 anos<\/p>\n<p><span style=\"margin-right: 0px; float: right;\">11 lugares<\/span><\/p>\n<p>17:15 - 18:45 Oficina para adolescentes a partir dos 12 anos<\/p>\n<p style=\"text-align: justify;\"><strong>Quarta-feira<\/strong><\/p>\n<p>13:15 - 14:30 Oficina para crian\u00e7as 9 - 10 - 11 anos<span style=\"margin-right: 0px; float: right;\">9 lugares<\/span><\/p>\n<p style=\"text-align: justify;\"><strong>Quinta-feira<\/strong><\/p>\n<p>15.45 - 17.00 oficina para crian\u00e7as 9 - 10 -11 anos<span style=\"margin-right: 0px; float: right;\">9 lugares<\/span><\/p>\n<p>17h15 - 18h45 Ateli\u00ea para adolescentes a partir das 9h<span style=\"margin-right: 0px; float: right;\">&nbsp;11 lugares<\/span><\/p>\n<p>19:00 - 21:00 oficina para adultos <span style=\"margin-right: 0px; float: right;\">9 lugares<\/span><\/p>\n<p><strong>Sexta-feira<\/strong><\/p>\n<p>16:30 - 18:00 oficina para adolescentes a partir dos 12 anos<span style=\"margin-right: 0px; float: right;\">11 lugares<\/span><\/p>\n<p><span style=\"margin-right: 0px; float: right;\">11 lugares<\/span><\/p>\n<p>18:30 - 19:45 Oficina para adolescentes a partir dos 15 anos<\/p>\n<p style=\"text-align: justify;\">\u00c9 importante reservar o seu lugar rapidamente e no dia que mais lhe conv\u00e9m.&nbsp;<\/p>\n<h2 style=\"text-align: justify;\"><strong>Est\u00e1gios<\/strong><\/h2>\n<p style=\"text-align: justify;\">Os cursos podem ser organizados durante as f\u00e9rias escolares de cada ano, em determinadas datas, nos seguintes hor\u00e1rios: 10h-12h e 14h-16h. \u00c0 hora do almo\u00e7o, \u00e9 proposto um piquenique supervisionado para o grupo. As crian\u00e7as trazem o seu pr\u00f3prio almo\u00e7o.<\/p>\n<p style=\"text-align: justify;\">Pre\u00e7o total para 4 dias CHF 280.00 (incluindo equipamento, mas excluindo refei\u00e7\u00f5es) ou CHF 70.00 por dia para 6 horas de aulas.  Est\u00e3o dispon\u00edveis 8-10 lugares, para todas as idades a partir dos 6 anos, consoante a procura.<\/p>\n<p style=\"text-align: justify;\">Os cursos s\u00e3o confirmados logo que sejam recebidas, no m\u00ednimo, 4 inscri\u00e7\u00f5es de 8 a 10 alunos, mediante o envio antecipado de um boletim de pagamento.<\/p>\n<p>&nbsp;<\/p>\n<h1><strong>Datas previstas para a forma\u00e7\u00e3o 2025-2026<\/strong><\/h1>\n<p><strong>De segunda-feira 13 de abril a quinta-feira 16 de abril de 2026<\/strong> - curso de arquitetura n\u00edveis I, II, III, IV, V, etc...mix. projeto I: projeto para uma moradia t\u00e9rrea\/ II: projeto modelo I \/III: projeto para um hotel\/IV projeto modelo hotel-\/V projeto para uma moradia de 2 andares - suplemento para modelo de arquiteto CHF 20.-(4 dias CHF 370.- F\u00e9rias da P\u00e1scoa \/ cruzamento VD\/FR) Total com modelo CHF 390.-.<\/p>\n<p><strong>De segunda-feira 24 de agosto a quarta-feira 26 de agosto de 2026<\/strong>&nbsp;- curso gratuito de desenho e pintura - (3 dias CHF 260.-) (3 dias antes do in\u00edcio do ano letivo)<\/p>\n<h2><strong>Datas previstas para a forma\u00e7\u00e3o 2026-27<\/strong><\/h2>\n<p><strong>De segunda-feira 12 de outubro a quinta-feira 15 de outubro de 2026<\/strong>&nbsp;- curso de arquitetura n\u00edveis I, II, III, IV, V etc. misto. projeto I: projeto para uma moradia de um n\u00edvel\/ II: projeto modelo I \/III: projeto para um hotel\/IV projeto modelo hotel-\/V projeto para um centro desportivo- suplemento para modelo de arquiteto CHF 20.- (4 dias CHF 370.- f\u00e9rias de outono \/ cruzamento VD\/FR) Total com modelo CHF 390.-.<\/p>\n<p><strong>De segunda-feira 5 de abril a quinta-feira 8 de abril de 2027<\/strong>&nbsp;- curso de arquitetura n\u00edveis I, II, III, IV, V, etc...mix. projeto I: projeto para uma moradia t\u00e9rrea\/ II: projeto modelo I \/III: projeto para um hotel\/IV projeto modelo hotel-\/V projeto para uma moradia de 2 andares - suplemento para modelo de arquiteto CHF 20.- (4 dias CHF 370.- F\u00e9rias da P\u00e1scoa \/ cruzamento VD\/FR) Total com modelo CHF 390.-.<\/p>\n<p><strong>De segunda-feira 23 de agosto a quarta-feira 25 de agosto de 2027<\/strong>&nbsp;- curso gratuito de desenho e pintura - (3 dias CHF 275.-) (3 dias antes do in\u00edcio do ano letivo)<\/p>\n<h2><strong>S\u00e1bados \u00e0 descoberta para adultos<\/strong><\/h2>\n<p style=\"text-align: justify;\">Para quem quiser fazer um atelier criativo durante uma tarde inteira, das 13h30 \u00e0s 17h30, representando 2 turmas de adultos de 2 horas, esta \u00e9 uma solu\u00e7\u00e3o que pode servir a muitos criativos que n\u00e3o conseguem arranjar tempo para si pr\u00f3prios. N\u00e3o \u00e9 necess\u00e1rio ser membro do Atelier \u00cdndigo durante todo o ano para usufruir deste servi\u00e7o.<\/p>\n<p style=\"text-align: justify;\">Os ateliers Discovery s\u00e3o confirmados ap\u00f3s um m\u00ednimo de 4 inscri\u00e7\u00f5es de 8-10 alunos, mediante o envio de um boletim de pagamento antecipado. Uma inscri\u00e7\u00e3o para as 6 datas anuais permite uma redu\u00e7\u00e3o do pre\u00e7o total para 650,00 CHF em vez de 672,00 CHF. Todos os materiais est\u00e3o inclu\u00eddos, exceto as telas. Isto permite-lhe tamb\u00e9m garantir o seu lugar.<\/p>\n<p style=\"text-align: justify;\">At\u00e9 2 aulas perdidas podem ser recuperadas em aulas semanais regulares. Se faltar a mais de 2 aulas, o aluno perde as aulas perdidas.<\/p>\n<h2><strong>Datas de in\u00edcio do ano acad\u00e9mico 2025-2026<\/strong><\/h2>\n<p>S\u00e1bado, 14 de mar\u00e7o de 2026<\/p>\n<h2><strong>Datas de in\u00edcio do ano acad\u00e9mico 2026-2027<\/strong><\/h2>\n<p>S\u00e1bado, 05 de setembro de 2026<\/p>\n<p>S\u00e1bado, 03 de outubro de 2026<\/p>\n<p>S\u00e1bado, 14 de novembro de 2026<\/p>\n<p>S\u00e1bado, 16 de janeiro de 2027<\/p>\n<p>S\u00e1bado, 20 de fevereiro de 2027<\/p>\n<p>S\u00e1bado, 20 de mar\u00e7o de 2027<\/p>\n<p>&nbsp;<\/p>\n<h2><strong>Quartas-feiras \u00e0 descoberta para crian\u00e7as a partir dos 6 anos<\/strong><\/h2>\n<p style=\"text-align: justify;\">O Atelier \u00cdndigo oferece esta op\u00e7\u00e3o a todos os que queiram frequentar um atelier criativo algumas tardes por ano, das 14h45 \u00e0s 16h45, representando 2 horas de desenho ou pintura. N\u00e3o \u00e9 necess\u00e1rio ser membro do Atelier Indigo durante todo o ano para beneficiar desta op\u00e7\u00e3o. O pacote de 5 cursos deve ser efectuado no seu conjunto ao longo do ano.<\/p>\n<p style=\"text-align: justify;\">Os ateliers \u00e0 descoberta s\u00e3o confirmados ap\u00f3s um m\u00ednimo de 4 inscri\u00e7\u00f5es de 8-10 alunos, mediante o envio de um boletim de pagamento antecipado. O pre\u00e7o do pacote para as 5 datas anuais \u00e9 de 270 CHF em vez de 290 CHF. Todos os materiais est\u00e3o inclu\u00eddos, exceto as telas. Isto permite-lhe tamb\u00e9m garantir o seu lugar.<\/p>\n<p style=\"text-align: justify;\">At\u00e9 2 aulas perdidas podem ser recuperadas em aulas semanais regulares da mesma idade. Se faltarem mais de 2 aulas, as aulas faltadas ser\u00e3o perdidas.<\/p>\n<h2><strong>Datas para 2025-2026<\/strong><\/h2>\n<p>Quarta-feira, 11 de mar\u00e7o de 2026<\/p>\n<h2><strong>Datas de in\u00edcio do ano acad\u00e9mico 2026-2027<\/strong><\/h2>\n<p>Quarta-feira, 09 de setembro de 2026<\/p>\n<p>Quarta-feira, 04 de novembro de 2026<\/p>\n<p>Quarta-feira, 20 de janeiro de 2027<\/p>\n<p>Quarta-feira, 17 de fevereiro de 2027<\/p>\n<p>Quarta-feira, 17 de mar\u00e7o de 2027<\/p>\n<p>&nbsp;<\/p>\n<h2><strong> S\u00e1bados \u00e0 descoberta para adolescentes com 12 anos ou mais<\/strong><\/h2>\n<p style=\"text-align: justify;\">Se desejar participar num atelier criativo algumas tardes por ano, das 13h30 \u00e0s 17h00, representando 3 horas de desenho ou pintura e um intervalo de 30 minutos, com oferta de bolo e sumo, esta \u00e9 uma op\u00e7\u00e3o oferecida pelo Atelier \u00cdndigo. N\u00e3o \u00e9 necess\u00e1rio estar inscrito no Atelier \u00cdndigo durante todo o ano para beneficiar desta op\u00e7\u00e3o. O pacote de 3 pratos deve ser efectuado na sua totalidade durante o ano.<\/p>\n<p style=\"text-align: justify;\">As oficinas de descoberta s\u00e3o confirmadas ap\u00f3s um m\u00ednimo de 4 inscri\u00e7\u00f5es de 8 a 10 alunos, mediante o envio de um boletim de pagamento antecipado. A inscri\u00e7\u00e3o para as 3 datas anuais custa 280 CHF em vez de 300 CHF. Todos os materiais est\u00e3o inclu\u00eddos, exceto as telas. Isto permite-lhe tamb\u00e9m garantir o seu lugar.<\/p>\n<p style=\"text-align: justify;\">At\u00e9 1 aula perdida pode ser recuperada em aulas semanais regulares da mesma idade. Depois disso, o aluno perde as aulas perdidas.<\/p>\n<h2><strong>Datas para 2025-2026<\/strong><\/h2>\n<p>S\u00e1bado, 28 de mar\u00e7o de 2026<\/p>\n<h2><strong>Datas de in\u00edcio do ano acad\u00e9mico 2026-2027<\/strong><\/h2>\n<p>S\u00e1bado, 28 de novembro de 2026<\/p>\n<p>S\u00e1bado, 30 de janeiro de 2027<\/p>\n<p>S\u00e1bado, 17 de abril de 2027<\/p>\n<p>&nbsp;<\/p>\n<h2><strong>F\u00e9rias escolares e feriados em Friburgo 2025-2026<\/strong><\/h2>\n<p><strong>Datas para o in\u00edcio do ano acad\u00e9mico de 2025-2026:&nbsp;<\/strong><\/p>\n<p>F\u00e9rias de Carnaval de segunda-feira 16 de fevereiro a sexta-feira 20 de fevereiro de 2026 - regresso \u00e0s aulas 23 de fevereiro de 2026<\/p>\n<p>F\u00e9rias da P\u00e1scoa de sexta-feira 3 de abril (Sexta-feira Santa) a sexta-feira 17 de abril de 2026 - regresso \u00e0s aulas em 20 de abril de 2026<\/p>\n<p>Feriado banc\u00e1rio da Ascens\u00e3o na quinta-feira 14 de maio e na sexta-feira 15 de maio de 2026<\/p>\n<p>Festa de Pentecostes na segunda-feira, 25 de maio de 2026<\/p>\n<p>Corpus Christi na quinta-feira 4 de junho e na sexta-feira 5 de junho de 2026<\/p>\n<p><strong>Fim do ano no Atelier Indigo na sexta-feira, 19 de junho de 2026<\/strong><\/p>\n<p><strong>In\u00edcio do ano letivo Indigo 2026\/2027 na segunda-feira, 31 de agosto de 2026. In\u00edcio do ano letivo p\u00fablico na quinta-feira, 27 de agosto de 2026.<\/strong><\/p>\n<p>&nbsp;<\/p>\n<h2><strong>F\u00e9rias escolares e feriados em Friburgo 2026-2027<\/strong><\/h2>\n<p>F\u00e9rias de outono de segunda-feira 12 de outubro a sexta-feira 23 de outubro de 2026 - in\u00edcio das aulas a 26 de outubro<\/p>\n<p>Festa da Imaculada Concei\u00e7\u00e3o, ter\u00e7a-feira, 8 de dezembro de 2026<\/p>\n<p>F\u00e9rias de Natal de segunda-feira 21 de dezembro de 2026 a sexta-feira 01 de janeiro de 2027 - in\u00edcio das aulas a 04 de janeiro<\/p>\n<p>F\u00e9rias de Carnaval de segunda-feira 08 de fevereiro a sexta-feira 12 de fevereiro de 2027 - regresso \u00e0s aulas a 15 de fevereiro<\/p>\n<p>F\u00e9rias da P\u00e1scoa de sexta-feira 26 de mar\u00e7o (Sexta-feira Santa) a sexta-feira 09 de abril de 2027 - regresso \u00e0s aulas a 12 de abril<\/p>\n<p>Feriado banc\u00e1rio e dia da Ascens\u00e3o na quinta-feira 6 de maio e na sexta-feira 7 de maio de 2027<\/p>\n<p>Festa de Pentecostes na segunda-feira, 17 de maio de 2027<\/p>\n<p>Feriado banc\u00e1rio e feriado de Corpus Christi na quinta-feira 27 de maio e na sexta-feira 28 de maio de 2027<\/p>\n<p>Fim do ano no Atelier Indigo na sexta-feira, 18 de junho de 2027<\/p>\n<p>&nbsp;<\/p>\n<p><span style=\"text-decoration: underline;\"><strong>Nota<\/strong><\/span> : O 1<sup>er<\/sup> O m\u00eas de maio n\u00e3o \u00e9 considerado feriado para o Atelier Indigo, um dia arbitr\u00e1rio oferecido \u00e0s crian\u00e7as das classes prim\u00e1rias, mas n\u00e3o do CO ou do coll\u00e8ge. Desde 2013, o dia 1<sup>er<\/sup> Pode, crian\u00e7as ou adolescentes ou adultos, <u>foram sempre mantidos<\/u>, por decis\u00e3o de Sandra Kupferschmid.&nbsp;<\/p>\n<p><em><strong>O evento anual assumir\u00e1 a forma de uma casa aberta privada em 2026. Ser\u00e1 adiado e aberto ao p\u00fablico no ano letivo seguinte, e ter\u00e1 lugar em 2027.<\/strong><\/em><\/p>\n<p>&nbsp;<\/p>\n<p>&nbsp;<\/p>","protected":false},"excerpt":{"rendered":"<p>L&rsquo;horaire des cours r\u00e9guliers Lundi 15 h 45 \u2013 17 h 00 atelier enfant 6\u2013&nbsp;7 &#8211;&nbsp;8 ans9&nbsp;places 17 h&nbsp;15 \u2013 <span class=\"ellipsis\">...<\/span> <span class=\"more-link-wrap\"><a href=\"https:\/\/www.latelierindigo.ch\/pt\/cours\/programme\/\" class=\"more-link\"><span>Ler mais \u2192<\/span><\/a><\/span><\/p>","protected":false},"author":1,"featured_media":0,"parent":32,"menu_order":510,"comment_status":"closed","ping_status":"closed","template":"","meta":{"ngg_post_thumbnail":0,"footnotes":""},"class_list":["post-34","page","type-page","status-publish","hentry"],"_links":{"self":[{"href":"https:\/\/www.latelierindigo.ch\/pt\/wp-json\/wp\/v2\/pages\/34","targetHints":{"allow":["GET"]}}],"collection":[{"href":"https:\/\/www.latelierindigo.ch\/pt\/wp-json\/wp\/v2\/pages"}],"about":[{"href":"https:\/\/www.latelierindigo.ch\/pt\/wp-json\/wp\/v2\/types\/page"}],"author":[{"embeddable":true,"href":"https:\/\/www.latelierindigo.ch\/pt\/wp-json\/wp\/v2\/users\/1"}],"replies":[{"embeddable":true,"href":"https:\/\/www.latelierindigo.ch\/pt\/wp-json\/wp\/v2\/comments?post=34"}],"version-history":[{"count":223,"href":"https:\/\/www.latelierindigo.ch\/pt\/wp-json\/wp\/v2\/pages\/34\/revisions"}],"predecessor-version":[{"id":2342,"href":"https:\/\/www.latelierindigo.ch\/pt\/wp-json\/wp\/v2\/pages\/34\/revisions\/2342"}],"up":[{"embeddable":true,"href":"https:\/\/www.latelierindigo.ch\/pt\/wp-json\/wp\/v2\/pages\/32"}],"wp:attachment":[{"href":"https:\/\/www.latelierindigo.ch\/pt\/wp-json\/wp\/v2\/media?parent=34"}],"curies":[{"name":"wp","href":"https:\/\/api.w.org\/{rel}","templated":true}]}}