{"id":35,"date":"2013-04-19T14:49:13","date_gmt":"2013-04-19T12:49:13","guid":{"rendered":"http:\/\/www.riviera-raptors.ch\/dev\/?page_id=35"},"modified":"2023-02-09T17:10:10","modified_gmt":"2023-02-09T16:10:10","slug":"tarifs","status":"publish","type":"page","link":"https:\/\/www.latelierindigo.ch\/pt\/cours\/tarifs\/","title":{"rendered":"Tarifas"},"content":{"rendered":"<h2><strong>Taxas do curso<\/strong><\/h2>\n<p><strong>Crian\u00e7as<\/strong><\/p>\n<p>6 - 7 - 8 anos \/ 9 - 10 - 11 anos<\/p>\n<p>pre\u00e7o m\u00e9dio incluindo f\u00e9rias e feriados<br \/>\nLi\u00e7\u00e3o do 1S15<\/p>\n<p>Taxa mensal CHF 120.00<br \/>\nTaxa trimestral CHF 360.00<\/p>\n<p><strong>Adolescentes<\/strong><\/p>\n<p>12 - 13 - 14 anos \/ 15 - 16 - 17 anos<\/p>\n<p>pre\u00e7o m\u00e9dio incluindo f\u00e9rias e feriados<br \/>\nLi\u00e7\u00e3o 1H30<\/p>\n<p>Taxa mensal CHF 142.00<br \/>\nTaxa trimestral CHF 426.00<\/p>\n<p><strong>&nbsp;Adultos<\/strong><br \/>\npre\u00e7o m\u00e9dio incluindo f\u00e9rias e feriados<br \/>\nCurso 2H00<\/p>\n<p style=\"text-align: justify;\">Taxa mensal CHF 218,00<br \/>\nTaxa trimestral CHF 654.00<\/p>\n<p>Nestas taxas,&nbsp;<u>todo o equipamento necess\u00e1rio est\u00e1 dispon\u00edvel no local<\/u>, Todos os materiais, com exce\u00e7\u00e3o das telas e das tintas a \u00f3leo, est\u00e3o dispon\u00edveis. O resto do pequeno material, papel de desenho, cavaletes, past\u00e9is, l\u00e1pis, giz vermelho, carv\u00e3o e materiais de desenho em geral est\u00e3o dispon\u00edveis, mas devem ser tomados cuidados especiais e continuam a ser propriedade da escola.<\/p>\n<p>\u00c9 cobrada uma taxa anual de 70 francos su\u00ed\u00e7os no in\u00edcio do ano, no final de setembro, para os dossiers de apresenta\u00e7\u00e3o de cada aluno, que a escola fornecer\u00e1, bem como para a gest\u00e3o da escola e a prepara\u00e7\u00e3o da exposi\u00e7\u00e3o de fim de ano (molduras, gest\u00e3o da exposi\u00e7\u00e3o, etc.).<\/p>\n<p>A escola n\u00e3o est\u00e1 sujeita a IVA e os pre\u00e7os s\u00e3o l\u00edquidos.<\/p>","protected":false},"excerpt":{"rendered":"<p>Les tarifs des cours Enfants 6 \u2013 7 &#8211; 8 ans&nbsp; \/ 9 \u2013 10 &#8211; 11&nbsp;&nbsp; ans prix moyen <span class=\"ellipsis\">...<\/span> <span class=\"more-link-wrap\"><a href=\"https:\/\/www.latelierindigo.ch\/pt\/cours\/tarifs\/\" class=\"more-link\"><span>Ler mais \u2192<\/span><\/a><\/span><\/p>","protected":false},"author":1,"featured_media":0,"parent":32,"menu_order":520,"comment_status":"closed","ping_status":"closed","template":"","meta":{"ngg_post_thumbnail":0,"footnotes":""},"class_list":["post-35","page","type-page","status-publish","hentry"],"_links":{"self":[{"href":"https:\/\/www.latelierindigo.ch\/pt\/wp-json\/wp\/v2\/pages\/35","targetHints":{"allow":["GET"]}}],"collection":[{"href":"https:\/\/www.latelierindigo.ch\/pt\/wp-json\/wp\/v2\/pages"}],"about":[{"href":"https:\/\/www.latelierindigo.ch\/pt\/wp-json\/wp\/v2\/types\/page"}],"author":[{"embeddable":true,"href":"https:\/\/www.latelierindigo.ch\/pt\/wp-json\/wp\/v2\/users\/1"}],"replies":[{"embeddable":true,"href":"https:\/\/www.latelierindigo.ch\/pt\/wp-json\/wp\/v2\/comments?post=35"}],"version-history":[{"count":20,"href":"https:\/\/www.latelierindigo.ch\/pt\/wp-json\/wp\/v2\/pages\/35\/revisions"}],"predecessor-version":[{"id":1709,"href":"https:\/\/www.latelierindigo.ch\/pt\/wp-json\/wp\/v2\/pages\/35\/revisions\/1709"}],"up":[{"embeddable":true,"href":"https:\/\/www.latelierindigo.ch\/pt\/wp-json\/wp\/v2\/pages\/32"}],"wp:attachment":[{"href":"https:\/\/www.latelierindigo.ch\/pt\/wp-json\/wp\/v2\/media?parent=35"}],"curies":[{"name":"wp","href":"https:\/\/api.w.org\/{rel}","templated":true}]}}