{"id":36,"date":"2013-04-19T14:49:29","date_gmt":"2013-04-19T12:49:29","guid":{"rendered":"http:\/\/www.riviera-raptors.ch\/dev\/?page_id=36"},"modified":"2023-02-14T16:12:45","modified_gmt":"2023-02-14T15:12:45","slug":"reglement","status":"publish","type":"page","link":"https:\/\/www.latelierindigo.ch\/pt\/cours\/reglement\/","title":{"rendered":"Pagamentos"},"content":{"rendered":"<h2 style=\"text-align: justify;\"><strong>O procedimento<\/strong><\/h2>\n<p style=\"text-align: justify;\">O pagamento relativo a setembro deve ser efectuado at\u00e9 ao final de julho.<br \/>\nO pagamento para o per\u00edodo de outubro\/novembro\/dezembro deve ser efectuado at\u00e9 ao final de setembro.<br \/>\nO pagamento para o per\u00edodo de janeiro\/fevereiro\/mar\u00e7o deve ser efectuado at\u00e9 ao final de dezembro.<br \/>\nO pagamento para o per\u00edodo de abril\/maio\/junho deve ser efectuado at\u00e9 ao final de mar\u00e7o.<em id=\"__mceDel\"><em id=\"__mceDel\"><em id=\"__mceDel\"><em id=\"__mceDel\"><em id=\"__mceDel\"><em id=\"__mceDel\"><em id=\"__mceDel\"><em id=\"__mceDel\"><em id=\"__mceDel\"><em id=\"__mceDel\"><br \/>\n<\/em><\/em><\/em><\/em><\/em><\/em><\/em><\/em><\/em><\/em>Consequentemente, o pagamento \u00e9 efectuado durante 10 meses.<\/p>\n<p>Em caso de aviso de pagamento, ser\u00e1 cobrado um suplemento de 30 francos su\u00ed\u00e7os \u00e0 fatura inicial.<\/p>\n<p style=\"text-align: justify;\">O pagamento para setembro \u00e9 feito mensalmente. A propina de 70 francos su\u00ed\u00e7os deve ser paga no final de setembro com o 1\u00ba per\u00edodo.<\/p>\n<p><u>Gostaria de agradecer aos alunos e aos pais o facto de respeitarem os prazos de pagamento.<\/u>, O objetivo \u00e9 tamb\u00e9m assegurar que as entregas de equipamento \u00e0 oficina decorrem sem problemas e que a administra\u00e7\u00e3o funciona sem problemas.<\/p>\n<p>Est\u00e3o dispon\u00edveis redu\u00e7\u00f5es para irm\u00e3os, menos CHF 10 por m\u00eas por crian\u00e7a da mesma fam\u00edlia, exceto para os s\u00e1bados e quartas-feiras Discovery, que t\u00eam um pre\u00e7o fixo.<\/p>\n<p>As aulas n\u00e3o s\u00e3o reembols\u00e1veis em caso de aus\u00eancia.<\/p>\n<p>\u00c9 de notar que o pre\u00e7o inclui as f\u00e9rias escolares e os feriados friburguenses (anunciados no s\u00edtio Web municipal) e que, por conseguinte, alguns meses ser\u00e3o mais curtos do que outros em termos de frequ\u00eancia dos cursos, mas o pre\u00e7o permanece o mesmo, representando uma m\u00e9dia. A semana que se segue \u00e0 exposi\u00e7\u00e3o ser\u00e1 de f\u00e9rias para todos, na sequ\u00eancia dos esfor\u00e7os do professor para supervisionar, montar, desmontar, assistir, organizar e arrumar a exposi\u00e7\u00e3o.<\/p>\n<p>Em caso de desacordo, a dire\u00e7\u00e3o reserva-se o direito de excluir um aluno da escola durante o ano, se a situa\u00e7\u00e3o o exigir, no prazo de um m\u00eas.<\/p>","protected":false},"excerpt":{"rendered":"<p>La marche \u00e0 suivre Le paiement du mois de septembre devra \u00eatre effectu\u00e9 \u00e0 fin juillet. Le paiement du trimestre <span class=\"ellipsis\">...<\/span> <span class=\"more-link-wrap\"><a href=\"https:\/\/www.latelierindigo.ch\/pt\/cours\/reglement\/\" class=\"more-link\"><span>Ler mais \u2192<\/span><\/a><\/span><\/p>","protected":false},"author":1,"featured_media":0,"parent":32,"menu_order":530,"comment_status":"closed","ping_status":"closed","template":"","meta":{"ngg_post_thumbnail":0,"footnotes":""},"class_list":["post-36","page","type-page","status-publish","hentry"],"_links":{"self":[{"href":"https:\/\/www.latelierindigo.ch\/pt\/wp-json\/wp\/v2\/pages\/36","targetHints":{"allow":["GET"]}}],"collection":[{"href":"https:\/\/www.latelierindigo.ch\/pt\/wp-json\/wp\/v2\/pages"}],"about":[{"href":"https:\/\/www.latelierindigo.ch\/pt\/wp-json\/wp\/v2\/types\/page"}],"author":[{"embeddable":true,"href":"https:\/\/www.latelierindigo.ch\/pt\/wp-json\/wp\/v2\/users\/1"}],"replies":[{"embeddable":true,"href":"https:\/\/www.latelierindigo.ch\/pt\/wp-json\/wp\/v2\/comments?post=36"}],"version-history":[{"count":19,"href":"https:\/\/www.latelierindigo.ch\/pt\/wp-json\/wp\/v2\/pages\/36\/revisions"}],"predecessor-version":[{"id":1712,"href":"https:\/\/www.latelierindigo.ch\/pt\/wp-json\/wp\/v2\/pages\/36\/revisions\/1712"}],"up":[{"embeddable":true,"href":"https:\/\/www.latelierindigo.ch\/pt\/wp-json\/wp\/v2\/pages\/32"}],"wp:attachment":[{"href":"https:\/\/www.latelierindigo.ch\/pt\/wp-json\/wp\/v2\/media?parent=36"}],"curies":[{"name":"wp","href":"https:\/\/api.w.org\/{rel}","templated":true}]}}